{"id":3,"date":"2023-02-15T14:33:35","date_gmt":"2023-02-15T13:33:35","guid":{"rendered":"https:\/\/visites.caviar-de-neuvic.com\/\/?page_id=3"},"modified":"2023-03-24T15:59:12","modified_gmt":"2023-03-24T14:59:12","slug":"politique-de-confidentialite","status":"publish","type":"page","link":"https:\/\/visites.caviar-de-neuvic.com\/en\/politique-de-confidentialite\/","title":{"rendered":"Politique de confidentialit\u00e9"},"content":{"rendered":"<header class=\"page-header\">\n<h1 class=\"h1 page-title\">Confidentialit\u00e9 des donn\u00e9es<\/h1>\n<\/header>\n<section id=\"content\" class=\"page-content page-cms page-cms-39\">\n<div class=\"rte-content\">\n<p>Caviar de Neuvic\u00a0a pour ambition d\u2019\u00eatre une entreprise citoyenne exemplaire. Nous accordons une grande valeur \u00e0 l\u2019honn\u00eatet\u00e9 et \u00e0 la clart\u00e9 et avons \u00e0 c\u0153ur de construire avec nos clients des relations fortes et durables, fond\u00e9es sur la confiance et l\u2019int\u00e9r\u00eat mutuel.<\/p>\n<p>Conform\u00e9ment \u00e0 cette philosophie, la protection de vos donn\u00e9es personnelles est essentielle \u00e0 nos yeux et nous souhaitons vous informer par l\u2019interm\u00e9diaire de la pr\u00e9sente politique de protection des donn\u00e9es personnelles de la mani\u00e8re dont nous collectons et traitons ces donn\u00e9es. A moins qu\u2019un consentement expr\u00e8s ne soit requis par les lois de votre pays en mati\u00e8re de protection des donn\u00e9es personnelles, en utilisant les pr\u00e9sents Supports (tels qu\u2019ils sont d\u00e9finis ci-dessous), vous consentez \u00e0 ce que nous collections et utilisions vos donn\u00e9es personnelles de la mani\u00e8re d\u00e9crite dans la pr\u00e9sente Politique.<\/p>\n<p>\u00c0 QUOI LA PR\u00c9SENTE POLITIQUE DE PROTECTION DES DONNEES PERSONNELLES S\u2019APPLIQUE-T-ELLE ?<\/p>\n<p>La pr\u00e9sente politique de protection des donn\u00e9es personnelles s\u2019applique \u00e0 l\u2019ensemble des poinst de contact que vous utilisez avec nous (boutique, Service Client, sites internet, r\u00e9seaux sociaux, applications digitales, \u00e9v\u00e9nements).<\/p>\n<p>QUELLES DONNEES COLLECTONS-NOUS AUPR\u00c8S DE VOUS ?<\/p>\n<p>Avec votre consentement pr\u00e9alable, lorsque vous utilisez nos Supports nous sommes susceptibles de collecter et de traiter tout ou partie des donn\u00e9es suivantes : les donn\u00e9es que vous fournissez en remplissant des formulaires, en chargeant en ligne des contenus, en souscrivant \u00e0 des services en ligne (ex : applications et pages r\u00e9seaux sociaux) ou en nous adressant des correspondances : pr\u00e9nom et nom de famille ; adresse de courrier \u00e9lectronique ; sexe ; num\u00e9ro de t\u00e9l\u00e9phone ; adresse postale ; \u00e2ge\/date de naissance ; votre opinion sur nos produits ; informations de paiement (sur les Supports commerce \u00e9lectronique) ; votre historique d\u2019achats (sur les Supports commerce \u00e9lectronique) ; toute demande particuli\u00e8re que vous pourriez nous adresser (principalement pour des besoins d\u2019archivage) ; les photos ou vid\u00e9os de vous que vous souhaitez partager. Nous sommes susceptibles de vous demander de r\u00e9pondre \u00e0 des sondages que nous utilisons \u00e0 des fins scientifiques et statistiques<\/p>\n<p>COLLECTONS-NOUS VOTRE ADRESSE IP ET VOS T\u00c9MOINS DE CONNEXION (COOKIES)?<\/p>\n<p>Nous sommes susceptibles de collecter votre adresse IP et votre type de navigateur \u00e0 des fins d\u2019administration de nos syst\u00e8mes et\/ou d\u2019\u00e9tablissement de statistiques et sans identifier une quelconque autre information individuelle. Dans certains cas, nous sommes \u00e9galement susceptibles d\u2019utiliser des cookies qui correspondent \u00e0 des petits fichiers de lettres et de chiffres t\u00e9l\u00e9charg\u00e9s sur votre terminal lorsque vous acc\u00e9dez \u00e0 nos Supports. Nous utilisons principalement les cookies pour vous reconna\u00eetre lorsque vous vous connectez \u00e0 nouveau \u00e0 nos Supports et pour afficher un contenu susceptible de correspondre \u00e0 vos centres d\u2019int\u00e9r\u00eats. Les param\u00e8tres par d\u00e9faut des navigateurs internet sont habituellement r\u00e9gl\u00e9s de mani\u00e8re \u00e0 accepter les cookies, mais vous pouvez facilement changer cela en modifiant les param\u00e8tres de votre navigateur. Toutefois, veuillez noter que si vous choisissez de d\u00e9sactiver les cookies, il se peut que certaines parties de nos Supports ne soient pas accessibles.<\/p>\n<p>COMMENT UTILISONS-NOUS VOS DONN\u00c9ES PERSONNELLES ?<\/p>\n<p>Nous utilisons principalement vos donn\u00e9es personnelles dans le cadre de la gestion de nos clients \/ prospects, et notamment pour r\u00e9pondre \u00e0 vos demandes ou pour vous envoyer r\u00e9guli\u00e8rement des nouvelles et des informations sur nos produits, nos marques, nos op\u00e9rations et\/ou nos Supports susceptibles de susciter votre int\u00e9r\u00eat. Nous utilisons \u00e9galement vos donn\u00e9es pour am\u00e9liorer votre exp\u00e9rience sur nos Supports : comprendre l\u2019int\u00e9r\u00eat que vous portez \u00e0 nos Supports et \u00e0 leur contenu, g\u00e9rer votre compte en ligne, valider votre participation \u00e0 nos op\u00e9rations, traiter vos paiements, faire en sorte que nos Supports soient pr\u00e9sent\u00e9s de la mani\u00e8re qui soit la plus adapt\u00e9e \u00e0 vous et \u00e0 votre terminal, et vous prot\u00e9ger contre d\u2019\u00e9ventuelles actions frauduleuses.<\/p>\n<p>COMMENT POUVEZ-VOUS ACC\u00c9DER \u00c0 VOS DONN\u00c9ES PERSONNELLES ?<\/p>\n<p>Vous avez toujours la possibilit\u00e9 de nous contacter par courrier postal, par courrier \u00e9lectronique ou par t\u00e9l\u00e9phone (veuillez-vous reporter aux coordonn\u00e9es indiqu\u00e9es dans les conditions d\u2019utilisation des Supports que vous utilisez) pour consulter les donn\u00e9es personnelles vous concernant qui sont en notre possession. Si vous identifiez une erreur parmi ces donn\u00e9es ou si vous les jugez incompl\u00e8tes ou ambig\u00fces, vous pouvez \u00e9galement nous demander de les corriger, de les compl\u00e9ter ou de les clarifier. Vous pouvez \u00e9galement vous opposer \u00e0 ce que vos donn\u00e9es soient utilis\u00e9es \u00e0 des fins de prospection commerciale ou communiqu\u00e9es \u00e0 des tiers \u00e0 cette fin. Enfin, vous pouvez nous demander de supprimer toute donn\u00e9e personnelle qui vous concerne et que nous d\u00e9tenons. Toutefois, veuillez noter que nous sommes susceptibles de conserver une trace de vos donn\u00e9es \u00e0 des fins d\u2019archivage (en particulier lorsque la loi nous l\u2019impose).<\/p>\n<p>PARTAGEONS-NOUS VOS DONN\u00c9ES PERSONNELLES ?<\/p>\n<p>Sous r\u00e9serve de ce qui est indiqu\u00e9 dans la pr\u00e9sente politique de protection des donn\u00e9es personnelles ou \u00e0 moins que nous n\u2019ayons pr\u00e9alablement obtenu votre consentement, nous sommes susceptibles de communiquer vos donn\u00e9es personnelles avec des personnes employ\u00e9es de l&#8217;entreprise Caviar de Neuvic ou nos prestataires de services (par exemple, nos agences Web qui g\u00e8rent pour notre compte certaines op\u00e9rations en ligne) et\/ou partenaires commerciaux pour les finalit\u00e9s pr\u00e9c\u00e9demment mentionn\u00e9es, et uniquement dans la limite n\u00e9cessaire \u00e0 l\u2019accomplissement des t\u00e2ches qui leurs sont confi\u00e9es. Ces personnes pourront \u00eatre amen\u00e9es \u00e0 vous contacter directement \u00e0 partir des coordonn\u00e9es que vous nous avez communiqu\u00e9es. Veuillez noter que nous exigeons de mani\u00e8re stricte de nos prestataires de services qu\u2019ils utilisent vos donn\u00e9es personnelles uniquement pour g\u00e9rer les services que nous leur demandons de fournir. Nous demandons \u00e9galement \u00e0 ces prestataires de toujours agir en conformit\u00e9 avec les lois applicables en mati\u00e8re de protection de donn\u00e9es personnelles et d\u2019accorder une attention particuli\u00e8re \u00e0 la confidentialit\u00e9 de ces donn\u00e9es.<\/p>\n<p>O\u00d9 STOCKONS-NOUS VOS DONN\u00c9ES PERSONNELLES ?<\/p>\n<p>Vos donn\u00e9es personnelles sont stock\u00e9es soit dans nos bases de donn\u00e9es soit dans celles de nos prestataires de services. Dans certains cas, et principalement pour des raisons techniques, ces bases de donn\u00e9es peuvent \u00eatre stock\u00e9es sur des serveurs situ\u00e9s en dehors du pays (y compris en dehors de l\u2019Union europ\u00e9enne) depuis lequel vous avez initialement saisi les donn\u00e9es.<\/p>\n<p>VOS DONN\u00c9ES PERSONNELLES SONT-ELLES CONSERV\u00c9ES EN S\u00c9CURIT\u00c9 ?<\/p>\n<p>Nous avons pour objectif de toujours conserver vos donn\u00e9es personnelles de la mani\u00e8re la plus s\u00fbre et la plus s\u00e9curis\u00e9e, et uniquement pendant la dur\u00e9e n\u00e9cessaire \u00e0 la r\u00e9alisation de la finalit\u00e9 poursuivie par le traitement. Dans cette perspective, nous prenons les mesures physiques, techniques et organisationnelles appropri\u00e9es pour emp\u00eacher dans toute la mesure du possible toute alt\u00e9ration ou perte de vos donn\u00e9es ou tout acc\u00e8s non autoris\u00e9 \u00e0 celles-ci. Sur nos Supports de commerce \u00e9lectronique, nous g\u00e9rons vos informations de paiement \u00e0 l\u2019aide de m\u00e9thodes r\u00e9pondant aux normes de l\u2019industrie (telles que PCI DSS). Nous vous informons que cette politique de protection des donn\u00e9es personnelles peut \u00eatre modifi\u00e9e par nos soins. Dans ce cas, ces modifications seront consultables sur cette page.<\/p>\n<\/div>\n<\/section>\n","protected":false},"excerpt":{"rendered":"<p>Confidentialit\u00e9 des donn\u00e9es Caviar de Neuvic\u00a0a pour ambition d\u2019\u00eatre une entreprise citoyenne exemplaire. Nous accordons une grande valeur \u00e0 l\u2019honn\u00eatet\u00e9 et \u00e0 la clart\u00e9 et avons \u00e0 c\u0153ur de construire avec nos clients des relations fortes et durables, fond\u00e9es sur la confiance et l\u2019int\u00e9r\u00eat mutuel. Conform\u00e9ment \u00e0 cette philosophie, la protection de vos donn\u00e9es personnelles [&hellip;]<\/p>\n","protected":false},"author":1,"featured_media":0,"parent":0,"menu_order":0,"comment_status":"closed","ping_status":"open","template":"","meta":{"ocean_post_layout":"","ocean_both_sidebars_style":"","ocean_both_sidebars_content_width":0,"ocean_both_sidebars_sidebars_width":0,"ocean_sidebar":"0","ocean_second_sidebar":"0","ocean_disable_margins":"enable","ocean_add_body_class":"","ocean_shortcode_before_top_bar":"","ocean_shortcode_after_top_bar":"","ocean_shortcode_before_header":"","ocean_shortcode_after_header":"","ocean_has_shortcode":"","ocean_shortcode_after_title":"","ocean_shortcode_before_footer_widgets":"","ocean_shortcode_after_footer_widgets":"","ocean_shortcode_before_footer_bottom":"","ocean_shortcode_after_footer_bottom":"","ocean_display_top_bar":"default","ocean_display_header":"default","ocean_header_style":"","ocean_center_header_left_menu":"0","ocean_custom_header_template":"0","ocean_custom_logo":0,"ocean_custom_retina_logo":0,"ocean_custom_logo_max_width":0,"ocean_custom_logo_tablet_max_width":0,"ocean_custom_logo_mobile_max_width":0,"ocean_custom_logo_max_height":0,"ocean_custom_logo_tablet_max_height":0,"ocean_custom_logo_mobile_max_height":0,"ocean_header_custom_menu":"0","ocean_menu_typo_font_family":"0","ocean_menu_typo_font_subset":"","ocean_menu_typo_font_size":0,"ocean_menu_typo_font_size_tablet":0,"ocean_menu_typo_font_size_mobile":0,"ocean_menu_typo_font_size_unit":"px","ocean_menu_typo_font_weight":"","ocean_menu_typo_font_weight_tablet":"","ocean_menu_typo_font_weight_mobile":"","ocean_menu_typo_transform":"","ocean_menu_typo_transform_tablet":"","ocean_menu_typo_transform_mobile":"","ocean_menu_typo_line_height":0,"ocean_menu_typo_line_height_tablet":0,"ocean_menu_typo_line_height_mobile":0,"ocean_menu_typo_line_height_unit":"","ocean_menu_typo_spacing":0,"ocean_menu_typo_spacing_tablet":0,"ocean_menu_typo_spacing_mobile":0,"ocean_menu_typo_spacing_unit":"","ocean_menu_link_color":"","ocean_menu_link_color_hover":"","ocean_menu_link_color_active":"","ocean_menu_link_background":"","ocean_menu_link_hover_background":"","ocean_menu_link_active_background":"","ocean_menu_social_links_bg":"","ocean_menu_social_hover_links_bg":"","ocean_menu_social_links_color":"","ocean_menu_social_hover_links_color":"","ocean_disable_title":"default","ocean_disable_heading":"default","ocean_post_title":"","ocean_post_subheading":"","ocean_post_title_style":"","ocean_post_title_background_color":"","ocean_post_title_background":0,"ocean_post_title_bg_image_position":"","ocean_post_title_bg_image_attachment":"","ocean_post_title_bg_image_repeat":"","ocean_post_title_bg_image_size":"","ocean_post_title_height":0,"ocean_post_title_bg_overlay":0.5,"ocean_post_title_bg_overlay_color":"","ocean_disable_breadcrumbs":"default","ocean_breadcrumbs_color":"","ocean_breadcrumbs_separator_color":"","ocean_breadcrumbs_links_color":"","ocean_breadcrumbs_links_hover_color":"","ocean_display_footer_widgets":"default","ocean_display_footer_bottom":"default","ocean_custom_footer_template":"0","footnotes":""},"class_list":["post-3","page","type-page","status-publish","hentry","entry","owp-thumbs-layout-vertical","owp-btn-normal","owp-tabs-layout-horizontal","has-no-thumbnails"],"yoast_head":"<!-- This site is optimized with the Yoast SEO plugin v27.3 - https:\/\/yoast.com\/product\/yoast-seo-wordpress\/ -->\n<title>Politique de confidentialit\u00e9 - Caviar de Neuvic - Visites<\/title>\n<meta name=\"robots\" content=\"index, follow, max-snippet:-1, max-image-preview:large, max-video-preview:-1\" \/>\n<link rel=\"canonical\" href=\"https:\/\/visites.caviar-de-neuvic.com\/politique-de-confidentialite\/\" \/>\n<meta property=\"og:locale\" content=\"en_US\" \/>\n<meta property=\"og:type\" content=\"article\" \/>\n<meta property=\"og:title\" content=\"Politique de confidentialit\u00e9 - Caviar de Neuvic - Visites\" \/>\n<meta property=\"og:description\" content=\"Confidentialit\u00e9 des donn\u00e9es Caviar de Neuvic\u00a0a pour ambition d\u2019\u00eatre une entreprise citoyenne exemplaire. Nous accordons une grande valeur \u00e0 l\u2019honn\u00eatet\u00e9 et \u00e0 la clart\u00e9 et avons \u00e0 c\u0153ur de construire avec nos clients des relations fortes et durables, fond\u00e9es sur la confiance et l\u2019int\u00e9r\u00eat mutuel. Conform\u00e9ment \u00e0 cette philosophie, la protection de vos donn\u00e9es personnelles [&hellip;]\" \/>\n<meta property=\"og:url\" content=\"https:\/\/visites.caviar-de-neuvic.com\/politique-de-confidentialite\/\" \/>\n<meta property=\"og:site_name\" content=\"Caviar de Neuvic - Visites\" \/>\n<meta property=\"article:modified_time\" content=\"2023-03-24T14:59:12+00:00\" \/>\n<meta name=\"twitter:card\" content=\"summary_large_image\" \/>\n<meta name=\"twitter:label1\" content=\"Est. reading time\" \/>\n\t<meta name=\"twitter:data1\" content=\"6 minutes\" \/>\n<script type=\"application\/ld+json\" class=\"yoast-schema-graph\">{\"@context\":\"https:\\\/\\\/schema.org\",\"@graph\":[{\"@type\":\"WebPage\",\"@id\":\"https:\\\/\\\/visites.caviar-de-neuvic.com\\\/politique-de-confidentialite\\\/\",\"url\":\"https:\\\/\\\/visites.caviar-de-neuvic.com\\\/politique-de-confidentialite\\\/\",\"name\":\"Politique de confidentialit\u00e9 - Caviar de Neuvic - Visites\",\"isPartOf\":{\"@id\":\"https:\\\/\\\/visites.caviar-de-neuvic.com\\\/fr\\\/#website\"},\"datePublished\":\"2023-02-15T13:33:35+00:00\",\"dateModified\":\"2023-03-24T14:59:12+00:00\",\"breadcrumb\":{\"@id\":\"https:\\\/\\\/visites.caviar-de-neuvic.com\\\/politique-de-confidentialite\\\/#breadcrumb\"},\"inLanguage\":\"en-US\",\"potentialAction\":[{\"@type\":\"ReadAction\",\"target\":[\"https:\\\/\\\/visites.caviar-de-neuvic.com\\\/politique-de-confidentialite\\\/\"]}]},{\"@type\":\"BreadcrumbList\",\"@id\":\"https:\\\/\\\/visites.caviar-de-neuvic.com\\\/politique-de-confidentialite\\\/#breadcrumb\",\"itemListElement\":[{\"@type\":\"ListItem\",\"position\":1,\"name\":\"Accueil\",\"item\":\"https:\\\/\\\/visites.caviar-de-neuvic.com\\\/\"},{\"@type\":\"ListItem\",\"position\":2,\"name\":\"Politique de confidentialit\u00e9\"}]},{\"@type\":\"WebSite\",\"@id\":\"https:\\\/\\\/visites.caviar-de-neuvic.com\\\/fr\\\/#website\",\"url\":\"https:\\\/\\\/visites.caviar-de-neuvic.com\\\/fr\\\/\",\"name\":\"Caviar de Neuvic - Visites\",\"description\":\"\",\"potentialAction\":[{\"@type\":\"SearchAction\",\"target\":{\"@type\":\"EntryPoint\",\"urlTemplate\":\"https:\\\/\\\/visites.caviar-de-neuvic.com\\\/fr\\\/?s={search_term_string}\"},\"query-input\":{\"@type\":\"PropertyValueSpecification\",\"valueRequired\":true,\"valueName\":\"search_term_string\"}}],\"inLanguage\":\"en-US\"}]}<\/script>\n<!-- \/ Yoast SEO plugin. -->","yoast_head_json":{"title":"Politique de confidentialit\u00e9 - Caviar de Neuvic - Visites","robots":{"index":"index","follow":"follow","max-snippet":"max-snippet:-1","max-image-preview":"max-image-preview:large","max-video-preview":"max-video-preview:-1"},"canonical":"https:\/\/visites.caviar-de-neuvic.com\/politique-de-confidentialite\/","og_locale":"en_US","og_type":"article","og_title":"Politique de confidentialit\u00e9 - Caviar de Neuvic - Visites","og_description":"Confidentialit\u00e9 des donn\u00e9es Caviar de Neuvic\u00a0a pour ambition d\u2019\u00eatre une entreprise citoyenne exemplaire. Nous accordons une grande valeur \u00e0 l\u2019honn\u00eatet\u00e9 et \u00e0 la clart\u00e9 et avons \u00e0 c\u0153ur de construire avec nos clients des relations fortes et durables, fond\u00e9es sur la confiance et l\u2019int\u00e9r\u00eat mutuel. Conform\u00e9ment \u00e0 cette philosophie, la protection de vos donn\u00e9es personnelles [&hellip;]","og_url":"https:\/\/visites.caviar-de-neuvic.com\/politique-de-confidentialite\/","og_site_name":"Caviar de Neuvic - Visites","article_modified_time":"2023-03-24T14:59:12+00:00","twitter_card":"summary_large_image","twitter_misc":{"Est. reading time":"6 minutes"},"schema":{"@context":"https:\/\/schema.org","@graph":[{"@type":"WebPage","@id":"https:\/\/visites.caviar-de-neuvic.com\/politique-de-confidentialite\/","url":"https:\/\/visites.caviar-de-neuvic.com\/politique-de-confidentialite\/","name":"Politique de confidentialit\u00e9 - Caviar de Neuvic - Visites","isPartOf":{"@id":"https:\/\/visites.caviar-de-neuvic.com\/fr\/#website"},"datePublished":"2023-02-15T13:33:35+00:00","dateModified":"2023-03-24T14:59:12+00:00","breadcrumb":{"@id":"https:\/\/visites.caviar-de-neuvic.com\/politique-de-confidentialite\/#breadcrumb"},"inLanguage":"en-US","potentialAction":[{"@type":"ReadAction","target":["https:\/\/visites.caviar-de-neuvic.com\/politique-de-confidentialite\/"]}]},{"@type":"BreadcrumbList","@id":"https:\/\/visites.caviar-de-neuvic.com\/politique-de-confidentialite\/#breadcrumb","itemListElement":[{"@type":"ListItem","position":1,"name":"Accueil","item":"https:\/\/visites.caviar-de-neuvic.com\/"},{"@type":"ListItem","position":2,"name":"Politique de confidentialit\u00e9"}]},{"@type":"WebSite","@id":"https:\/\/visites.caviar-de-neuvic.com\/fr\/#website","url":"https:\/\/visites.caviar-de-neuvic.com\/fr\/","name":"Caviar de Neuvic - Visites","description":"","potentialAction":[{"@type":"SearchAction","target":{"@type":"EntryPoint","urlTemplate":"https:\/\/visites.caviar-de-neuvic.com\/fr\/?s={search_term_string}"},"query-input":{"@type":"PropertyValueSpecification","valueRequired":true,"valueName":"search_term_string"}}],"inLanguage":"en-US"}]}},"_links":{"self":[{"href":"https:\/\/visites.caviar-de-neuvic.com\/en\/wp-json\/wp\/v2\/pages\/3","targetHints":{"allow":["GET"]}}],"collection":[{"href":"https:\/\/visites.caviar-de-neuvic.com\/en\/wp-json\/wp\/v2\/pages"}],"about":[{"href":"https:\/\/visites.caviar-de-neuvic.com\/en\/wp-json\/wp\/v2\/types\/page"}],"author":[{"embeddable":true,"href":"https:\/\/visites.caviar-de-neuvic.com\/en\/wp-json\/wp\/v2\/users\/1"}],"replies":[{"embeddable":true,"href":"https:\/\/visites.caviar-de-neuvic.com\/en\/wp-json\/wp\/v2\/comments?post=3"}],"version-history":[{"count":1,"href":"https:\/\/visites.caviar-de-neuvic.com\/en\/wp-json\/wp\/v2\/pages\/3\/revisions"}],"predecessor-version":[{"id":1631,"href":"https:\/\/visites.caviar-de-neuvic.com\/en\/wp-json\/wp\/v2\/pages\/3\/revisions\/1631"}],"wp:attachment":[{"href":"https:\/\/visites.caviar-de-neuvic.com\/en\/wp-json\/wp\/v2\/media?parent=3"}],"curies":[{"name":"wp","href":"https:\/\/api.w.org\/{rel}","templated":true}]}}