{"id":6081,"date":"2025-01-09T16:40:50","date_gmt":"2025-01-09T15:40:50","guid":{"rendered":"https:\/\/visites.caviar-de-neuvic.com\/?page_id=6081"},"modified":"2026-02-05T11:22:10","modified_gmt":"2026-02-05T10:22:10","slug":"au-fil-de-lisle","status":"publish","type":"page","link":"https:\/\/visites.caviar-de-neuvic.com\/en\/au-fil-de-lisle\/","title":{"rendered":"Along the Isle river"},"content":{"rendered":"\t\t<div data-elementor-type=\"wp-page\" data-elementor-id=\"6081\" class=\"elementor elementor-6081\">\n\t\t\t\t\t\t<section class=\"elementor-section elementor-top-section elementor-element elementor-element-3a75f682 elementor-section-boxed elementor-section-height-default elementor-section-height-default\" data-id=\"3a75f682\" data-element_type=\"section\" data-e-type=\"section\">\n\t\t\t\t\t\t<div class=\"elementor-container elementor-column-gap-default\">\n\t\t\t\t\t<div class=\"elementor-column elementor-col-100 elementor-top-column elementor-element elementor-element-3b6c61e1\" data-id=\"3b6c61e1\" data-element_type=\"column\" data-e-type=\"column\">\n\t\t\t<div class=\"elementor-widget-wrap elementor-element-populated\">\n\t\t\t\t\t\t<div class=\"elementor-element elementor-element-55f30196 elementor-widget elementor-widget-heading\" data-id=\"55f30196\" data-element_type=\"widget\" data-e-type=\"widget\" data-widget_type=\"heading.default\">\n\t\t\t\t<div class=\"elementor-widget-container\">\n\t\t\t\t\t<h1 class=\"elementor-heading-title elementor-size-xl\">Au fil de l'Isle<\/h1>\t\t\t\t<\/div>\n\t\t\t\t<\/div>\n\t\t\t\t\t<\/div>\n\t\t<\/div>\n\t\t\t\t\t<\/div>\n\t\t<\/section>\n\t\t\t\t<section class=\"elementor-section elementor-top-section elementor-element elementor-element-3698f432 elementor-section-boxed elementor-section-height-default elementor-section-height-default\" data-id=\"3698f432\" data-element_type=\"section\" data-e-type=\"section\">\n\t\t\t\t\t\t<div class=\"elementor-container elementor-column-gap-default\">\n\t\t\t\t\t<div class=\"elementor-column elementor-col-100 elementor-top-column elementor-element elementor-element-b34ac19\" data-id=\"b34ac19\" data-element_type=\"column\" data-e-type=\"column\">\n\t\t\t<div class=\"elementor-widget-wrap elementor-element-populated\">\n\t\t\t\t\t\t<div class=\"elementor-element elementor-element-5893e38c elementor-widget elementor-widget-text-editor\" data-id=\"5893e38c\" data-element_type=\"widget\" data-e-type=\"widget\" data-widget_type=\"text-editor.default\">\n\t\t\t\t<div class=\"elementor-widget-container\">\n\t\t\t\t\t\t\t\t\t<p style=\"text-align: center;\"><span style=\"color: #c5c5c5;\"><a style=\"color: #c5c5c5;\" href=\"https:\/\/visites.caviar-de-neuvic.com\/les-formules-groupes\/\">Offres Groupes<\/a> \/ L&#8217;Esprit P\u00e9rigord \/<\/span><\/p>\t\t\t\t\t\t\t\t<\/div>\n\t\t\t\t<\/div>\n\t\t\t\t\t<\/div>\n\t\t<\/div>\n\t\t\t\t\t<\/div>\n\t\t<\/section>\n\t\t\t\t<section class=\"elementor-section elementor-top-section elementor-element elementor-element-b8f9dff elementor-section-boxed elementor-section-height-default elementor-section-height-default\" data-id=\"b8f9dff\" data-element_type=\"section\" data-e-type=\"section\">\n\t\t\t\t\t\t<div class=\"elementor-container elementor-column-gap-default\">\n\t\t\t\t\t<div class=\"elementor-column elementor-col-100 elementor-top-column elementor-element elementor-element-96953e0\" data-id=\"96953e0\" data-element_type=\"column\" data-e-type=\"column\">\n\t\t\t<div class=\"elementor-widget-wrap elementor-element-populated\">\n\t\t\t\t\t\t<div class=\"elementor-element elementor-element-116ea79 elementor-widget elementor-widget-text-editor\" data-id=\"116ea79\" data-element_type=\"widget\" data-e-type=\"widget\" data-widget_type=\"text-editor.default\">\n\t\t\t\t<div class=\"elementor-widget-container\">\n\t\t\t\t\t\t\t\t\t<h2><span style=\"color: #000000;\">Une journ\u00e9e toute en douceur au fil de l\u2019eau et des savoir-faire locaux<\/span><\/h2>\n<span style=\"color: #000000;\">Bien connu pour ses savoir-faire ancestraux, le P\u00e9rigord vous d\u00e9voilera des pratiques m\u00e9connues\nlors de cette journ\u00e9e insolite\t\t\t\t\t\t\t\t<\/div>\n\t\t\t\t<\/div>\n\t\t\t\t\t<\/div>\n\t\t<\/div>\n\t\t\t\t\t<\/div>\n\t\t<\/section>\n\t\t\t\t<section class=\"elementor-section elementor-top-section elementor-element elementor-element-2c84c53 mw750 high-responsive elementor-section-boxed elementor-section-height-default elementor-section-height-default\" data-id=\"2c84c53\" data-element_type=\"section\" data-e-type=\"section\">\n\t\t\t\t\t\t<div class=\"elementor-container elementor-column-gap-default\">\n\t\t\t\t\t<div class=\"elementor-column elementor-col-50 elementor-top-column elementor-element elementor-element-37543259\" data-id=\"37543259\" data-element_type=\"column\" data-e-type=\"column\">\n\t\t\t<div class=\"elementor-widget-wrap elementor-element-populated\">\n\t\t\t\t\t\t<div class=\"elementor-element elementor-element-bd215d6 elementor-arrows-position-inside elementor-pagination-position-outside elementor-widget elementor-widget-image-carousel\" data-id=\"bd215d6\" data-element_type=\"widget\" data-e-type=\"widget\" data-settings=\"{&quot;slides_to_show&quot;:&quot;1&quot;,&quot;navigation&quot;:&quot;both&quot;,&quot;autoplay&quot;:&quot;yes&quot;,&quot;pause_on_hover&quot;:&quot;yes&quot;,&quot;pause_on_interaction&quot;:&quot;yes&quot;,&quot;autoplay_speed&quot;:5000,&quot;infinite&quot;:&quot;yes&quot;,&quot;effect&quot;:&quot;slide&quot;,&quot;speed&quot;:500}\" data-widget_type=\"image-carousel.default\">\n\t\t\t\t<div class=\"elementor-widget-container\">\n\t\t\t\t\t\t\t<div class=\"elementor-image-carousel-wrapper swiper\" role=\"region\" aria-roledescription=\"carousel\" aria-label=\"Carrousel d\u2019images\" dir=\"ltr\">\n\t\t\t<div class=\"elementor-image-carousel swiper-wrapper\" aria-live=\"off\">\n\t\t\t\t\t\t\t\t<div class=\"swiper-slide\" role=\"group\" aria-roledescription=\"slide\" aria-label=\"1 sur 4\"><figure class=\"swiper-slide-inner\"><img decoding=\"async\" class=\"swiper-slide-image\" src=\"https:\/\/visites.caviar-de-neuvic.com\/wp-content\/uploads\/2025\/01\/le-menu-automne-2024-2.png\" alt=\"le-menu-automne-2024-2\" \/><\/figure><\/div><div class=\"swiper-slide\" role=\"group\" aria-roledescription=\"slide\" aria-label=\"2 sur 4\"><figure class=\"swiper-slide-inner\"><img decoding=\"async\" class=\"swiper-slide-image\" src=\"https:\/\/visites.caviar-de-neuvic.com\/wp-content\/uploads\/2025\/01\/au-fil-del-isle-gabarre.jpg\" alt=\"au-fil-del-isle-gabarre\" \/><\/figure><\/div><div class=\"swiper-slide\" role=\"group\" aria-roledescription=\"slide\" aria-label=\"3 sur 4\"><figure class=\"swiper-slide-inner\"><img decoding=\"async\" class=\"swiper-slide-image\" src=\"https:\/\/visites.caviar-de-neuvic.com\/wp-content\/uploads\/2025\/01\/au-fil-del-isle-4.jpg\" alt=\"Au fil de l&#039;Isle\" \/><\/figure><\/div><div class=\"swiper-slide\" role=\"group\" aria-roledescription=\"slide\" aria-label=\"4 sur 4\"><figure class=\"swiper-slide-inner\"><img decoding=\"async\" class=\"swiper-slide-image\" src=\"https:\/\/visites.caviar-de-neuvic.com\/wp-content\/uploads\/2024\/04\/isle-aux-tresors-1.jpg\" alt=\"visite du domaine\" \/><\/figure><\/div>\t\t\t<\/div>\n\t\t\t\t\t\t\t\t\t\t\t\t<div class=\"elementor-swiper-button elementor-swiper-button-prev\" role=\"button\" tabindex=\"0\">\n\t\t\t\t\t\t<i aria-hidden=\"true\" class=\"eicon-chevron-left\"><\/i>\t\t\t\t\t<\/div>\n\t\t\t\t\t<div class=\"elementor-swiper-button elementor-swiper-button-next\" role=\"button\" tabindex=\"0\">\n\t\t\t\t\t\t<i aria-hidden=\"true\" class=\"eicon-chevron-right\"><\/i>\t\t\t\t\t<\/div>\n\t\t\t\t\n\t\t\t\t\t\t\t\t\t<div class=\"swiper-pagination\"><\/div>\n\t\t\t\t\t\t\t\t\t<\/div>\n\t\t\t\t\t\t<\/div>\n\t\t\t\t<\/div>\n\t\t\t\t\t<\/div>\n\t\t<\/div>\n\t\t\t\t<div class=\"elementor-column elementor-col-50 elementor-top-column elementor-element elementor-element-9931e4d\" data-id=\"9931e4d\" data-element_type=\"column\" data-e-type=\"column\">\n\t\t\t<div class=\"elementor-widget-wrap elementor-element-populated\">\n\t\t\t\t\t\t<div class=\"elementor-element elementor-element-7e6e9f8f elementor-widget elementor-widget-text-editor\" data-id=\"7e6e9f8f\" data-element_type=\"widget\" data-e-type=\"widget\" data-widget_type=\"text-editor.default\">\n\t\t\t\t<div class=\"elementor-widget-container\">\n\t\t\t\t\t\t\t\t\t<h1><span style=\"color: #028b00;\"><strong><span style=\"font-size: 150%; color: #028b00;\">50,29\u20ac<\/span> HT \/ pers. &#8211; <span style=\"font-size: 150%;\"><span style=\"color: #028b00;\">54\u20ac<\/span> <span style=\"color: #028b00;\">TTC<\/span><\/span> \/ pers. (base 30)<\/strong><\/span><\/h1><p><span style=\"color: #000000;\">Arriv\u00e9e vers 10h,<br \/>Visite du Domaine Caviar de Neuvic, cr\u00e9ateur de caviar en P\u00e9rigord : Avant d&#8217;\u00eatre un site, le Domaine Huso est un paysage entre ciel et rivi\u00e8re qui raconte une des plus belles histoires de l&#8217;Aquitaine innovante et de la Dordogne gourmande.<br \/>Apr\u00e8s la visite de la ferme d&#8217;\u00e9levage d&#8217;esturgeons, vous aurez le privil\u00e8ge de d\u00e9guster le go\u00fbt incomparable d&#8217;un produit rare et pr\u00e9cieux : le caviar de Neuvic.<\/span><\/p><p><span style=\"color: #000000;\">12h30 &#8211; Repas du producteur : Pour exemple :<\/span><\/p><ul><li>Entr\u00e9e : Velout\u00e9 d\u2019esturgeon et sa tartine de beurre de caviar<\/li><li>Plat : Parmentier d\u2019esturgeon fum\u00e9 et sa quenelle de caviar<\/li><li>Dessert : Tartelette au chocolat caramel et noix<\/li><li>\u00bc vin de bergerac + caf\u00e9<\/li><\/ul><p><span style=\"color: #000000;\">15h00 \u2013 Promenade en gabare \u00ab Le Duellas \u00bb \u00e0 St Martial d\u2019Artenset : D\u00e9couvrez la vie des anciens bateliers mais aussi la faune et la flore des rives lors de cette balade comment\u00e9e. Vivez une exp\u00e9rience unique en P\u00e9rigord, le passage par une \u00e9cluse manuelle.<br \/><\/span><\/p><p><span style=\"color: #000000;\">D\u00e9part vers 16h30.<br \/><\/span><\/p><p><span style=\"color: #000000;\">Ce prix comprend :<br \/><\/span><\/p><ul><li><span style=\"color: #000000;\">Le repas du producteur au Caviar de Neuvic<\/span><\/li><li><span style=\"color: #000000;\">Visite &amp; d\u00e9gustation au Domaine Caviar de Neuvic<\/span><\/li><li>Promenade en gabare au Moulin du Duellas<\/li><\/ul><p><span style=\"color: #000000;\">Ce prix ne comprend pas :<br \/><\/span><\/p><ul><li><span style=\"color: #000000;\">Le transport en autocar<br \/><\/span><\/li><li><span style=\"color: #000000;\">Les d\u00e9penses personnelles<br \/><\/span><\/li><li><span style=\"color: #000000;\">Les assurances<\/span><\/li><\/ul><p><span style=\"color: #fff;\">D\u00e9part vers 16h30.<\/span><\/p>\t\t\t\t\t\t\t\t<\/div>\n\t\t\t\t<\/div>\n\t\t\t\t\t<\/div>\n\t\t<\/div>\n\t\t\t\t\t<\/div>\n\t\t<\/section>\n\t\t\t\t<section class=\"elementor-section elementor-top-section elementor-element elementor-element-d6cd325 elementor-section-boxed elementor-section-height-default elementor-section-height-default\" data-id=\"d6cd325\" data-element_type=\"section\" data-e-type=\"section\">\n\t\t\t\t\t\t<div class=\"elementor-container elementor-column-gap-default\">\n\t\t\t\t\t<div class=\"elementor-column elementor-col-100 elementor-top-column elementor-element elementor-element-270f7af\" data-id=\"270f7af\" data-element_type=\"column\" data-e-type=\"column\">\n\t\t\t<div class=\"elementor-widget-wrap elementor-element-populated\">\n\t\t\t\t\t\t<div class=\"elementor-element elementor-element-d68d4cd elementor-widget elementor-widget-html\" data-id=\"d68d4cd\" data-element_type=\"widget\" data-e-type=\"widget\" data-widget_type=\"html.default\">\n\t\t\t\t<div class=\"elementor-widget-container\">\n\t\t\t\t\t<a href=\"https:\/\/visites.caviar-de-neuvic.com\/fr\/contact\/\" style=\"color:white\"><div class=\"btn-black\">CONTACTEZ-NOUS<\/span><\/a>\t\t\t\t<\/div>\n\t\t\t\t<\/div>\n\t\t\t\t\t<\/div>\n\t\t<\/div>\n\t\t\t\t\t<\/div>\n\t\t<\/section>\n\t\t\t\t<section class=\"elementor-section elementor-top-section elementor-element elementor-element-4ef8413 elementor-section-boxed elementor-section-height-default elementor-section-height-default\" data-id=\"4ef8413\" data-element_type=\"section\" data-e-type=\"section\">\n\t\t\t\t\t\t<div class=\"elementor-container elementor-column-gap-default\">\n\t\t\t\t\t<div class=\"elementor-column elementor-col-100 elementor-top-column elementor-element elementor-element-1817e90\" data-id=\"1817e90\" data-element_type=\"column\" data-e-type=\"column\">\n\t\t\t<div class=\"elementor-widget-wrap elementor-element-populated\">\n\t\t\t\t\t\t<div class=\"elementor-element elementor-element-f687354 elementor-widget elementor-widget-text-editor\" data-id=\"f687354\" data-element_type=\"widget\" data-e-type=\"widget\" data-widget_type=\"text-editor.default\">\n\t\t\t\t<div class=\"elementor-widget-container\">\n\t\t\t\t\t\t\t\t\t<p><span style=\"color: #000000;\">Ce prix comprend :<\/span><\/p><ul><li><span style=\"color: #000000;\">Le repas du producteur au Caviar de Neuvic<\/span><\/li><li><span style=\"color: #000000;\">Visite &amp; d\u00e9gustation au Domaine Caviar de Neuvic<\/span><\/li><li><span style=\"color: #000000;\">Visite de la distillerie Clovis Reymond<\/span><\/li><\/ul><p><span style=\"color: #000000;\">Ce prix ne comprend pas :<\/span><\/p><ul><li><span style=\"color: #000000;\">Le transport en autocar<\/span><\/li><li><span style=\"color: #000000;\">Les d\u00e9penses personnelles<\/span><\/li><li><span style=\"color: #000000;\">Les assurances<\/span><\/li><\/ul>\t\t\t\t\t\t\t\t<\/div>\n\t\t\t\t<\/div>\n\t\t\t\t\t<\/div>\n\t\t<\/div>\n\t\t\t\t\t<\/div>\n\t\t<\/section>\n\t\t\t\t<\/div>\n\t\t","protected":false},"excerpt":{"rendered":"<p>Au fil de l&#8217;Isle Offres Groupes \/ L&#8217;Esprit P\u00e9rigord \/ Une journ\u00e9e toute en douceur au fil de l\u2019eau et des savoir-faire locaux Bien connu pour ses savoir-faire ancestraux, le P\u00e9rigord vous d\u00e9voilera des pratiques m\u00e9connues lors de cette journ\u00e9e insolite 50,29\u20ac HT \/ pers. &#8211; 54\u20ac TTC \/ pers. (base 30) Arriv\u00e9e vers 10h,Visite [&hellip;]<\/p>\n","protected":false},"author":2,"featured_media":0,"parent":0,"menu_order":0,"comment_status":"closed","ping_status":"closed","template":"","meta":{"ocean_post_layout":"","ocean_both_sidebars_style":"","ocean_both_sidebars_content_width":0,"ocean_both_sidebars_sidebars_width":0,"ocean_sidebar":"0","ocean_second_sidebar":"0","ocean_disable_margins":"enable","ocean_add_body_class":"","ocean_shortcode_before_top_bar":"","ocean_shortcode_after_top_bar":"","ocean_shortcode_before_header":"","ocean_shortcode_after_header":"","ocean_has_shortcode":"","ocean_shortcode_after_title":"","ocean_shortcode_before_footer_widgets":"","ocean_shortcode_after_footer_widgets":"","ocean_shortcode_before_footer_bottom":"","ocean_shortcode_after_footer_bottom":"","ocean_display_top_bar":"default","ocean_display_header":"default","ocean_header_style":"","ocean_center_header_left_menu":"0","ocean_custom_header_template":"0","ocean_custom_logo":0,"ocean_custom_retina_logo":0,"ocean_custom_logo_max_width":0,"ocean_custom_logo_tablet_max_width":0,"ocean_custom_logo_mobile_max_width":0,"ocean_custom_logo_max_height":0,"ocean_custom_logo_tablet_max_height":0,"ocean_custom_logo_mobile_max_height":0,"ocean_header_custom_menu":"0","ocean_menu_typo_font_family":"0","ocean_menu_typo_font_subset":"","ocean_menu_typo_font_size":0,"ocean_menu_typo_font_size_tablet":0,"ocean_menu_typo_font_size_mobile":0,"ocean_menu_typo_font_size_unit":"px","ocean_menu_typo_font_weight":"","ocean_menu_typo_font_weight_tablet":"","ocean_menu_typo_font_weight_mobile":"","ocean_menu_typo_transform":"","ocean_menu_typo_transform_tablet":"","ocean_menu_typo_transform_mobile":"","ocean_menu_typo_line_height":0,"ocean_menu_typo_line_height_tablet":0,"ocean_menu_typo_line_height_mobile":0,"ocean_menu_typo_line_height_unit":"","ocean_menu_typo_spacing":0,"ocean_menu_typo_spacing_tablet":0,"ocean_menu_typo_spacing_mobile":0,"ocean_menu_typo_spacing_unit":"","ocean_menu_link_color":"","ocean_menu_link_color_hover":"","ocean_menu_link_color_active":"","ocean_menu_link_background":"","ocean_menu_link_hover_background":"","ocean_menu_link_active_background":"","ocean_menu_social_links_bg":"","ocean_menu_social_hover_links_bg":"","ocean_menu_social_links_color":"","ocean_menu_social_hover_links_color":"","ocean_disable_title":"default","ocean_disable_heading":"default","ocean_post_title":"","ocean_post_subheading":"","ocean_post_title_style":"","ocean_post_title_background_color":"","ocean_post_title_background":0,"ocean_post_title_bg_image_position":"","ocean_post_title_bg_image_attachment":"","ocean_post_title_bg_image_repeat":"","ocean_post_title_bg_image_size":"","ocean_post_title_height":0,"ocean_post_title_bg_overlay":0.5,"ocean_post_title_bg_overlay_color":"","ocean_disable_breadcrumbs":"default","ocean_breadcrumbs_color":"","ocean_breadcrumbs_separator_color":"","ocean_breadcrumbs_links_color":"","ocean_breadcrumbs_links_hover_color":"","ocean_display_footer_widgets":"default","ocean_display_footer_bottom":"default","ocean_custom_footer_template":"0","footnotes":""},"class_list":["post-6081","page","type-page","status-publish","hentry","entry","owp-thumbs-layout-vertical","owp-btn-normal","owp-tabs-layout-horizontal","has-no-thumbnails"],"yoast_head":"<!-- This site is optimized with the Yoast SEO plugin v27.5 - https:\/\/yoast.com\/product\/yoast-seo-wordpress\/ -->\n<title>Along the Isle river - Caviar de Neuvic - Visites<\/title>\n<meta name=\"robots\" content=\"index, follow, max-snippet:-1, max-image-preview:large, max-video-preview:-1\" \/>\n<link rel=\"canonical\" href=\"https:\/\/visites.caviar-de-neuvic.com\/au-fil-de-lisle\/\" \/>\n<meta property=\"og:locale\" content=\"en_US\" \/>\n<meta property=\"og:type\" content=\"article\" \/>\n<meta property=\"og:title\" content=\"[:fr]Au fil de l&#039;Isle[:en]Along the Isle river[:] - Caviar de Neuvic - Visites\" \/>\n<meta property=\"og:description\" content=\"Au fil de l&#8217;Isle Offres Groupes \/ L&#8217;Esprit P\u00e9rigord \/ Une journ\u00e9e toute en douceur au fil de l\u2019eau et des savoir-faire locaux Bien connu pour ses savoir-faire ancestraux, le P\u00e9rigord vous d\u00e9voilera des pratiques m\u00e9connues lors de cette journ\u00e9e insolite 50,29\u20ac HT \/ pers. &#8211; 54\u20ac TTC \/ pers. (base 30) Arriv\u00e9e vers 10h,Visite [&hellip;]\" \/>\n<meta property=\"og:url\" content=\"https:\/\/visites.caviar-de-neuvic.com\/au-fil-de-lisle\/\" \/>\n<meta property=\"og:site_name\" content=\"Caviar de Neuvic - Visites\" \/>\n<meta property=\"article:modified_time\" content=\"2026-02-05T10:22:10+00:00\" \/>\n<meta property=\"og:image\" content=\"https:\/\/visites.caviar-de-neuvic.com\/wp-content\/uploads\/2025\/01\/le-menu-automne-2024-2.png\" \/>\n<meta name=\"twitter:card\" content=\"summary_large_image\" \/>\n<meta name=\"twitter:label1\" content=\"Est. reading time\" \/>\n\t<meta name=\"twitter:data1\" content=\"3 minutes\" \/>\n<script type=\"application\/ld+json\" class=\"yoast-schema-graph\">{\"@context\":\"https:\\\/\\\/schema.org\",\"@graph\":[{\"@type\":\"WebPage\",\"@id\":\"https:\\\/\\\/visites.caviar-de-neuvic.com\\\/au-fil-de-lisle\\\/\",\"url\":\"https:\\\/\\\/visites.caviar-de-neuvic.com\\\/au-fil-de-lisle\\\/\",\"name\":\"[:fr]Au fil de l'Isle[:en]Along the Isle river[:] - Caviar de Neuvic - Visites\",\"isPartOf\":{\"@id\":\"https:\\\/\\\/visites.caviar-de-neuvic.com\\\/fr\\\/#website\"},\"primaryImageOfPage\":{\"@id\":\"https:\\\/\\\/visites.caviar-de-neuvic.com\\\/au-fil-de-lisle\\\/#primaryimage\"},\"image\":{\"@id\":\"https:\\\/\\\/visites.caviar-de-neuvic.com\\\/au-fil-de-lisle\\\/#primaryimage\"},\"thumbnailUrl\":\"https:\\\/\\\/visites.caviar-de-neuvic.com\\\/wp-content\\\/uploads\\\/2025\\\/01\\\/le-menu-automne-2024-2.png\",\"datePublished\":\"2025-01-09T15:40:50+00:00\",\"dateModified\":\"2026-02-05T10:22:10+00:00\",\"breadcrumb\":{\"@id\":\"https:\\\/\\\/visites.caviar-de-neuvic.com\\\/au-fil-de-lisle\\\/#breadcrumb\"},\"inLanguage\":\"en-US\",\"potentialAction\":[{\"@type\":\"ReadAction\",\"target\":[\"https:\\\/\\\/visites.caviar-de-neuvic.com\\\/au-fil-de-lisle\\\/\"]}]},{\"@type\":\"ImageObject\",\"inLanguage\":\"en-US\",\"@id\":\"https:\\\/\\\/visites.caviar-de-neuvic.com\\\/au-fil-de-lisle\\\/#primaryimage\",\"url\":\"https:\\\/\\\/visites.caviar-de-neuvic.com\\\/wp-content\\\/uploads\\\/2025\\\/01\\\/le-menu-automne-2024-2.png\",\"contentUrl\":\"https:\\\/\\\/visites.caviar-de-neuvic.com\\\/wp-content\\\/uploads\\\/2025\\\/01\\\/le-menu-automne-2024-2.png\"},{\"@type\":\"BreadcrumbList\",\"@id\":\"https:\\\/\\\/visites.caviar-de-neuvic.com\\\/au-fil-de-lisle\\\/#breadcrumb\",\"itemListElement\":[{\"@type\":\"ListItem\",\"position\":1,\"name\":\"Accueil\",\"item\":\"https:\\\/\\\/visites.caviar-de-neuvic.com\\\/\"},{\"@type\":\"ListItem\",\"position\":2,\"name\":\"Au fil de l&rsquo;Isle\"}]},{\"@type\":\"WebSite\",\"@id\":\"https:\\\/\\\/visites.caviar-de-neuvic.com\\\/fr\\\/#website\",\"url\":\"https:\\\/\\\/visites.caviar-de-neuvic.com\\\/fr\\\/\",\"name\":\"Caviar de Neuvic - Visites\",\"description\":\"\",\"potentialAction\":[{\"@type\":\"SearchAction\",\"target\":{\"@type\":\"EntryPoint\",\"urlTemplate\":\"https:\\\/\\\/visites.caviar-de-neuvic.com\\\/fr\\\/?s={search_term_string}\"},\"query-input\":{\"@type\":\"PropertyValueSpecification\",\"valueRequired\":true,\"valueName\":\"search_term_string\"}}],\"inLanguage\":\"en-US\"}]}<\/script>\n<!-- \/ Yoast SEO plugin. -->","yoast_head_json":{"title":"[:fr]Au fil de l'Isle[:en]Along the Isle river[:] - Caviar de Neuvic - Visites","robots":{"index":"index","follow":"follow","max-snippet":"max-snippet:-1","max-image-preview":"max-image-preview:large","max-video-preview":"max-video-preview:-1"},"canonical":"https:\/\/visites.caviar-de-neuvic.com\/au-fil-de-lisle\/","og_locale":"en_US","og_type":"article","og_title":"[:fr]Au fil de l'Isle[:en]Along the Isle river[:] - Caviar de Neuvic - Visites","og_description":"Au fil de l&#8217;Isle Offres Groupes \/ L&#8217;Esprit P\u00e9rigord \/ Une journ\u00e9e toute en douceur au fil de l\u2019eau et des savoir-faire locaux Bien connu pour ses savoir-faire ancestraux, le P\u00e9rigord vous d\u00e9voilera des pratiques m\u00e9connues lors de cette journ\u00e9e insolite 50,29\u20ac HT \/ pers. &#8211; 54\u20ac TTC \/ pers. (base 30) Arriv\u00e9e vers 10h,Visite [&hellip;]","og_url":"https:\/\/visites.caviar-de-neuvic.com\/au-fil-de-lisle\/","og_site_name":"Caviar de Neuvic - Visites","article_modified_time":"2026-02-05T10:22:10+00:00","og_image":[{"url":"https:\/\/visites.caviar-de-neuvic.com\/wp-content\/uploads\/2025\/01\/le-menu-automne-2024-2.png","type":"","width":"","height":""}],"twitter_card":"summary_large_image","twitter_misc":{"Est. reading time":"3 minutes"},"schema":{"@context":"https:\/\/schema.org","@graph":[{"@type":"WebPage","@id":"https:\/\/visites.caviar-de-neuvic.com\/au-fil-de-lisle\/","url":"https:\/\/visites.caviar-de-neuvic.com\/au-fil-de-lisle\/","name":"[:fr]Au fil de l'Isle[:en]Along the Isle river[:] - Caviar de Neuvic - Visites","isPartOf":{"@id":"https:\/\/visites.caviar-de-neuvic.com\/fr\/#website"},"primaryImageOfPage":{"@id":"https:\/\/visites.caviar-de-neuvic.com\/au-fil-de-lisle\/#primaryimage"},"image":{"@id":"https:\/\/visites.caviar-de-neuvic.com\/au-fil-de-lisle\/#primaryimage"},"thumbnailUrl":"https:\/\/visites.caviar-de-neuvic.com\/wp-content\/uploads\/2025\/01\/le-menu-automne-2024-2.png","datePublished":"2025-01-09T15:40:50+00:00","dateModified":"2026-02-05T10:22:10+00:00","breadcrumb":{"@id":"https:\/\/visites.caviar-de-neuvic.com\/au-fil-de-lisle\/#breadcrumb"},"inLanguage":"en-US","potentialAction":[{"@type":"ReadAction","target":["https:\/\/visites.caviar-de-neuvic.com\/au-fil-de-lisle\/"]}]},{"@type":"ImageObject","inLanguage":"en-US","@id":"https:\/\/visites.caviar-de-neuvic.com\/au-fil-de-lisle\/#primaryimage","url":"https:\/\/visites.caviar-de-neuvic.com\/wp-content\/uploads\/2025\/01\/le-menu-automne-2024-2.png","contentUrl":"https:\/\/visites.caviar-de-neuvic.com\/wp-content\/uploads\/2025\/01\/le-menu-automne-2024-2.png"},{"@type":"BreadcrumbList","@id":"https:\/\/visites.caviar-de-neuvic.com\/au-fil-de-lisle\/#breadcrumb","itemListElement":[{"@type":"ListItem","position":1,"name":"Accueil","item":"https:\/\/visites.caviar-de-neuvic.com\/"},{"@type":"ListItem","position":2,"name":"Au fil de l&rsquo;Isle"}]},{"@type":"WebSite","@id":"https:\/\/visites.caviar-de-neuvic.com\/fr\/#website","url":"https:\/\/visites.caviar-de-neuvic.com\/fr\/","name":"Caviar de Neuvic - Visites","description":"","potentialAction":[{"@type":"SearchAction","target":{"@type":"EntryPoint","urlTemplate":"https:\/\/visites.caviar-de-neuvic.com\/fr\/?s={search_term_string}"},"query-input":{"@type":"PropertyValueSpecification","valueRequired":true,"valueName":"search_term_string"}}],"inLanguage":"en-US"}]}},"_links":{"self":[{"href":"https:\/\/visites.caviar-de-neuvic.com\/en\/wp-json\/wp\/v2\/pages\/6081","targetHints":{"allow":["GET"]}}],"collection":[{"href":"https:\/\/visites.caviar-de-neuvic.com\/en\/wp-json\/wp\/v2\/pages"}],"about":[{"href":"https:\/\/visites.caviar-de-neuvic.com\/en\/wp-json\/wp\/v2\/types\/page"}],"author":[{"embeddable":true,"href":"https:\/\/visites.caviar-de-neuvic.com\/en\/wp-json\/wp\/v2\/users\/2"}],"replies":[{"embeddable":true,"href":"https:\/\/visites.caviar-de-neuvic.com\/en\/wp-json\/wp\/v2\/comments?post=6081"}],"version-history":[{"count":13,"href":"https:\/\/visites.caviar-de-neuvic.com\/en\/wp-json\/wp\/v2\/pages\/6081\/revisions"}],"predecessor-version":[{"id":9302,"href":"https:\/\/visites.caviar-de-neuvic.com\/en\/wp-json\/wp\/v2\/pages\/6081\/revisions\/9302"}],"wp:attachment":[{"href":"https:\/\/visites.caviar-de-neuvic.com\/en\/wp-json\/wp\/v2\/media?parent=6081"}],"curies":[{"name":"wp","href":"https:\/\/api.w.org\/{rel}","templated":true}]}}