{"id":3461,"date":"2024-04-19T09:36:39","date_gmt":"2024-04-19T07:36:39","guid":{"rendered":"https:\/\/visites.caviar-de-neuvic.com\/?page_id=3461"},"modified":"2024-04-19T09:41:51","modified_gmt":"2024-04-19T07:41:51","slug":"groupes-enfants-scolaires","status":"publish","type":"page","link":"https:\/\/visites.caviar-de-neuvic.com\/fr\/groupes-enfants-scolaires\/","title":{"rendered":"Groupes Enfants &#038; Scolaires"},"content":{"rendered":"\t\t<div data-elementor-type=\"wp-page\" data-elementor-id=\"3461\" class=\"elementor elementor-3461\">\n\t\t\t\t\t\t<section class=\"elementor-section elementor-top-section elementor-element elementor-element-3a75f682 elementor-section-boxed elementor-section-height-default elementor-section-height-default\" data-id=\"3a75f682\" data-element_type=\"section\" data-e-type=\"section\">\n\t\t\t\t\t\t<div class=\"elementor-container elementor-column-gap-default\">\n\t\t\t\t\t<div class=\"elementor-column elementor-col-100 elementor-top-column elementor-element elementor-element-3b6c61e1\" data-id=\"3b6c61e1\" data-element_type=\"column\" data-e-type=\"column\">\n\t\t\t<div class=\"elementor-widget-wrap elementor-element-populated\">\n\t\t\t\t\t\t<div class=\"elementor-element elementor-element-55f30196 elementor-widget elementor-widget-heading\" data-id=\"55f30196\" data-element_type=\"widget\" data-e-type=\"widget\" data-widget_type=\"heading.default\">\n\t\t\t\t<div class=\"elementor-widget-container\">\n\t\t\t\t\t<h1 class=\"elementor-heading-title elementor-size-xl\">Groupes Enfants &amp; Scolaires<\/h1>\t\t\t\t<\/div>\n\t\t\t\t<\/div>\n\t\t\t\t\t<\/div>\n\t\t<\/div>\n\t\t\t\t\t<\/div>\n\t\t<\/section>\n\t\t\t\t<section class=\"elementor-section elementor-top-section elementor-element elementor-element-3698f432 elementor-section-boxed elementor-section-height-default elementor-section-height-default\" data-id=\"3698f432\" data-element_type=\"section\" data-e-type=\"section\">\n\t\t\t\t\t\t<div class=\"elementor-container elementor-column-gap-default\">\n\t\t\t\t\t<div class=\"elementor-column elementor-col-100 elementor-top-column elementor-element elementor-element-b34ac19\" data-id=\"b34ac19\" data-element_type=\"column\" data-e-type=\"column\">\n\t\t\t<div class=\"elementor-widget-wrap elementor-element-populated\">\n\t\t\t\t\t\t<div class=\"elementor-element elementor-element-5893e38c elementor-widget elementor-widget-text-editor\" data-id=\"5893e38c\" data-element_type=\"widget\" data-e-type=\"widget\" data-widget_type=\"text-editor.default\">\n\t\t\t\t<div class=\"elementor-widget-container\">\n\t\t\t\t\t\t\t\t\t<p style=\"text-align: center;\"><span style=\"color: #c5c5c5;\">Offres Groupes \/ Enfants &amp; Scolaires \/<\/span><\/p>\t\t\t\t\t\t\t\t<\/div>\n\t\t\t\t<\/div>\n\t\t\t\t\t<\/div>\n\t\t<\/div>\n\t\t\t\t\t<\/div>\n\t\t<\/section>\n\t\t\t\t<section class=\"elementor-section elementor-top-section elementor-element elementor-element-b8f9dff elementor-section-boxed elementor-section-height-default elementor-section-height-default\" data-id=\"b8f9dff\" data-element_type=\"section\" data-e-type=\"section\">\n\t\t\t\t\t\t<div class=\"elementor-container elementor-column-gap-default\">\n\t\t\t\t\t<div class=\"elementor-column elementor-col-100 elementor-top-column elementor-element elementor-element-96953e0\" data-id=\"96953e0\" data-element_type=\"column\" data-e-type=\"column\">\n\t\t\t<div class=\"elementor-widget-wrap elementor-element-populated\">\n\t\t\t\t\t\t<div class=\"elementor-element elementor-element-116ea79 elementor-widget elementor-widget-text-editor\" data-id=\"116ea79\" data-element_type=\"widget\" data-e-type=\"widget\" data-widget_type=\"text-editor.default\">\n\t\t\t\t<div class=\"elementor-widget-container\">\n\t\t\t\t\t\t\t\t\t<h2><span style=\"color: #000000;\">Une journ\u00e9e \u00e0 la d\u00e9couverte des mets d\u2019exception du P\u00e9rigord<\/span><\/h2>\n<span style=\"color: #000000;\">Plongez dans le monde incroyable des esturgeons o\u00f9 l&rsquo;aventure et\nla d\u00e9couverte r\u00e8gnent en ma\u00eetre. Le Domaine vous ouvre ses portes pour une exp\u00e9rience unique, sp\u00e9cialement con\u00e7ue pour les petits explorateurs en herbe !<\/span>\t\t\t\t\t\t\t\t<\/div>\n\t\t\t\t<\/div>\n\t\t\t\t\t<\/div>\n\t\t<\/div>\n\t\t\t\t\t<\/div>\n\t\t<\/section>\n\t\t\t\t<section class=\"elementor-section elementor-top-section elementor-element elementor-element-2c84c53 mw750 high-responsive elementor-section-boxed elementor-section-height-default elementor-section-height-default\" data-id=\"2c84c53\" data-element_type=\"section\" data-e-type=\"section\">\n\t\t\t\t\t\t<div class=\"elementor-container elementor-column-gap-default\">\n\t\t\t\t\t<div class=\"elementor-column elementor-col-50 elementor-top-column elementor-element elementor-element-37543259\" data-id=\"37543259\" data-element_type=\"column\" data-e-type=\"column\">\n\t\t\t<div class=\"elementor-widget-wrap elementor-element-populated\">\n\t\t\t\t\t\t<div class=\"elementor-element elementor-element-3856032a elementor-widget elementor-widget-image\" data-id=\"3856032a\" data-element_type=\"widget\" data-e-type=\"widget\" data-widget_type=\"image.default\">\n\t\t\t\t<div class=\"elementor-widget-container\">\n\t\t\t\t\t\t\t\t\t\t\t\t\t\t\t<img fetchpriority=\"high\" decoding=\"async\" width=\"500\" height=\"500\" src=\"https:\/\/visites.caviar-de-neuvic.com\/wp-content\/uploads\/2023\/02\/visite_initiation.png\" class=\"attachment-full size-full wp-image-500\" alt=\"visite initiation\" srcset=\"https:\/\/visites.caviar-de-neuvic.com\/wp-content\/uploads\/2023\/02\/visite_initiation.png 500w, https:\/\/visites.caviar-de-neuvic.com\/wp-content\/uploads\/2023\/02\/visite_initiation-300x300.png 300w, https:\/\/visites.caviar-de-neuvic.com\/wp-content\/uploads\/2023\/02\/visite_initiation-150x150.png 150w, https:\/\/visites.caviar-de-neuvic.com\/wp-content\/uploads\/2023\/02\/visite_initiation-100x100.png 100w\" sizes=\"(max-width: 500px) 100vw, 500px\" \/>\t\t\t\t\t\t\t\t\t\t\t\t\t\t\t<\/div>\n\t\t\t\t<\/div>\n\t\t\t\t\t<\/div>\n\t\t<\/div>\n\t\t\t\t<div class=\"elementor-column elementor-col-50 elementor-top-column elementor-element elementor-element-9931e4d\" data-id=\"9931e4d\" data-element_type=\"column\" data-e-type=\"column\">\n\t\t\t<div class=\"elementor-widget-wrap elementor-element-populated\">\n\t\t\t\t\t\t<div class=\"elementor-element elementor-element-7e6e9f8f elementor-widget elementor-widget-text-editor\" data-id=\"7e6e9f8f\" data-element_type=\"widget\" data-e-type=\"widget\" data-widget_type=\"text-editor.default\">\n\t\t\t\t<div class=\"elementor-widget-container\">\n\t\t\t\t\t\t\t\t\t<h1><span style=\"color: #028b00;\"><strong>5,6\u20ac HT \/ pax &#8211; 7\u20ac TTC \/ pax<\/strong><\/span><\/h1><p><span style=\"color: #000000;\">Exploration : Notre Domaine et les bassins regorgent de myst\u00e8res \u00e0 d\u00e9couvrir. Les enfants auront l&rsquo;occasion de se familiariser avec la faune et la flore locales, de participer \u00e0 des jeux \u00e9ducatifs et d&rsquo;observer la vie en plein air.<\/span><\/p><p><span style=\"color: #000000;\">\u2022 D\u00e9gustation Gourmande : La visite se poursuivra par une d\u00e9gustation de beurre de caviar fabriqu\u00e9 sur place dans notre laboratoire.<\/span><\/p><p><span style=\"color: #000000;\">\u2022 Chasse au Tr\u00e9sor et ateliers ludiques : Embarquez pour une aventure captivante \u00e0 travers les recoins secrets de notre domaine ! Laissez libre cours \u00e0 l&rsquo;imagination de vos petits artistes avec nos ateliers cr\u00e9atifs. Vos petits chercheurs seront accompagn\u00e9s d\u2019un livret pour d\u00e9couvrir les esturgeons et leur histoire.<\/span><\/p><p><span style=\"color: #000000;\">Ne manquez pas l&rsquo;occasion d&rsquo;offrir aux enfants une exp\u00e9rience inoubliable au coeur de la Dordogne.<\/span><\/p><p><span style=\"color: #000000;\">R\u00e9servez d\u00e8s maintenant et laissez la magie op\u00e9rer !<\/span><\/p>\t\t\t\t\t\t\t\t<\/div>\n\t\t\t\t<\/div>\n\t\t\t\t\t<\/div>\n\t\t<\/div>\n\t\t\t\t\t<\/div>\n\t\t<\/section>\n\t\t\t\t<section class=\"elementor-section elementor-top-section elementor-element elementor-element-d6cd325 elementor-section-boxed elementor-section-height-default elementor-section-height-default\" data-id=\"d6cd325\" data-element_type=\"section\" data-e-type=\"section\">\n\t\t\t\t\t\t<div class=\"elementor-container elementor-column-gap-default\">\n\t\t\t\t\t<div class=\"elementor-column elementor-col-100 elementor-top-column elementor-element elementor-element-270f7af\" data-id=\"270f7af\" data-element_type=\"column\" data-e-type=\"column\">\n\t\t\t<div class=\"elementor-widget-wrap elementor-element-populated\">\n\t\t\t\t\t\t<div class=\"elementor-element elementor-element-d68d4cd elementor-widget elementor-widget-html\" data-id=\"d68d4cd\" data-element_type=\"widget\" data-e-type=\"widget\" data-widget_type=\"html.default\">\n\t\t\t\t<div class=\"elementor-widget-container\">\n\t\t\t\t\t<a href=\"https:\/\/visites.caviar-de-neuvic.com\/fr\/contact\/\" style=\"color:white\"><div class=\"btn-black\">CONTACTEZ-NOUS<\/span><\/a>\t\t\t\t<\/div>\n\t\t\t\t<\/div>\n\t\t\t\t\t<\/div>\n\t\t<\/div>\n\t\t\t\t\t<\/div>\n\t\t<\/section>\n\t\t\t\t<section class=\"elementor-section elementor-top-section elementor-element elementor-element-4ef8413 elementor-section-boxed elementor-section-height-default elementor-section-height-default\" data-id=\"4ef8413\" data-element_type=\"section\" data-e-type=\"section\">\n\t\t\t\t\t\t<div class=\"elementor-container elementor-column-gap-default\">\n\t\t\t\t\t<div class=\"elementor-column elementor-col-100 elementor-top-column elementor-element elementor-element-1817e90\" data-id=\"1817e90\" data-element_type=\"column\" data-e-type=\"column\">\n\t\t\t<div class=\"elementor-widget-wrap elementor-element-populated\">\n\t\t\t\t\t\t<div class=\"elementor-element elementor-element-f687354 elementor-widget elementor-widget-text-editor\" data-id=\"f687354\" data-element_type=\"widget\" data-e-type=\"widget\" data-widget_type=\"text-editor.default\">\n\t\t\t\t<div class=\"elementor-widget-container\">\n\t\t\t\t\t\t\t\t\t<p><span style=\"color: #000000;\">Visite d\u20191h30 sur le Domaine avec d\u00e9gustation :<\/span><\/p><ul><li><span style=\"color: #000000;\">Visite guid\u00e9e du Domaine<\/span><\/li><li><span style=\"color: #000000;\">D\u00e9gustation de beurre de caviar<\/span><\/li><li><span style=\"color: #000000;\">Activit\u00e9s et livret<\/span><\/li><\/ul><p><span style=\"color: #000000;\">\u00a0<\/span><br \/><span style=\"color: #000000;\">Offert pour les accompagnateurs<\/span><\/p>\t\t\t\t\t\t\t\t<\/div>\n\t\t\t\t<\/div>\n\t\t\t\t\t<\/div>\n\t\t<\/div>\n\t\t\t\t\t<\/div>\n\t\t<\/section>\n\t\t\t\t<\/div>\n\t\t","protected":false},"excerpt":{"rendered":"<p>Groupes Enfants &#038; Scolaires Offres Groupes \/ Enfants &amp; Scolaires \/ Une journ\u00e9e \u00e0 la d\u00e9couverte des mets d\u2019exception du P\u00e9rigord Plongez dans le monde incroyable des esturgeons o\u00f9 l&rsquo;aventure et la d\u00e9couverte r\u00e8gnent en ma\u00eetre. Le Domaine vous ouvre ses portes pour une exp\u00e9rience unique, sp\u00e9cialement con\u00e7ue pour les petits explorateurs en herbe ! [&hellip;]<\/p>\n","protected":false},"author":2,"featured_media":0,"parent":0,"menu_order":0,"comment_status":"closed","ping_status":"closed","template":"","meta":{"ocean_post_layout":"","ocean_both_sidebars_style":"","ocean_both_sidebars_content_width":0,"ocean_both_sidebars_sidebars_width":0,"ocean_sidebar":"0","ocean_second_sidebar":"0","ocean_disable_margins":"enable","ocean_add_body_class":"","ocean_shortcode_before_top_bar":"","ocean_shortcode_after_top_bar":"","ocean_shortcode_before_header":"","ocean_shortcode_after_header":"","ocean_has_shortcode":"","ocean_shortcode_after_title":"","ocean_shortcode_before_footer_widgets":"","ocean_shortcode_after_footer_widgets":"","ocean_shortcode_before_footer_bottom":"","ocean_shortcode_after_footer_bottom":"","ocean_display_top_bar":"default","ocean_display_header":"default","ocean_header_style":"","ocean_center_header_left_menu":"0","ocean_custom_header_template":"0","ocean_custom_logo":0,"ocean_custom_retina_logo":0,"ocean_custom_logo_max_width":0,"ocean_custom_logo_tablet_max_width":0,"ocean_custom_logo_mobile_max_width":0,"ocean_custom_logo_max_height":0,"ocean_custom_logo_tablet_max_height":0,"ocean_custom_logo_mobile_max_height":0,"ocean_header_custom_menu":"0","ocean_menu_typo_font_family":"0","ocean_menu_typo_font_subset":"","ocean_menu_typo_font_size":0,"ocean_menu_typo_font_size_tablet":0,"ocean_menu_typo_font_size_mobile":0,"ocean_menu_typo_font_size_unit":"px","ocean_menu_typo_font_weight":"","ocean_menu_typo_font_weight_tablet":"","ocean_menu_typo_font_weight_mobile":"","ocean_menu_typo_transform":"","ocean_menu_typo_transform_tablet":"","ocean_menu_typo_transform_mobile":"","ocean_menu_typo_line_height":0,"ocean_menu_typo_line_height_tablet":0,"ocean_menu_typo_line_height_mobile":0,"ocean_menu_typo_line_height_unit":"","ocean_menu_typo_spacing":0,"ocean_menu_typo_spacing_tablet":0,"ocean_menu_typo_spacing_mobile":0,"ocean_menu_typo_spacing_unit":"","ocean_menu_link_color":"","ocean_menu_link_color_hover":"","ocean_menu_link_color_active":"","ocean_menu_link_background":"","ocean_menu_link_hover_background":"","ocean_menu_link_active_background":"","ocean_menu_social_links_bg":"","ocean_menu_social_hover_links_bg":"","ocean_menu_social_links_color":"","ocean_menu_social_hover_links_color":"","ocean_disable_title":"default","ocean_disable_heading":"default","ocean_post_title":"","ocean_post_subheading":"","ocean_post_title_style":"","ocean_post_title_background_color":"","ocean_post_title_background":0,"ocean_post_title_bg_image_position":"","ocean_post_title_bg_image_attachment":"","ocean_post_title_bg_image_repeat":"","ocean_post_title_bg_image_size":"","ocean_post_title_height":0,"ocean_post_title_bg_overlay":0.5,"ocean_post_title_bg_overlay_color":"","ocean_disable_breadcrumbs":"default","ocean_breadcrumbs_color":"","ocean_breadcrumbs_separator_color":"","ocean_breadcrumbs_links_color":"","ocean_breadcrumbs_links_hover_color":"","ocean_display_footer_widgets":"default","ocean_display_footer_bottom":"default","ocean_custom_footer_template":"0","footnotes":""},"class_list":["post-3461","page","type-page","status-publish","hentry","entry","owp-thumbs-layout-vertical","owp-btn-normal","owp-tabs-layout-horizontal","has-no-thumbnails"],"yoast_head":"<!-- This site is optimized with the Yoast SEO plugin v27.3 - https:\/\/yoast.com\/product\/yoast-seo-wordpress\/ -->\n<title>Groupes Enfants &amp; Scolaires - Caviar de Neuvic - Visites<\/title>\n<meta name=\"robots\" content=\"index, follow, max-snippet:-1, max-image-preview:large, max-video-preview:-1\" \/>\n<link rel=\"canonical\" href=\"https:\/\/visites.caviar-de-neuvic.com\/groupes-enfants-scolaires\/\" \/>\n<meta property=\"og:locale\" content=\"fr_FR\" \/>\n<meta property=\"og:type\" content=\"article\" \/>\n<meta property=\"og:title\" content=\"[:fr]Groupes Enfants &amp; Scolaires[:] - Caviar de Neuvic - Visites\" \/>\n<meta property=\"og:description\" content=\"Groupes Enfants &#038; Scolaires Offres Groupes \/ Enfants &amp; Scolaires \/ Une journ\u00e9e \u00e0 la d\u00e9couverte des mets d\u2019exception du P\u00e9rigord Plongez dans le monde incroyable des esturgeons o\u00f9 l&rsquo;aventure et la d\u00e9couverte r\u00e8gnent en ma\u00eetre. Le Domaine vous ouvre ses portes pour une exp\u00e9rience unique, sp\u00e9cialement con\u00e7ue pour les petits explorateurs en herbe ! [&hellip;]\" \/>\n<meta property=\"og:url\" content=\"https:\/\/visites.caviar-de-neuvic.com\/groupes-enfants-scolaires\/\" \/>\n<meta property=\"og:site_name\" content=\"Caviar de Neuvic - Visites\" \/>\n<meta property=\"article:modified_time\" content=\"2024-04-19T07:41:51+00:00\" \/>\n<meta property=\"og:image\" content=\"https:\/\/visites.caviar-de-neuvic.com\/wp-content\/uploads\/2023\/02\/visite_initiation.png\" \/>\n<meta name=\"twitter:card\" content=\"summary_large_image\" \/>\n<meta name=\"twitter:label1\" content=\"Dur\u00e9e de lecture estim\u00e9e\" \/>\n\t<meta name=\"twitter:data1\" content=\"2 minutes\" \/>\n<script type=\"application\/ld+json\" class=\"yoast-schema-graph\">{\"@context\":\"https:\\\/\\\/schema.org\",\"@graph\":[{\"@type\":\"WebPage\",\"@id\":\"https:\\\/\\\/visites.caviar-de-neuvic.com\\\/groupes-enfants-scolaires\\\/\",\"url\":\"https:\\\/\\\/visites.caviar-de-neuvic.com\\\/groupes-enfants-scolaires\\\/\",\"name\":\"[:fr]Groupes Enfants & Scolaires[:] - Caviar de Neuvic - Visites\",\"isPartOf\":{\"@id\":\"https:\\\/\\\/visites.caviar-de-neuvic.com\\\/fr\\\/#website\"},\"primaryImageOfPage\":{\"@id\":\"https:\\\/\\\/visites.caviar-de-neuvic.com\\\/groupes-enfants-scolaires\\\/#primaryimage\"},\"image\":{\"@id\":\"https:\\\/\\\/visites.caviar-de-neuvic.com\\\/groupes-enfants-scolaires\\\/#primaryimage\"},\"thumbnailUrl\":\"https:\\\/\\\/visites.caviar-de-neuvic.com\\\/wp-content\\\/uploads\\\/2023\\\/02\\\/visite_initiation.png\",\"datePublished\":\"2024-04-19T07:36:39+00:00\",\"dateModified\":\"2024-04-19T07:41:51+00:00\",\"breadcrumb\":{\"@id\":\"https:\\\/\\\/visites.caviar-de-neuvic.com\\\/groupes-enfants-scolaires\\\/#breadcrumb\"},\"inLanguage\":\"fr-FR\",\"potentialAction\":[{\"@type\":\"ReadAction\",\"target\":[\"https:\\\/\\\/visites.caviar-de-neuvic.com\\\/groupes-enfants-scolaires\\\/\"]}]},{\"@type\":\"ImageObject\",\"inLanguage\":\"fr-FR\",\"@id\":\"https:\\\/\\\/visites.caviar-de-neuvic.com\\\/groupes-enfants-scolaires\\\/#primaryimage\",\"url\":\"https:\\\/\\\/visites.caviar-de-neuvic.com\\\/wp-content\\\/uploads\\\/2023\\\/02\\\/visite_initiation.png\",\"contentUrl\":\"https:\\\/\\\/visites.caviar-de-neuvic.com\\\/wp-content\\\/uploads\\\/2023\\\/02\\\/visite_initiation.png\"},{\"@type\":\"BreadcrumbList\",\"@id\":\"https:\\\/\\\/visites.caviar-de-neuvic.com\\\/groupes-enfants-scolaires\\\/#breadcrumb\",\"itemListElement\":[{\"@type\":\"ListItem\",\"position\":1,\"name\":\"Accueil\",\"item\":\"https:\\\/\\\/visites.caviar-de-neuvic.com\\\/\"},{\"@type\":\"ListItem\",\"position\":2,\"name\":\"Groupes Enfants &#038; Scolaires\"}]},{\"@type\":\"WebSite\",\"@id\":\"https:\\\/\\\/visites.caviar-de-neuvic.com\\\/fr\\\/#website\",\"url\":\"https:\\\/\\\/visites.caviar-de-neuvic.com\\\/fr\\\/\",\"name\":\"Caviar de Neuvic - Visites\",\"description\":\"\",\"potentialAction\":[{\"@type\":\"SearchAction\",\"target\":{\"@type\":\"EntryPoint\",\"urlTemplate\":\"https:\\\/\\\/visites.caviar-de-neuvic.com\\\/fr\\\/?s={search_term_string}\"},\"query-input\":{\"@type\":\"PropertyValueSpecification\",\"valueRequired\":true,\"valueName\":\"search_term_string\"}}],\"inLanguage\":\"fr-FR\"}]}<\/script>\n<!-- \/ Yoast SEO plugin. -->","yoast_head_json":{"title":"[:fr]Groupes Enfants & Scolaires[:] - Caviar de Neuvic - Visites","robots":{"index":"index","follow":"follow","max-snippet":"max-snippet:-1","max-image-preview":"max-image-preview:large","max-video-preview":"max-video-preview:-1"},"canonical":"https:\/\/visites.caviar-de-neuvic.com\/groupes-enfants-scolaires\/","og_locale":"fr_FR","og_type":"article","og_title":"[:fr]Groupes Enfants & Scolaires[:] - Caviar de Neuvic - Visites","og_description":"Groupes Enfants &#038; Scolaires Offres Groupes \/ Enfants &amp; Scolaires \/ Une journ\u00e9e \u00e0 la d\u00e9couverte des mets d\u2019exception du P\u00e9rigord Plongez dans le monde incroyable des esturgeons o\u00f9 l&rsquo;aventure et la d\u00e9couverte r\u00e8gnent en ma\u00eetre. Le Domaine vous ouvre ses portes pour une exp\u00e9rience unique, sp\u00e9cialement con\u00e7ue pour les petits explorateurs en herbe ! [&hellip;]","og_url":"https:\/\/visites.caviar-de-neuvic.com\/groupes-enfants-scolaires\/","og_site_name":"Caviar de Neuvic - Visites","article_modified_time":"2024-04-19T07:41:51+00:00","og_image":[{"url":"https:\/\/visites.caviar-de-neuvic.com\/wp-content\/uploads\/2023\/02\/visite_initiation.png","type":"","width":"","height":""}],"twitter_card":"summary_large_image","twitter_misc":{"Dur\u00e9e de lecture estim\u00e9e":"2 minutes"},"schema":{"@context":"https:\/\/schema.org","@graph":[{"@type":"WebPage","@id":"https:\/\/visites.caviar-de-neuvic.com\/groupes-enfants-scolaires\/","url":"https:\/\/visites.caviar-de-neuvic.com\/groupes-enfants-scolaires\/","name":"[:fr]Groupes Enfants & Scolaires[:] - Caviar de Neuvic - Visites","isPartOf":{"@id":"https:\/\/visites.caviar-de-neuvic.com\/fr\/#website"},"primaryImageOfPage":{"@id":"https:\/\/visites.caviar-de-neuvic.com\/groupes-enfants-scolaires\/#primaryimage"},"image":{"@id":"https:\/\/visites.caviar-de-neuvic.com\/groupes-enfants-scolaires\/#primaryimage"},"thumbnailUrl":"https:\/\/visites.caviar-de-neuvic.com\/wp-content\/uploads\/2023\/02\/visite_initiation.png","datePublished":"2024-04-19T07:36:39+00:00","dateModified":"2024-04-19T07:41:51+00:00","breadcrumb":{"@id":"https:\/\/visites.caviar-de-neuvic.com\/groupes-enfants-scolaires\/#breadcrumb"},"inLanguage":"fr-FR","potentialAction":[{"@type":"ReadAction","target":["https:\/\/visites.caviar-de-neuvic.com\/groupes-enfants-scolaires\/"]}]},{"@type":"ImageObject","inLanguage":"fr-FR","@id":"https:\/\/visites.caviar-de-neuvic.com\/groupes-enfants-scolaires\/#primaryimage","url":"https:\/\/visites.caviar-de-neuvic.com\/wp-content\/uploads\/2023\/02\/visite_initiation.png","contentUrl":"https:\/\/visites.caviar-de-neuvic.com\/wp-content\/uploads\/2023\/02\/visite_initiation.png"},{"@type":"BreadcrumbList","@id":"https:\/\/visites.caviar-de-neuvic.com\/groupes-enfants-scolaires\/#breadcrumb","itemListElement":[{"@type":"ListItem","position":1,"name":"Accueil","item":"https:\/\/visites.caviar-de-neuvic.com\/"},{"@type":"ListItem","position":2,"name":"Groupes Enfants &#038; Scolaires"}]},{"@type":"WebSite","@id":"https:\/\/visites.caviar-de-neuvic.com\/fr\/#website","url":"https:\/\/visites.caviar-de-neuvic.com\/fr\/","name":"Caviar de Neuvic - Visites","description":"","potentialAction":[{"@type":"SearchAction","target":{"@type":"EntryPoint","urlTemplate":"https:\/\/visites.caviar-de-neuvic.com\/fr\/?s={search_term_string}"},"query-input":{"@type":"PropertyValueSpecification","valueRequired":true,"valueName":"search_term_string"}}],"inLanguage":"fr-FR"}]}},"_links":{"self":[{"href":"https:\/\/visites.caviar-de-neuvic.com\/fr\/wp-json\/wp\/v2\/pages\/3461","targetHints":{"allow":["GET"]}}],"collection":[{"href":"https:\/\/visites.caviar-de-neuvic.com\/fr\/wp-json\/wp\/v2\/pages"}],"about":[{"href":"https:\/\/visites.caviar-de-neuvic.com\/fr\/wp-json\/wp\/v2\/types\/page"}],"author":[{"embeddable":true,"href":"https:\/\/visites.caviar-de-neuvic.com\/fr\/wp-json\/wp\/v2\/users\/2"}],"replies":[{"embeddable":true,"href":"https:\/\/visites.caviar-de-neuvic.com\/fr\/wp-json\/wp\/v2\/comments?post=3461"}],"version-history":[{"count":7,"href":"https:\/\/visites.caviar-de-neuvic.com\/fr\/wp-json\/wp\/v2\/pages\/3461\/revisions"}],"predecessor-version":[{"id":3468,"href":"https:\/\/visites.caviar-de-neuvic.com\/fr\/wp-json\/wp\/v2\/pages\/3461\/revisions\/3468"}],"wp:attachment":[{"href":"https:\/\/visites.caviar-de-neuvic.com\/fr\/wp-json\/wp\/v2\/media?parent=3461"}],"curies":[{"name":"wp","href":"https:\/\/api.w.org\/{rel}","templated":true}]}}