{"id":5532,"date":"2024-11-06T13:47:20","date_gmt":"2024-11-06T12:47:20","guid":{"rendered":"https:\/\/visites.caviar-de-neuvic.com\/?page_id=5532"},"modified":"2024-11-07T10:02:51","modified_gmt":"2024-11-07T09:02:51","slug":"sejour-chateau","status":"publish","type":"page","link":"https:\/\/visites.caviar-de-neuvic.com\/fr\/sejour-chateau\/","title":{"rendered":"S\u00e9jour ch\u00e2teau"},"content":{"rendered":"\t\t<div data-elementor-type=\"wp-page\" data-elementor-id=\"5532\" class=\"elementor elementor-5532\">\n\t\t\t\t\t\t<section class=\"elementor-section elementor-top-section elementor-element elementor-element-c8279b5 experiences_vvip2 elementor-section-boxed elementor-section-height-default elementor-section-height-default\" data-id=\"c8279b5\" data-element_type=\"section\" data-e-type=\"section\">\n\t\t\t\t\t\t\t<div class=\"elementor-background-overlay\"><\/div>\n\t\t\t\t\t\t\t<div class=\"elementor-container elementor-column-gap-default\">\n\t\t\t\t\t<div class=\"elementor-column elementor-col-100 elementor-top-column elementor-element elementor-element-4e2295c\" data-id=\"4e2295c\" data-element_type=\"column\" data-e-type=\"column\">\n\t\t\t<div class=\"elementor-widget-wrap elementor-element-populated\">\n\t\t\t\t\t\t<section class=\"elementor-section elementor-inner-section elementor-element elementor-element-4261cc0 elementor-section-boxed elementor-section-height-default elementor-section-height-default\" data-id=\"4261cc0\" data-element_type=\"section\" data-e-type=\"section\">\n\t\t\t\t\t\t<div class=\"elementor-container elementor-column-gap-default\">\n\t\t\t\t\t<div class=\"elementor-column elementor-col-100 elementor-inner-column elementor-element elementor-element-8e1e414\" data-id=\"8e1e414\" data-element_type=\"column\" data-e-type=\"column\">\n\t\t\t<div class=\"elementor-widget-wrap elementor-element-populated\">\n\t\t\t\t\t\t<div class=\"elementor-element elementor-element-db95db4 elementor-widget__width-initial elementor-widget elementor-widget-text-editor\" data-id=\"db95db4\" data-element_type=\"widget\" data-e-type=\"widget\" data-widget_type=\"text-editor.default\">\n\t\t\t\t<div class=\"elementor-widget-container\">\n\t\t\t\t\t\t\t\t\t<h2>S\u00c9JOUR CH\u00c2TEAU ET CAVIAR<\/h2><p><a href=\"https:\/\/visites.caviar-de-neuvic.com\/experiences\/\">Les Exp\u00e9riences \/ S\u00e9jour Ch\u00e2teau et Caviar<\/a><\/p><p>Un s\u00e9jour insolite dans un ch\u00e2teau pendant lequel vous pourrez d\u00e9couvrir tout le savoir-faire de la fabrication du caviar : 24h dans la vie de ch\u00e2teau avant de partir \u00e0 la d\u00e9couverte du Domaine.<\/p>\t\t\t\t\t\t\t\t<\/div>\n\t\t\t\t<\/div>\n\t\t\t\t\t<\/div>\n\t\t<\/div>\n\t\t\t\t\t<\/div>\n\t\t<\/section>\n\t\t\t\t\t<\/div>\n\t\t<\/div>\n\t\t\t\t\t<\/div>\n\t\t<\/section>\n\t\t\t\t<section class=\"elementor-section elementor-top-section elementor-element elementor-element-445be1d elementor-section-boxed elementor-section-height-default elementor-section-height-default\" data-id=\"445be1d\" data-element_type=\"section\" data-e-type=\"section\">\n\t\t\t\t\t\t<div class=\"elementor-container elementor-column-gap-default\">\n\t\t\t\t\t<div class=\"elementor-column elementor-col-100 elementor-top-column elementor-element elementor-element-a9e2e69\" data-id=\"a9e2e69\" data-element_type=\"column\" data-e-type=\"column\">\n\t\t\t<div class=\"elementor-widget-wrap elementor-element-populated\">\n\t\t\t\t\t\t<div class=\"elementor-element elementor-element-6663b58 elementor-widget elementor-widget-text-editor\" data-id=\"6663b58\" data-element_type=\"widget\" data-e-type=\"widget\" data-widget_type=\"text-editor.default\">\n\t\t\t\t<div class=\"elementor-widget-container\">\n\t\t\t\t\t\t\t\t\t<h2>UN S\u00c9JOUR INSOLITE AU C\u0152UR DU P\u00c9RIGORD : CH\u00c2TEAU ET CAVIAR<\/h2><p>Vous logerez dans un des Ch\u00e2teaux partenaires o\u00f9 vous pourrez s\u00e9journez en demi-pension durant une nuit. Le soir de votre arriv\u00e9e, vous d\u00e9couvrirez une cuisine p\u00e9rigourdine remise au go\u00fbt du jour avec des produits locaux, notamment le Caviar de Neuvic. D\u00e8s le lendemain vous serez pr\u00eats \u00e0 visiter notre Domaine et apprendre tous les secrets de la fabrication du caviar : Baignade avec les esturgeons sans oublier une d\u00e9gustation Master class pour cl\u00f4turer cette parenth\u00e8se idyllique.<\/p>\t\t\t\t\t\t\t\t<\/div>\n\t\t\t\t<\/div>\n\t\t\t\t\t<\/div>\n\t\t<\/div>\n\t\t\t\t\t<\/div>\n\t\t<\/section>\n\t\t\t\t<section class=\"elementor-section elementor-top-section elementor-element elementor-element-75c4998 elementor-section-boxed elementor-section-height-default elementor-section-height-default\" data-id=\"75c4998\" data-element_type=\"section\" data-e-type=\"section\">\n\t\t\t\t\t\t<div class=\"elementor-container elementor-column-gap-default\">\n\t\t\t\t\t<div class=\"elementor-column elementor-col-50 elementor-top-column elementor-element elementor-element-f69ff4d\" data-id=\"f69ff4d\" data-element_type=\"column\" data-e-type=\"column\">\n\t\t\t<div class=\"elementor-widget-wrap elementor-element-populated\">\n\t\t\t\t\t\t<div class=\"elementor-element elementor-element-48104ff elementor-position-top elementor-widget elementor-widget-image-box\" data-id=\"48104ff\" data-element_type=\"widget\" data-e-type=\"widget\" data-widget_type=\"image-box.default\">\n\t\t\t\t<div class=\"elementor-widget-container\">\n\t\t\t\t\t<div class=\"elementor-image-box-wrapper\"><figure class=\"elementor-image-box-img\"><a href=\"https:\/\/visites.caviar-de-neuvic.com\/fr\/produit\/sejour-chateau-et-caviar\/\" tabindex=\"-1\"><img decoding=\"async\" src=\"https:\/\/visites.caviar-de-neuvic.com\/wp-content\/uploads\/elementor\/thumbs\/experience_chateau-1-qgpf8tc40wuw5rgrr4fjx6vgdm7prbq8fgzmc5rers.jpg\" title=\"experience_chateau-1\" alt=\"experience_chateau-1\" loading=\"lazy\" \/><\/a><\/figure><div class=\"elementor-image-box-content\"><h3 class=\"elementor-image-box-title\"><a href=\"https:\/\/visites.caviar-de-neuvic.com\/fr\/produit\/sejour-chateau-et-caviar\/\">Ch\u00e2teau de la Thuili\u00e8re<\/a><\/h3><p class=\"elementor-image-box-description\"><p style=\"text-align:justify!important\">Vous logerez au Ch\u00e2teau de la Tuili\u00e8re, au c\u0153ur d\u2019un \u00e9crin de verdure, un manoir de style Tudor du XIXe. Profitez d'un lieu d\u2019exception pour vous d\u00e9tendre et d\u00e9couvrir le P\u00e9rigord. Une cuisine raffin\u00e9e vous sera propos\u00e9e et sublim\u00e9e par nos produits pour le repas du soir. Le petit-d\u00e9jeuner sera quant \u00e0 lui directement servi dans la cuisine originale du Ch\u00e2teau, \u00e0 une table d'un ancien monast\u00e8re. Repos\u00e9s, vous serez pr\u00eats pour d\u00e9couvrir notre savoir-faire sur la fabrication du caviar : depuis la pisciculture jusqu\u2019\u00e0 la d\u00e9gustation de nos quatre caviars d\u2019exception. Un s\u00e9jour que vous n\u2019\u00eates pas pr\u00eats d\u2019oublier !<\/p>\n<br><a href=\"https:\/\/visites.caviar-de-neuvic.com\/fr\/produit\/sejour-chateau-et-caviar\/\" class=\"btn-black w50\">D\u00e9couvrir<\/a><\/p><\/div><\/div>\t\t\t\t<\/div>\n\t\t\t\t<\/div>\n\t\t\t\t\t<\/div>\n\t\t<\/div>\n\t\t\t\t<div class=\"elementor-column elementor-col-50 elementor-top-column elementor-element elementor-element-4b839ed\" data-id=\"4b839ed\" data-element_type=\"column\" data-e-type=\"column\">\n\t\t\t<div class=\"elementor-widget-wrap elementor-element-populated\">\n\t\t\t\t\t\t<div class=\"elementor-element elementor-element-00c60d4 elementor-position-top elementor-widget elementor-widget-image-box\" data-id=\"00c60d4\" data-element_type=\"widget\" data-e-type=\"widget\" data-widget_type=\"image-box.default\">\n\t\t\t\t<div class=\"elementor-widget-container\">\n\t\t\t\t\t<div class=\"elementor-image-box-wrapper\"><figure class=\"elementor-image-box-img\"><a href=\"https:\/\/visites.caviar-de-neuvic.com\/fr\/produit\/sejour-chateau-des-reynats\/\" tabindex=\"-1\"><img decoding=\"async\" src=\"https:\/\/visites.caviar-de-neuvic.com\/wp-content\/uploads\/elementor\/thumbs\/Chateau-des-Reynats-qwnt7be4tz8mk1hlmfftgawybfbiasxttkfa3wtkeg.jpg\" title=\"erwan fiquet\" alt=\"erwan fiquet\" loading=\"lazy\" \/><\/a><\/figure><div class=\"elementor-image-box-content\"><h3 class=\"elementor-image-box-title\"><a href=\"https:\/\/visites.caviar-de-neuvic.com\/fr\/produit\/sejour-chateau-des-reynats\/\">Ch\u00e2teau des Reynats<\/a><\/h3><p class=\"elementor-image-box-description\"><p style=\"text-align:justify!important\">Aux portes de la ville historique de P\u00e9rigueux, d\u00e9couvrez le Ch\u00e2teau des Reynats, v\u00e9ritable havre de \npaix nich\u00e9 dans les arbres au c\u0153ur du domaine. D\u00e9couvrez \u00e9galement nos activit\u00e9s sur place : \nrestauration bistronomique et gastronomique, piscine ext\u00e9rieure estivale, p\u00e9tanque, tennis\u2026 \nLe Restaurant du Ch\u00e2teau par Damien R\u00e9veiller \nPlusieurs ambiances et atmosph\u00e8res pour diff\u00e9rentes occasions : La grande Salle \u00e0 Manger aux \nlustres d\u2019\u00e9poque, la Verri\u00e8re moderne et d\u00e9contract\u00e9e, la terrasse aux beaux jours avec vue sur la for\u00eat\u2026<\/p>\n<br><a href=\"https:\/\/visites.caviar-de-neuvic.com\/fr\/produit\/sejour-chateau-des-reynats\/\" class=\"btn-black w50\">D\u00e9couvrir<\/a><\/p><\/div><\/div>\t\t\t\t<\/div>\n\t\t\t\t<\/div>\n\t\t\t\t\t<\/div>\n\t\t<\/div>\n\t\t\t\t\t<\/div>\n\t\t<\/section>\n\t\t\t\t<\/div>\n\t\t","protected":false},"excerpt":{"rendered":"<p>S\u00c9JOUR CH\u00c2TEAU ET CAVIAR Les Exp\u00e9riences \/ S\u00e9jour Ch\u00e2teau et Caviar Un s\u00e9jour insolite dans un ch\u00e2teau pendant lequel vous pourrez d\u00e9couvrir tout le savoir-faire de la fabrication du caviar : 24h dans la vie de ch\u00e2teau avant de partir \u00e0 la d\u00e9couverte du Domaine. UN S\u00c9JOUR INSOLITE AU C\u0152UR DU P\u00c9RIGORD : CH\u00c2TEAU ET [&hellip;]<\/p>\n","protected":false},"author":1,"featured_media":0,"parent":0,"menu_order":0,"comment_status":"closed","ping_status":"closed","template":"","meta":{"ocean_post_layout":"","ocean_both_sidebars_style":"","ocean_both_sidebars_content_width":0,"ocean_both_sidebars_sidebars_width":0,"ocean_sidebar":"","ocean_second_sidebar":"","ocean_disable_margins":"enable","ocean_add_body_class":"","ocean_shortcode_before_top_bar":"","ocean_shortcode_after_top_bar":"","ocean_shortcode_before_header":"","ocean_shortcode_after_header":"","ocean_has_shortcode":"","ocean_shortcode_after_title":"","ocean_shortcode_before_footer_widgets":"","ocean_shortcode_after_footer_widgets":"","ocean_shortcode_before_footer_bottom":"","ocean_shortcode_after_footer_bottom":"","ocean_display_top_bar":"default","ocean_display_header":"default","ocean_header_style":"","ocean_center_header_left_menu":"","ocean_custom_header_template":"","ocean_custom_logo":0,"ocean_custom_retina_logo":0,"ocean_custom_logo_max_width":0,"ocean_custom_logo_tablet_max_width":0,"ocean_custom_logo_mobile_max_width":0,"ocean_custom_logo_max_height":0,"ocean_custom_logo_tablet_max_height":0,"ocean_custom_logo_mobile_max_height":0,"ocean_header_custom_menu":"","ocean_menu_typo_font_family":"","ocean_menu_typo_font_subset":"","ocean_menu_typo_font_size":0,"ocean_menu_typo_font_size_tablet":0,"ocean_menu_typo_font_size_mobile":0,"ocean_menu_typo_font_size_unit":"px","ocean_menu_typo_font_weight":"","ocean_menu_typo_font_weight_tablet":"","ocean_menu_typo_font_weight_mobile":"","ocean_menu_typo_transform":"","ocean_menu_typo_transform_tablet":"","ocean_menu_typo_transform_mobile":"","ocean_menu_typo_line_height":0,"ocean_menu_typo_line_height_tablet":0,"ocean_menu_typo_line_height_mobile":0,"ocean_menu_typo_line_height_unit":"","ocean_menu_typo_spacing":0,"ocean_menu_typo_spacing_tablet":0,"ocean_menu_typo_spacing_mobile":0,"ocean_menu_typo_spacing_unit":"","ocean_menu_link_color":"","ocean_menu_link_color_hover":"","ocean_menu_link_color_active":"","ocean_menu_link_background":"","ocean_menu_link_hover_background":"","ocean_menu_link_active_background":"","ocean_menu_social_links_bg":"","ocean_menu_social_hover_links_bg":"","ocean_menu_social_links_color":"","ocean_menu_social_hover_links_color":"","ocean_disable_title":"default","ocean_disable_heading":"default","ocean_post_title":"","ocean_post_subheading":"","ocean_post_title_style":"","ocean_post_title_background_color":"","ocean_post_title_background":0,"ocean_post_title_bg_image_position":"","ocean_post_title_bg_image_attachment":"","ocean_post_title_bg_image_repeat":"","ocean_post_title_bg_image_size":"","ocean_post_title_height":0,"ocean_post_title_bg_overlay":0.5,"ocean_post_title_bg_overlay_color":"","ocean_disable_breadcrumbs":"default","ocean_breadcrumbs_color":"","ocean_breadcrumbs_separator_color":"","ocean_breadcrumbs_links_color":"","ocean_breadcrumbs_links_hover_color":"","ocean_display_footer_widgets":"default","ocean_display_footer_bottom":"default","ocean_custom_footer_template":"","footnotes":""},"class_list":["post-5532","page","type-page","status-publish","hentry","entry","owp-thumbs-layout-vertical","owp-btn-normal","owp-tabs-layout-horizontal","has-no-thumbnails"],"yoast_head":"<!-- This site is optimized with the Yoast SEO plugin v27.3 - https:\/\/yoast.com\/product\/yoast-seo-wordpress\/ -->\n<title>S\u00e9jour ch\u00e2teau - Caviar de Neuvic - Visites<\/title>\n<meta name=\"robots\" content=\"index, follow, max-snippet:-1, max-image-preview:large, max-video-preview:-1\" \/>\n<link rel=\"canonical\" href=\"https:\/\/visites.caviar-de-neuvic.com\/sejour-chateau\/\" \/>\n<meta property=\"og:locale\" content=\"fr_FR\" \/>\n<meta property=\"og:type\" content=\"article\" \/>\n<meta property=\"og:title\" content=\"[:fr]S\u00e9jour ch\u00e2teau[:] - Caviar de Neuvic - Visites\" \/>\n<meta property=\"og:description\" content=\"S\u00c9JOUR CH\u00c2TEAU ET CAVIAR Les Exp\u00e9riences \/ S\u00e9jour Ch\u00e2teau et Caviar Un s\u00e9jour insolite dans un ch\u00e2teau pendant lequel vous pourrez d\u00e9couvrir tout le savoir-faire de la fabrication du caviar : 24h dans la vie de ch\u00e2teau avant de partir \u00e0 la d\u00e9couverte du Domaine. UN S\u00c9JOUR INSOLITE AU C\u0152UR DU P\u00c9RIGORD : CH\u00c2TEAU ET [&hellip;]\" \/>\n<meta property=\"og:url\" content=\"https:\/\/visites.caviar-de-neuvic.com\/sejour-chateau\/\" \/>\n<meta property=\"og:site_name\" content=\"Caviar de Neuvic - Visites\" \/>\n<meta property=\"article:modified_time\" content=\"2024-11-07T09:02:51+00:00\" \/>\n<meta property=\"og:image\" content=\"https:\/\/visites.caviar-de-neuvic.com\/wp-content\/uploads\/elementor\/thumbs\/experience_chateau-1-qgpf8tc40wuw5rgrr4fjx6vgdm7prbq8fgzm3w2kg0.jpg\" \/>\n<meta name=\"twitter:card\" content=\"summary_large_image\" \/>\n<meta name=\"twitter:label1\" content=\"Dur\u00e9e de lecture estim\u00e9e\" \/>\n\t<meta name=\"twitter:data1\" content=\"3 minutes\" \/>\n<script type=\"application\/ld+json\" class=\"yoast-schema-graph\">{\"@context\":\"https:\\\/\\\/schema.org\",\"@graph\":[{\"@type\":\"WebPage\",\"@id\":\"https:\\\/\\\/visites.caviar-de-neuvic.com\\\/sejour-chateau\\\/\",\"url\":\"https:\\\/\\\/visites.caviar-de-neuvic.com\\\/sejour-chateau\\\/\",\"name\":\"[:fr]S\u00e9jour ch\u00e2teau[:] - Caviar de Neuvic - Visites\",\"isPartOf\":{\"@id\":\"https:\\\/\\\/visites.caviar-de-neuvic.com\\\/fr\\\/#website\"},\"primaryImageOfPage\":{\"@id\":\"https:\\\/\\\/visites.caviar-de-neuvic.com\\\/sejour-chateau\\\/#primaryimage\"},\"image\":{\"@id\":\"https:\\\/\\\/visites.caviar-de-neuvic.com\\\/sejour-chateau\\\/#primaryimage\"},\"thumbnailUrl\":\"https:\\\/\\\/visites.caviar-de-neuvic.com\\\/wp-content\\\/uploads\\\/elementor\\\/thumbs\\\/experience_chateau-1-qgpf8tc40wuw5rgrr4fjx6vgdm7prbq8fgzm3w2kg0.jpg\",\"datePublished\":\"2024-11-06T12:47:20+00:00\",\"dateModified\":\"2024-11-07T09:02:51+00:00\",\"breadcrumb\":{\"@id\":\"https:\\\/\\\/visites.caviar-de-neuvic.com\\\/sejour-chateau\\\/#breadcrumb\"},\"inLanguage\":\"fr-FR\",\"potentialAction\":[{\"@type\":\"ReadAction\",\"target\":[\"https:\\\/\\\/visites.caviar-de-neuvic.com\\\/sejour-chateau\\\/\"]}]},{\"@type\":\"ImageObject\",\"inLanguage\":\"fr-FR\",\"@id\":\"https:\\\/\\\/visites.caviar-de-neuvic.com\\\/sejour-chateau\\\/#primaryimage\",\"url\":\"https:\\\/\\\/visites.caviar-de-neuvic.com\\\/wp-content\\\/uploads\\\/elementor\\\/thumbs\\\/experience_chateau-1-qgpf8tc40wuw5rgrr4fjx6vgdm7prbq8fgzm3w2kg0.jpg\",\"contentUrl\":\"https:\\\/\\\/visites.caviar-de-neuvic.com\\\/wp-content\\\/uploads\\\/elementor\\\/thumbs\\\/experience_chateau-1-qgpf8tc40wuw5rgrr4fjx6vgdm7prbq8fgzm3w2kg0.jpg\"},{\"@type\":\"BreadcrumbList\",\"@id\":\"https:\\\/\\\/visites.caviar-de-neuvic.com\\\/sejour-chateau\\\/#breadcrumb\",\"itemListElement\":[{\"@type\":\"ListItem\",\"position\":1,\"name\":\"Accueil\",\"item\":\"https:\\\/\\\/visites.caviar-de-neuvic.com\\\/\"},{\"@type\":\"ListItem\",\"position\":2,\"name\":\"S\u00e9jour ch\u00e2teau\"}]},{\"@type\":\"WebSite\",\"@id\":\"https:\\\/\\\/visites.caviar-de-neuvic.com\\\/fr\\\/#website\",\"url\":\"https:\\\/\\\/visites.caviar-de-neuvic.com\\\/fr\\\/\",\"name\":\"Caviar de Neuvic - Visites\",\"description\":\"\",\"potentialAction\":[{\"@type\":\"SearchAction\",\"target\":{\"@type\":\"EntryPoint\",\"urlTemplate\":\"https:\\\/\\\/visites.caviar-de-neuvic.com\\\/fr\\\/?s={search_term_string}\"},\"query-input\":{\"@type\":\"PropertyValueSpecification\",\"valueRequired\":true,\"valueName\":\"search_term_string\"}}],\"inLanguage\":\"fr-FR\"}]}<\/script>\n<!-- \/ Yoast SEO plugin. -->","yoast_head_json":{"title":"[:fr]S\u00e9jour ch\u00e2teau[:] - Caviar de Neuvic - Visites","robots":{"index":"index","follow":"follow","max-snippet":"max-snippet:-1","max-image-preview":"max-image-preview:large","max-video-preview":"max-video-preview:-1"},"canonical":"https:\/\/visites.caviar-de-neuvic.com\/sejour-chateau\/","og_locale":"fr_FR","og_type":"article","og_title":"[:fr]S\u00e9jour ch\u00e2teau[:] - Caviar de Neuvic - Visites","og_description":"S\u00c9JOUR CH\u00c2TEAU ET CAVIAR Les Exp\u00e9riences \/ S\u00e9jour Ch\u00e2teau et Caviar Un s\u00e9jour insolite dans un ch\u00e2teau pendant lequel vous pourrez d\u00e9couvrir tout le savoir-faire de la fabrication du caviar : 24h dans la vie de ch\u00e2teau avant de partir \u00e0 la d\u00e9couverte du Domaine. UN S\u00c9JOUR INSOLITE AU C\u0152UR DU P\u00c9RIGORD : CH\u00c2TEAU ET [&hellip;]","og_url":"https:\/\/visites.caviar-de-neuvic.com\/sejour-chateau\/","og_site_name":"Caviar de Neuvic - Visites","article_modified_time":"2024-11-07T09:02:51+00:00","og_image":[{"url":"https:\/\/visites.caviar-de-neuvic.com\/wp-content\/uploads\/elementor\/thumbs\/experience_chateau-1-qgpf8tc40wuw5rgrr4fjx6vgdm7prbq8fgzm3w2kg0.jpg","type":"","width":"","height":""}],"twitter_card":"summary_large_image","twitter_misc":{"Dur\u00e9e de lecture estim\u00e9e":"3 minutes"},"schema":{"@context":"https:\/\/schema.org","@graph":[{"@type":"WebPage","@id":"https:\/\/visites.caviar-de-neuvic.com\/sejour-chateau\/","url":"https:\/\/visites.caviar-de-neuvic.com\/sejour-chateau\/","name":"[:fr]S\u00e9jour ch\u00e2teau[:] - Caviar de Neuvic - Visites","isPartOf":{"@id":"https:\/\/visites.caviar-de-neuvic.com\/fr\/#website"},"primaryImageOfPage":{"@id":"https:\/\/visites.caviar-de-neuvic.com\/sejour-chateau\/#primaryimage"},"image":{"@id":"https:\/\/visites.caviar-de-neuvic.com\/sejour-chateau\/#primaryimage"},"thumbnailUrl":"https:\/\/visites.caviar-de-neuvic.com\/wp-content\/uploads\/elementor\/thumbs\/experience_chateau-1-qgpf8tc40wuw5rgrr4fjx6vgdm7prbq8fgzm3w2kg0.jpg","datePublished":"2024-11-06T12:47:20+00:00","dateModified":"2024-11-07T09:02:51+00:00","breadcrumb":{"@id":"https:\/\/visites.caviar-de-neuvic.com\/sejour-chateau\/#breadcrumb"},"inLanguage":"fr-FR","potentialAction":[{"@type":"ReadAction","target":["https:\/\/visites.caviar-de-neuvic.com\/sejour-chateau\/"]}]},{"@type":"ImageObject","inLanguage":"fr-FR","@id":"https:\/\/visites.caviar-de-neuvic.com\/sejour-chateau\/#primaryimage","url":"https:\/\/visites.caviar-de-neuvic.com\/wp-content\/uploads\/elementor\/thumbs\/experience_chateau-1-qgpf8tc40wuw5rgrr4fjx6vgdm7prbq8fgzm3w2kg0.jpg","contentUrl":"https:\/\/visites.caviar-de-neuvic.com\/wp-content\/uploads\/elementor\/thumbs\/experience_chateau-1-qgpf8tc40wuw5rgrr4fjx6vgdm7prbq8fgzm3w2kg0.jpg"},{"@type":"BreadcrumbList","@id":"https:\/\/visites.caviar-de-neuvic.com\/sejour-chateau\/#breadcrumb","itemListElement":[{"@type":"ListItem","position":1,"name":"Accueil","item":"https:\/\/visites.caviar-de-neuvic.com\/"},{"@type":"ListItem","position":2,"name":"S\u00e9jour ch\u00e2teau"}]},{"@type":"WebSite","@id":"https:\/\/visites.caviar-de-neuvic.com\/fr\/#website","url":"https:\/\/visites.caviar-de-neuvic.com\/fr\/","name":"Caviar de Neuvic - Visites","description":"","potentialAction":[{"@type":"SearchAction","target":{"@type":"EntryPoint","urlTemplate":"https:\/\/visites.caviar-de-neuvic.com\/fr\/?s={search_term_string}"},"query-input":{"@type":"PropertyValueSpecification","valueRequired":true,"valueName":"search_term_string"}}],"inLanguage":"fr-FR"}]}},"_links":{"self":[{"href":"https:\/\/visites.caviar-de-neuvic.com\/fr\/wp-json\/wp\/v2\/pages\/5532","targetHints":{"allow":["GET"]}}],"collection":[{"href":"https:\/\/visites.caviar-de-neuvic.com\/fr\/wp-json\/wp\/v2\/pages"}],"about":[{"href":"https:\/\/visites.caviar-de-neuvic.com\/fr\/wp-json\/wp\/v2\/types\/page"}],"author":[{"embeddable":true,"href":"https:\/\/visites.caviar-de-neuvic.com\/fr\/wp-json\/wp\/v2\/users\/1"}],"replies":[{"embeddable":true,"href":"https:\/\/visites.caviar-de-neuvic.com\/fr\/wp-json\/wp\/v2\/comments?post=5532"}],"version-history":[{"count":55,"href":"https:\/\/visites.caviar-de-neuvic.com\/fr\/wp-json\/wp\/v2\/pages\/5532\/revisions"}],"predecessor-version":[{"id":5611,"href":"https:\/\/visites.caviar-de-neuvic.com\/fr\/wp-json\/wp\/v2\/pages\/5532\/revisions\/5611"}],"wp:attachment":[{"href":"https:\/\/visites.caviar-de-neuvic.com\/fr\/wp-json\/wp\/v2\/media?parent=5532"}],"curies":[{"name":"wp","href":"https:\/\/api.w.org\/{rel}","templated":true}]}}