{"id":855,"date":"2023-03-01T12:17:00","date_gmt":"2023-03-01T11:17:00","guid":{"rendered":"https:\/\/visites.caviar-de-neuvic.com\/\/?page_id=855"},"modified":"2024-10-22T14:04:31","modified_gmt":"2024-10-22T12:04:31","slug":"traiteur-caviar","status":"publish","type":"page","link":"https:\/\/visites.caviar-de-neuvic.com\/fr\/traiteur-caviar\/","title":{"rendered":"Traiteur caviar"},"content":{"rendered":"\t\t<div data-elementor-type=\"wp-page\" data-elementor-id=\"855\" class=\"elementor elementor-855\">\n\t\t\t\t\t\t<section class=\"elementor-section elementor-top-section elementor-element elementor-element-19925bd elementor-section-boxed elementor-section-height-default elementor-section-height-default\" data-id=\"19925bd\" data-element_type=\"section\" data-e-type=\"section\">\n\t\t\t\t\t\t<div class=\"elementor-container elementor-column-gap-default\">\n\t\t\t\t\t<div class=\"elementor-column elementor-col-100 elementor-top-column elementor-element elementor-element-16dcb57\" data-id=\"16dcb57\" data-element_type=\"column\" data-e-type=\"column\">\n\t\t\t<div class=\"elementor-widget-wrap elementor-element-populated\">\n\t\t\t\t\t\t<div class=\"elementor-element elementor-element-5699eee traiteur-caviar elementor-widget elementor-widget-image\" data-id=\"5699eee\" data-element_type=\"widget\" data-e-type=\"widget\" data-widget_type=\"image.default\">\n\t\t\t\t<div class=\"elementor-widget-container\">\n\t\t\t\t\t\t\t\t\t\t\t\t<figure class=\"wp-caption\">\n\t\t\t\t\t\t\t\t\t\t<img decoding=\"async\" src=\"https:\/\/visites.caviar-de-neuvic.com\/wp-content\/uploads\/2023\/03\/traiteur-caviar.jpg\" title=\"traiteur-caviar\" alt=\"PRIVATISATION\nCaviar de Neuvic s\u2019invite chez vous ! Pour un \u00e9venement, \u00e0 la maison, repas d\u2019entreprise, mariage... Offrez-vous une exp\u00e9rience in\u00e9dite qui saura \u00e9tonner vos convives.\" loading=\"lazy\" \/>\t\t\t\t\t\t\t\t\t\t\t<figcaption class=\"widget-image-caption wp-caption-text\"><h2>PRIVATISATION<\/h2>\n<p>Caviar de Neuvic s\u2019invite chez vous ! Pour un \u00e9venement, \u00e0 la maison, repas d\u2019entreprise, mariage... Offrez-vous une exp\u00e9rience in\u00e9dite qui saura \u00e9tonner vos convives.<\/p><\/figcaption>\n\t\t\t\t\t\t\t\t\t\t<\/figure>\n\t\t\t\t\t\t\t\t\t<\/div>\n\t\t\t\t<\/div>\n\t\t\t\t\t<\/div>\n\t\t<\/div>\n\t\t\t\t\t<\/div>\n\t\t<\/section>\n\t\t\t\t<section class=\"elementor-section elementor-top-section elementor-element elementor-element-afaba27 elementor-section-boxed elementor-section-height-default elementor-section-height-default\" data-id=\"afaba27\" data-element_type=\"section\" data-e-type=\"section\">\n\t\t\t\t\t\t<div class=\"elementor-container elementor-column-gap-default\">\n\t\t\t\t\t<div class=\"elementor-column elementor-col-100 elementor-top-column elementor-element elementor-element-74b45ce\" data-id=\"74b45ce\" data-element_type=\"column\" data-e-type=\"column\">\n\t\t\t<div class=\"elementor-widget-wrap elementor-element-populated\">\n\t\t\t\t\t\t<div class=\"elementor-element elementor-element-cc6711e elementor-widget__width-initial elementor-widget elementor-widget-text-editor\" data-id=\"cc6711e\" data-element_type=\"widget\" data-e-type=\"widget\" data-widget_type=\"text-editor.default\">\n\t\t\t\t<div class=\"elementor-widget-container\">\n\t\t\t\t\t\t\t\t\t<p style=\"text-align: left;\">D\u00e9couvrez le service de traiteur sur mesure concoct\u00e9 par nos soins et \u00e0 l\u2019aide de nos partenaires ! Quel que soit le type de c\u00e9r\u00e9monie, la th\u00e9matique retenue ou le nombre de convives, allier le luxe de nos produits, de nos prestations et des sp\u00e9cialit\u00e9s du P\u00e9rigord pour cr\u00e9er des festivit\u00e9s inoubliables.<\/p>\t\t\t\t\t\t\t\t<\/div>\n\t\t\t\t<\/div>\n\t\t\t\t\t<\/div>\n\t\t<\/div>\n\t\t\t\t\t<\/div>\n\t\t<\/section>\n\t\t\t\t<section class=\"elementor-section elementor-top-section elementor-element elementor-element-8410071 elementor-section-boxed elementor-section-height-default elementor-section-height-default\" data-id=\"8410071\" data-element_type=\"section\" data-e-type=\"section\">\n\t\t\t\t\t\t<div class=\"elementor-container elementor-column-gap-default\">\n\t\t\t\t\t<div class=\"elementor-column elementor-col-33 elementor-top-column elementor-element elementor-element-5324762 flex-column\" data-id=\"5324762\" data-element_type=\"column\" data-e-type=\"column\">\n\t\t\t<div class=\"elementor-widget-wrap elementor-element-populated\">\n\t\t\t\t\t\t<div class=\"elementor-element elementor-element-58f7886 elementor-widget elementor-widget-html\" data-id=\"58f7886\" data-element_type=\"widget\" data-e-type=\"widget\" data-widget_type=\"html.default\">\n\t\t\t\t<div class=\"elementor-widget-container\">\n\t\t\t\t\t<div class=\"btn-white\">D\u00c9GUSTATION \u00c0 LA BO<\/div>\t\t\t\t<\/div>\n\t\t\t\t<\/div>\n\t\t\t\t<div class=\"elementor-element elementor-element-1b49dd9 elementor-widget elementor-widget-heading\" data-id=\"1b49dd9\" data-element_type=\"widget\" data-e-type=\"widget\" data-widget_type=\"heading.default\">\n\t\t\t\t<div class=\"elementor-widget-container\">\n\t\t\t\t\t<h2 class=\"elementor-heading-title elementor-size-default\">Une signature synonyme d'excellence \u00e0 la fran\u00e7aise<\/h2>\t\t\t\t<\/div>\n\t\t\t\t<\/div>\n\t\t\t\t<div class=\"elementor-element elementor-element-67f6299 elementor-widget elementor-widget-text-editor\" data-id=\"67f6299\" data-element_type=\"widget\" data-e-type=\"widget\" data-widget_type=\"text-editor.default\">\n\t\t\t\t<div class=\"elementor-widget-container\">\n\t\t\t\t\t\t\t\t\t<p>Osez voir grand gr\u00e2ce \u00e0 la promesse d&rsquo;une d\u00e9gustation spectaculaire, d&rsquo;un plaisir et d&rsquo;un luxe sans limites. Pr\u00e9sent\u00e9 dans sa bo\u00eete d&rsquo;origine et sur un lit de glace pil\u00e9e, vous d\u00e9gusterez notre caviar de producteur dans le lieux choisis. Guidez par nos professionnels, vous suivrez \u00e0 la lettre les \u00e9tapes essentielles afin de r\u00e9aliser une d\u00e9gustation optimale de notre or noir.<\/p>\t\t\t\t\t\t\t\t<\/div>\n\t\t\t\t<\/div>\n\t\t\t\t\t<\/div>\n\t\t<\/div>\n\t\t\t\t<div class=\"elementor-column elementor-col-33 elementor-top-column elementor-element elementor-element-fc0bd14 flex-column\" data-id=\"fc0bd14\" data-element_type=\"column\" data-e-type=\"column\">\n\t\t\t<div class=\"elementor-widget-wrap elementor-element-populated\">\n\t\t\t\t\t\t<div class=\"elementor-element elementor-element-99ef7a5 elementor-widget elementor-widget-html\" data-id=\"99ef7a5\" data-element_type=\"widget\" data-e-type=\"widget\" data-widget_type=\"html.default\">\n\t\t\t\t<div class=\"elementor-widget-container\">\n\t\t\t\t\t<div class=\"btn-white\">TAPAS AUTOUR DU CAVIAR ET DE L'ESTURGEON<\/div>\t\t\t\t<\/div>\n\t\t\t\t<\/div>\n\t\t\t\t<div class=\"elementor-element elementor-element-1540e4c elementor-widget elementor-widget-heading\" data-id=\"1540e4c\" data-element_type=\"widget\" data-e-type=\"widget\" data-widget_type=\"heading.default\">\n\t\t\t\t<div class=\"elementor-widget-container\">\n\t\t\t\t\t<h2 class=\"elementor-heading-title elementor-size-default\">Une multitude de saveurs pour des moments de partage et de bonheur<\/h2>\t\t\t\t<\/div>\n\t\t\t\t<\/div>\n\t\t\t\t<div class=\"elementor-element elementor-element-53113a2 elementor-widget elementor-widget-text-editor\" data-id=\"53113a2\" data-element_type=\"widget\" data-e-type=\"widget\" data-widget_type=\"text-editor.default\">\n\t\t\t\t<div class=\"elementor-widget-container\">\n\t\t\t\t\t\t\t\t\t<p>Mettez \u00e0 l\u2019honneur l\u2019esturgeon et le caviar sur vos tables dans sa forme la plus originale ! Cr\u00e9er un voyage gustatif autour de tapas cr\u00e9atives. En amuse-bouche d&rsquo;ap\u00e9ritif d\u00eenatoire, ou de repas complet, ces tapas sont une mani\u00e8re unique de d\u00e9couvrir les nouveaut\u00e9s de l\u2019\u00e9picerie Caviar de Neuvic.<\/p>\t\t\t\t\t\t\t\t<\/div>\n\t\t\t\t<\/div>\n\t\t\t\t\t<\/div>\n\t\t<\/div>\n\t\t\t\t<div class=\"elementor-column elementor-col-33 elementor-top-column elementor-element elementor-element-493b59b flex-column\" data-id=\"493b59b\" data-element_type=\"column\" data-e-type=\"column\">\n\t\t\t<div class=\"elementor-widget-wrap elementor-element-populated\">\n\t\t\t\t\t\t<div class=\"elementor-element elementor-element-48eb695 elementor-widget elementor-widget-html\" data-id=\"48eb695\" data-element_type=\"widget\" data-e-type=\"widget\" data-widget_type=\"html.default\">\n\t\t\t\t<div class=\"elementor-widget-container\">\n\t\t\t\t\t<div class=\"btn-white\">REPAS CAVIAR<\/div>\t\t\t\t<\/div>\n\t\t\t\t<\/div>\n\t\t\t\t<div class=\"elementor-element elementor-element-f39d08e elementor-widget elementor-widget-heading\" data-id=\"f39d08e\" data-element_type=\"widget\" data-e-type=\"widget\" data-widget_type=\"heading.default\">\n\t\t\t\t<div class=\"elementor-widget-container\">\n\t\t\t\t\t<h2 class=\"elementor-heading-title elementor-size-default\">De la passion d'un producteur \u00e0 l'assiette d'un esth\u00e8te<\/h2>\t\t\t\t<\/div>\n\t\t\t\t<\/div>\n\t\t\t\t<div class=\"elementor-element elementor-element-0dfdbd1 elementor-widget elementor-widget-text-editor\" data-id=\"0dfdbd1\" data-element_type=\"widget\" data-e-type=\"widget\" data-widget_type=\"text-editor.default\">\n\t\t\t\t<div class=\"elementor-widget-container\">\n\t\t\t\t\t\t\t\t\t<p>Offrez-vous une table gastronomique de haute vol\u00e9e. Proposer \u00e0 vos invit\u00e9s des produits sublim\u00e9s et de qualit\u00e9s gr\u00e2ce \u00e0 ce repas caviar. Une occasion pour vous et vos proches de d\u00e9couvrir des associations surprenantes et un savoir-faire unique. Au menu : subtilit\u00e9, passion, exception.<\/p>\t\t\t\t\t\t\t\t<\/div>\n\t\t\t\t<\/div>\n\t\t\t\t\t<\/div>\n\t\t<\/div>\n\t\t\t\t\t<\/div>\n\t\t<\/section>\n\t\t\t\t<section class=\"elementor-section elementor-top-section elementor-element elementor-element-00ad2f4 elementor-section-boxed elementor-section-height-default elementor-section-height-default\" data-id=\"00ad2f4\" data-element_type=\"section\" data-e-type=\"section\">\n\t\t\t\t\t\t<div class=\"elementor-container elementor-column-gap-default\">\n\t\t\t\t\t<div class=\"elementor-column elementor-col-100 elementor-top-column elementor-element elementor-element-8df37e1\" data-id=\"8df37e1\" data-element_type=\"column\" data-e-type=\"column\">\n\t\t\t<div class=\"elementor-widget-wrap elementor-element-populated\">\n\t\t\t\t\t\t<div class=\"elementor-element elementor-element-03b9121 elementor-widget elementor-widget-html\" data-id=\"03b9121\" data-element_type=\"widget\" data-e-type=\"widget\" data-widget_type=\"html.default\">\n\t\t\t\t<div class=\"elementor-widget-container\">\n\t\t\t\t\t<a href=\"https:\/\/visites.caviar-de-neuvic.com\/fr\/contact\/demander-un-devis\/\" class=\"btn-black w100\">DEMANDER UN DEVIS<\/a>\t\t\t\t<\/div>\n\t\t\t\t<\/div>\n\t\t\t\t\t<\/div>\n\t\t<\/div>\n\t\t\t\t\t<\/div>\n\t\t<\/section>\n\t\t\t\t<\/div>\n\t\t","protected":false},"excerpt":{"rendered":"<p>PRIVATISATION Caviar de Neuvic s\u2019invite chez vous ! Pour un \u00e9venement, \u00e0 la maison, repas d\u2019entreprise, mariage&#8230; Offrez-vous une exp\u00e9rience in\u00e9dite qui saura \u00e9tonner vos convives. D\u00e9couvrez le service de traiteur sur mesure concoct\u00e9 par nos soins et \u00e0 l\u2019aide de nos partenaires ! Quel que soit le type de c\u00e9r\u00e9monie, la th\u00e9matique retenue ou [&hellip;]<\/p>\n","protected":false},"author":1,"featured_media":857,"parent":0,"menu_order":0,"comment_status":"closed","ping_status":"closed","template":"","meta":{"ocean_post_layout":"","ocean_both_sidebars_style":"","ocean_both_sidebars_content_width":0,"ocean_both_sidebars_sidebars_width":0,"ocean_sidebar":"0","ocean_second_sidebar":"0","ocean_disable_margins":"enable","ocean_add_body_class":"","ocean_shortcode_before_top_bar":"","ocean_shortcode_after_top_bar":"","ocean_shortcode_before_header":"","ocean_shortcode_after_header":"","ocean_has_shortcode":"","ocean_shortcode_after_title":"","ocean_shortcode_before_footer_widgets":"","ocean_shortcode_after_footer_widgets":"","ocean_shortcode_before_footer_bottom":"","ocean_shortcode_after_footer_bottom":"","ocean_display_top_bar":"default","ocean_display_header":"default","ocean_header_style":"","ocean_center_header_left_menu":"0","ocean_custom_header_template":"0","ocean_custom_logo":0,"ocean_custom_retina_logo":0,"ocean_custom_logo_max_width":0,"ocean_custom_logo_tablet_max_width":0,"ocean_custom_logo_mobile_max_width":0,"ocean_custom_logo_max_height":0,"ocean_custom_logo_tablet_max_height":0,"ocean_custom_logo_mobile_max_height":0,"ocean_header_custom_menu":"0","ocean_menu_typo_font_family":"0","ocean_menu_typo_font_subset":"","ocean_menu_typo_font_size":0,"ocean_menu_typo_font_size_tablet":0,"ocean_menu_typo_font_size_mobile":0,"ocean_menu_typo_font_size_unit":"px","ocean_menu_typo_font_weight":"","ocean_menu_typo_font_weight_tablet":"","ocean_menu_typo_font_weight_mobile":"","ocean_menu_typo_transform":"","ocean_menu_typo_transform_tablet":"","ocean_menu_typo_transform_mobile":"","ocean_menu_typo_line_height":0,"ocean_menu_typo_line_height_tablet":0,"ocean_menu_typo_line_height_mobile":0,"ocean_menu_typo_line_height_unit":"","ocean_menu_typo_spacing":0,"ocean_menu_typo_spacing_tablet":0,"ocean_menu_typo_spacing_mobile":0,"ocean_menu_typo_spacing_unit":"","ocean_menu_link_color":"","ocean_menu_link_color_hover":"","ocean_menu_link_color_active":"","ocean_menu_link_background":"","ocean_menu_link_hover_background":"","ocean_menu_link_active_background":"","ocean_menu_social_links_bg":"","ocean_menu_social_hover_links_bg":"","ocean_menu_social_links_color":"","ocean_menu_social_hover_links_color":"","ocean_disable_title":"default","ocean_disable_heading":"default","ocean_post_title":"","ocean_post_subheading":"","ocean_post_title_style":"","ocean_post_title_background_color":"","ocean_post_title_background":0,"ocean_post_title_bg_image_position":"","ocean_post_title_bg_image_attachment":"","ocean_post_title_bg_image_repeat":"","ocean_post_title_bg_image_size":"","ocean_post_title_height":0,"ocean_post_title_bg_overlay":0.5,"ocean_post_title_bg_overlay_color":"","ocean_disable_breadcrumbs":"default","ocean_breadcrumbs_color":"","ocean_breadcrumbs_separator_color":"","ocean_breadcrumbs_links_color":"","ocean_breadcrumbs_links_hover_color":"","ocean_display_footer_widgets":"default","ocean_display_footer_bottom":"default","ocean_custom_footer_template":"0","footnotes":""},"class_list":["post-855","page","type-page","status-publish","has-post-thumbnail","hentry","entry","has-media","owp-thumbs-layout-vertical","owp-btn-normal","owp-tabs-layout-horizontal","has-no-thumbnails"],"yoast_head":"<!-- This site is optimized with the Yoast SEO plugin v27.3 - https:\/\/yoast.com\/product\/yoast-seo-wordpress\/ -->\n<title>Traiteur caviar - Caviar de Neuvic - Visites<\/title>\n<meta name=\"robots\" content=\"index, follow, max-snippet:-1, max-image-preview:large, max-video-preview:-1\" \/>\n<link rel=\"canonical\" href=\"https:\/\/visites.caviar-de-neuvic.com\/traiteur-caviar\/\" \/>\n<meta property=\"og:locale\" content=\"fr_FR\" \/>\n<meta property=\"og:type\" content=\"article\" \/>\n<meta property=\"og:title\" content=\"Traiteur caviar - Caviar de Neuvic - Visites\" \/>\n<meta property=\"og:description\" content=\"PRIVATISATION Caviar de Neuvic s\u2019invite chez vous ! Pour un \u00e9venement, \u00e0 la maison, repas d\u2019entreprise, mariage&#8230; Offrez-vous une exp\u00e9rience in\u00e9dite qui saura \u00e9tonner vos convives. D\u00e9couvrez le service de traiteur sur mesure concoct\u00e9 par nos soins et \u00e0 l\u2019aide de nos partenaires ! Quel que soit le type de c\u00e9r\u00e9monie, la th\u00e9matique retenue ou [&hellip;]\" \/>\n<meta property=\"og:url\" content=\"https:\/\/visites.caviar-de-neuvic.com\/traiteur-caviar\/\" \/>\n<meta property=\"og:site_name\" content=\"Caviar de Neuvic - Visites\" \/>\n<meta property=\"article:modified_time\" content=\"2024-10-22T12:04:31+00:00\" \/>\n<meta property=\"og:image\" content=\"https:\/\/visites.caviar-de-neuvic.com\/wp-content\/uploads\/2023\/03\/traiteur-caviar.jpg\" \/>\n\t<meta property=\"og:image:width\" content=\"1200\" \/>\n\t<meta property=\"og:image:height\" content=\"646\" \/>\n\t<meta property=\"og:image:type\" content=\"image\/jpeg\" \/>\n<meta name=\"twitter:card\" content=\"summary_large_image\" \/>\n<meta name=\"twitter:label1\" content=\"Dur\u00e9e de lecture estim\u00e9e\" \/>\n\t<meta name=\"twitter:data1\" content=\"2 minutes\" \/>\n<script type=\"application\/ld+json\" class=\"yoast-schema-graph\">{\"@context\":\"https:\\\/\\\/schema.org\",\"@graph\":[{\"@type\":\"WebPage\",\"@id\":\"https:\\\/\\\/visites.caviar-de-neuvic.com\\\/traiteur-caviar\\\/\",\"url\":\"https:\\\/\\\/visites.caviar-de-neuvic.com\\\/traiteur-caviar\\\/\",\"name\":\"Traiteur caviar - Caviar de Neuvic - Visites\",\"isPartOf\":{\"@id\":\"https:\\\/\\\/visites.caviar-de-neuvic.com\\\/fr\\\/#website\"},\"primaryImageOfPage\":{\"@id\":\"https:\\\/\\\/visites.caviar-de-neuvic.com\\\/traiteur-caviar\\\/#primaryimage\"},\"image\":{\"@id\":\"https:\\\/\\\/visites.caviar-de-neuvic.com\\\/traiteur-caviar\\\/#primaryimage\"},\"thumbnailUrl\":\"https:\\\/\\\/visites.caviar-de-neuvic.com\\\/wp-content\\\/uploads\\\/2023\\\/03\\\/traiteur-caviar.jpg\",\"datePublished\":\"2023-03-01T11:17:00+00:00\",\"dateModified\":\"2024-10-22T12:04:31+00:00\",\"breadcrumb\":{\"@id\":\"https:\\\/\\\/visites.caviar-de-neuvic.com\\\/traiteur-caviar\\\/#breadcrumb\"},\"inLanguage\":\"fr-FR\",\"potentialAction\":[{\"@type\":\"ReadAction\",\"target\":[\"https:\\\/\\\/visites.caviar-de-neuvic.com\\\/traiteur-caviar\\\/\"]}]},{\"@type\":\"ImageObject\",\"inLanguage\":\"fr-FR\",\"@id\":\"https:\\\/\\\/visites.caviar-de-neuvic.com\\\/traiteur-caviar\\\/#primaryimage\",\"url\":\"https:\\\/\\\/visites.caviar-de-neuvic.com\\\/wp-content\\\/uploads\\\/2023\\\/03\\\/traiteur-caviar.jpg\",\"contentUrl\":\"https:\\\/\\\/visites.caviar-de-neuvic.com\\\/wp-content\\\/uploads\\\/2023\\\/03\\\/traiteur-caviar.jpg\",\"width\":1200,\"height\":646,\"caption\":\"PRIVATISATION Caviar de Neuvic s\u2019invite chez vous ! Pour un \u00e9venement, \u00e0 la maison, repas d\u2019entreprise, mariage... Offrez-vous une exp\u00e9rience in\u00e9dite qui saura \u00e9tonner vos convives.\"},{\"@type\":\"BreadcrumbList\",\"@id\":\"https:\\\/\\\/visites.caviar-de-neuvic.com\\\/traiteur-caviar\\\/#breadcrumb\",\"itemListElement\":[{\"@type\":\"ListItem\",\"position\":1,\"name\":\"Accueil\",\"item\":\"https:\\\/\\\/visites.caviar-de-neuvic.com\\\/\"},{\"@type\":\"ListItem\",\"position\":2,\"name\":\"Traiteur caviar\"}]},{\"@type\":\"WebSite\",\"@id\":\"https:\\\/\\\/visites.caviar-de-neuvic.com\\\/fr\\\/#website\",\"url\":\"https:\\\/\\\/visites.caviar-de-neuvic.com\\\/fr\\\/\",\"name\":\"Caviar de Neuvic - Visites\",\"description\":\"\",\"potentialAction\":[{\"@type\":\"SearchAction\",\"target\":{\"@type\":\"EntryPoint\",\"urlTemplate\":\"https:\\\/\\\/visites.caviar-de-neuvic.com\\\/fr\\\/?s={search_term_string}\"},\"query-input\":{\"@type\":\"PropertyValueSpecification\",\"valueRequired\":true,\"valueName\":\"search_term_string\"}}],\"inLanguage\":\"fr-FR\"}]}<\/script>\n<!-- \/ Yoast SEO plugin. -->","yoast_head_json":{"title":"Traiteur caviar - Caviar de Neuvic - Visites","robots":{"index":"index","follow":"follow","max-snippet":"max-snippet:-1","max-image-preview":"max-image-preview:large","max-video-preview":"max-video-preview:-1"},"canonical":"https:\/\/visites.caviar-de-neuvic.com\/traiteur-caviar\/","og_locale":"fr_FR","og_type":"article","og_title":"Traiteur caviar - Caviar de Neuvic - Visites","og_description":"PRIVATISATION Caviar de Neuvic s\u2019invite chez vous ! Pour un \u00e9venement, \u00e0 la maison, repas d\u2019entreprise, mariage&#8230; Offrez-vous une exp\u00e9rience in\u00e9dite qui saura \u00e9tonner vos convives. D\u00e9couvrez le service de traiteur sur mesure concoct\u00e9 par nos soins et \u00e0 l\u2019aide de nos partenaires ! Quel que soit le type de c\u00e9r\u00e9monie, la th\u00e9matique retenue ou [&hellip;]","og_url":"https:\/\/visites.caviar-de-neuvic.com\/traiteur-caviar\/","og_site_name":"Caviar de Neuvic - Visites","article_modified_time":"2024-10-22T12:04:31+00:00","og_image":[{"width":1200,"height":646,"url":"https:\/\/visites.caviar-de-neuvic.com\/wp-content\/uploads\/2023\/03\/traiteur-caviar.jpg","type":"image\/jpeg"}],"twitter_card":"summary_large_image","twitter_misc":{"Dur\u00e9e de lecture estim\u00e9e":"2 minutes"},"schema":{"@context":"https:\/\/schema.org","@graph":[{"@type":"WebPage","@id":"https:\/\/visites.caviar-de-neuvic.com\/traiteur-caviar\/","url":"https:\/\/visites.caviar-de-neuvic.com\/traiteur-caviar\/","name":"Traiteur caviar - Caviar de Neuvic - Visites","isPartOf":{"@id":"https:\/\/visites.caviar-de-neuvic.com\/fr\/#website"},"primaryImageOfPage":{"@id":"https:\/\/visites.caviar-de-neuvic.com\/traiteur-caviar\/#primaryimage"},"image":{"@id":"https:\/\/visites.caviar-de-neuvic.com\/traiteur-caviar\/#primaryimage"},"thumbnailUrl":"https:\/\/visites.caviar-de-neuvic.com\/wp-content\/uploads\/2023\/03\/traiteur-caviar.jpg","datePublished":"2023-03-01T11:17:00+00:00","dateModified":"2024-10-22T12:04:31+00:00","breadcrumb":{"@id":"https:\/\/visites.caviar-de-neuvic.com\/traiteur-caviar\/#breadcrumb"},"inLanguage":"fr-FR","potentialAction":[{"@type":"ReadAction","target":["https:\/\/visites.caviar-de-neuvic.com\/traiteur-caviar\/"]}]},{"@type":"ImageObject","inLanguage":"fr-FR","@id":"https:\/\/visites.caviar-de-neuvic.com\/traiteur-caviar\/#primaryimage","url":"https:\/\/visites.caviar-de-neuvic.com\/wp-content\/uploads\/2023\/03\/traiteur-caviar.jpg","contentUrl":"https:\/\/visites.caviar-de-neuvic.com\/wp-content\/uploads\/2023\/03\/traiteur-caviar.jpg","width":1200,"height":646,"caption":"PRIVATISATION Caviar de Neuvic s\u2019invite chez vous ! Pour un \u00e9venement, \u00e0 la maison, repas d\u2019entreprise, mariage... Offrez-vous une exp\u00e9rience in\u00e9dite qui saura \u00e9tonner vos convives."},{"@type":"BreadcrumbList","@id":"https:\/\/visites.caviar-de-neuvic.com\/traiteur-caviar\/#breadcrumb","itemListElement":[{"@type":"ListItem","position":1,"name":"Accueil","item":"https:\/\/visites.caviar-de-neuvic.com\/"},{"@type":"ListItem","position":2,"name":"Traiteur caviar"}]},{"@type":"WebSite","@id":"https:\/\/visites.caviar-de-neuvic.com\/fr\/#website","url":"https:\/\/visites.caviar-de-neuvic.com\/fr\/","name":"Caviar de Neuvic - Visites","description":"","potentialAction":[{"@type":"SearchAction","target":{"@type":"EntryPoint","urlTemplate":"https:\/\/visites.caviar-de-neuvic.com\/fr\/?s={search_term_string}"},"query-input":{"@type":"PropertyValueSpecification","valueRequired":true,"valueName":"search_term_string"}}],"inLanguage":"fr-FR"}]}},"_links":{"self":[{"href":"https:\/\/visites.caviar-de-neuvic.com\/fr\/wp-json\/wp\/v2\/pages\/855","targetHints":{"allow":["GET"]}}],"collection":[{"href":"https:\/\/visites.caviar-de-neuvic.com\/fr\/wp-json\/wp\/v2\/pages"}],"about":[{"href":"https:\/\/visites.caviar-de-neuvic.com\/fr\/wp-json\/wp\/v2\/types\/page"}],"author":[{"embeddable":true,"href":"https:\/\/visites.caviar-de-neuvic.com\/fr\/wp-json\/wp\/v2\/users\/1"}],"replies":[{"embeddable":true,"href":"https:\/\/visites.caviar-de-neuvic.com\/fr\/wp-json\/wp\/v2\/comments?post=855"}],"version-history":[{"count":19,"href":"https:\/\/visites.caviar-de-neuvic.com\/fr\/wp-json\/wp\/v2\/pages\/855\/revisions"}],"predecessor-version":[{"id":5387,"href":"https:\/\/visites.caviar-de-neuvic.com\/fr\/wp-json\/wp\/v2\/pages\/855\/revisions\/5387"}],"wp:featuredmedia":[{"embeddable":true,"href":"https:\/\/visites.caviar-de-neuvic.com\/fr\/wp-json\/wp\/v2\/media\/857"}],"wp:attachment":[{"href":"https:\/\/visites.caviar-de-neuvic.com\/fr\/wp-json\/wp\/v2\/media?parent=855"}],"curies":[{"name":"wp","href":"https:\/\/api.w.org\/{rel}","templated":true}]}}