{"id":914,"date":"2023-03-02T09:21:50","date_gmt":"2023-03-02T08:21:50","guid":{"rendered":"https:\/\/visites.caviar-de-neuvic.com\/\/?page_id=914"},"modified":"2024-06-18T10:28:02","modified_gmt":"2024-06-18T08:28:02","slug":"contact","status":"publish","type":"page","link":"https:\/\/visites.caviar-de-neuvic.com\/fr\/contact\/","title":{"rendered":"Contact"},"content":{"rendered":"\t\t<div data-elementor-type=\"wp-page\" data-elementor-id=\"914\" class=\"elementor elementor-914\">\n\t\t\t\t\t\t<section class=\"elementor-section elementor-top-section elementor-element elementor-element-ce08c5e elementor-section-boxed elementor-section-height-default elementor-section-height-default\" data-id=\"ce08c5e\" data-element_type=\"section\" data-e-type=\"section\">\n\t\t\t\t\t\t<div class=\"elementor-container elementor-column-gap-default\">\n\t\t\t\t\t<div class=\"elementor-column elementor-col-100 elementor-top-column elementor-element elementor-element-39351e5\" data-id=\"39351e5\" data-element_type=\"column\" data-e-type=\"column\">\n\t\t\t<div class=\"elementor-widget-wrap elementor-element-populated\">\n\t\t\t\t\t\t<div class=\"elementor-element elementor-element-2391ed7 elementor-widget elementor-widget-heading\" data-id=\"2391ed7\" data-element_type=\"widget\" data-e-type=\"widget\" data-widget_type=\"heading.default\">\n\t\t\t\t<div class=\"elementor-widget-container\">\n\t\t\t\t\t<h1 class=\"elementor-heading-title elementor-size-xl\">NOUS CONTACTER<\/h1>\t\t\t\t<\/div>\n\t\t\t\t<\/div>\n\t\t\t\t\t<\/div>\n\t\t<\/div>\n\t\t\t\t\t<\/div>\n\t\t<\/section>\n\t\t\t\t<section class=\"elementor-section elementor-top-section elementor-element elementor-element-231f34c elementor-section-boxed elementor-section-height-default elementor-section-height-default\" data-id=\"231f34c\" data-element_type=\"section\" data-e-type=\"section\">\n\t\t\t\t\t\t<div class=\"elementor-container elementor-column-gap-default\">\n\t\t\t\t\t<div class=\"elementor-column elementor-col-100 elementor-top-column elementor-element elementor-element-9622a92\" data-id=\"9622a92\" data-element_type=\"column\" data-e-type=\"column\">\n\t\t\t<div class=\"elementor-widget-wrap elementor-element-populated\">\n\t\t\t\t\t\t<div class=\"elementor-element elementor-element-c822bf4 elementor-widget elementor-widget-text-editor\" data-id=\"c822bf4\" data-element_type=\"widget\" data-e-type=\"widget\" data-widget_type=\"text-editor.default\">\n\t\t\t\t<div class=\"elementor-widget-container\">\n\t\t\t\t\t\t\t\t\t<p style=\"text-align: center;\"><em>Une question ?<\/em><\/p>\t\t\t\t\t\t\t\t<\/div>\n\t\t\t\t<\/div>\n\t\t\t\t\t<\/div>\n\t\t<\/div>\n\t\t\t\t\t<\/div>\n\t\t<\/section>\n\t\t\t\t<section class=\"elementor-section elementor-top-section elementor-element elementor-element-d59075c elementor-section-boxed elementor-section-height-default elementor-section-height-default\" data-id=\"d59075c\" data-element_type=\"section\" data-e-type=\"section\">\n\t\t\t\t\t\t<div class=\"elementor-container elementor-column-gap-default\">\n\t\t\t\t\t<div class=\"elementor-column elementor-col-100 elementor-top-column elementor-element elementor-element-1bae3e4\" data-id=\"1bae3e4\" data-element_type=\"column\" data-e-type=\"column\">\n\t\t\t<div class=\"elementor-widget-wrap elementor-element-populated\">\n\t\t\t\t\t\t<div class=\"elementor-element elementor-element-87e841c elementor-widget elementor-widget-text-editor\" data-id=\"87e841c\" data-element_type=\"widget\" data-e-type=\"widget\" data-widget_type=\"text-editor.default\">\n\t\t\t\t<div class=\"elementor-widget-container\">\n\t\t\t\t\t\t\t\t\t<p>L\u2019ensemble de l\u2019\u00e9quipe Caviar de Neuvic est \u00e0 votre \u00e9coute si vous avez besoin de renseignements, si vous avez des id\u00e9es \u00e0 nous soumettre ou si vous souhaitez obtenir un devis. <br \/>Contactez-nous via le formulaire ci-dessous ou directement par t\u00e9l\u00e9phone au : <span class=\"ui-provider a b c d e f g h i j k l m n o p q r s t u v w x y z ab ac ae af ag ah ai aj ak\" dir=\"ltr\">05 53 80 89 57<\/span><\/p>\t\t\t\t\t\t\t\t<\/div>\n\t\t\t\t<\/div>\n\t\t\t\t\t<\/div>\n\t\t<\/div>\n\t\t\t\t\t<\/div>\n\t\t<\/section>\n\t\t\t\t<section class=\"elementor-section elementor-top-section elementor-element elementor-element-e6c4c83 flex-column elementor-section-boxed elementor-section-height-default elementor-section-height-default\" data-id=\"e6c4c83\" data-element_type=\"section\" data-e-type=\"section\">\n\t\t\t\t\t\t<div class=\"elementor-container elementor-column-gap-default\">\n\t\t\t\t\t<div class=\"elementor-column elementor-col-100 elementor-top-column elementor-element elementor-element-e0792fa\" data-id=\"e0792fa\" data-element_type=\"column\" data-e-type=\"column\">\n\t\t\t<div class=\"elementor-widget-wrap elementor-element-populated\">\n\t\t\t\t\t\t<div class=\"elementor-element elementor-element-39b21fb elementor-widget elementor-widget-heading\" data-id=\"39b21fb\" data-element_type=\"widget\" data-e-type=\"widget\" data-widget_type=\"heading.default\">\n\t\t\t\t<div class=\"elementor-widget-container\">\n\t\t\t\t\t<h2 class=\"elementor-heading-title elementor-size-medium\">Vous souhaitez nous contacter pour *<\/h2>\t\t\t\t<\/div>\n\t\t\t\t<\/div>\n\t\t\t\t<div class=\"elementor-element elementor-element-bc4fba7 elementor-widget elementor-widget-html\" data-id=\"bc4fba7\" data-element_type=\"widget\" data-e-type=\"widget\" data-widget_type=\"html.default\">\n\t\t\t\t<div class=\"elementor-widget-container\">\n\t\t\t\t\t<div id=\"container_select_contact\"><select id=\"select_contact\">\n    <option value=''>Veuillez faire votre choix<\/option>\n    <option value='reclamationclient'>R\u00e9clamation client<\/option>\n    <option value='idee'>Id\u00e9e \u00e0 nous soumettre<\/option>\n    <option value='reclamationproduit'>Demander un devis<\/option>\n<\/select><\/div>\t\t\t\t<\/div>\n\t\t\t\t<\/div>\n\t\t\t\t\t<\/div>\n\t\t<\/div>\n\t\t\t\t\t<\/div>\n\t\t<\/section>\n\t\t\t\t<\/div>\n\t\t","protected":false},"excerpt":{"rendered":"<p>NOUS CONTACTER Une question ? L\u2019ensemble de l\u2019\u00e9quipe Caviar de Neuvic est \u00e0 votre \u00e9coute si vous avez besoin de renseignements, si vous avez des id\u00e9es \u00e0 nous soumettre ou si vous souhaitez obtenir un devis. Contactez-nous via le formulaire ci-dessous ou directement par t\u00e9l\u00e9phone au : 05 53 80 89 57 Vous souhaitez nous [&hellip;]<\/p>\n","protected":false},"author":1,"featured_media":0,"parent":0,"menu_order":0,"comment_status":"closed","ping_status":"closed","template":"","meta":{"ocean_post_layout":"","ocean_both_sidebars_style":"","ocean_both_sidebars_content_width":0,"ocean_both_sidebars_sidebars_width":0,"ocean_sidebar":"0","ocean_second_sidebar":"0","ocean_disable_margins":"enable","ocean_add_body_class":"","ocean_shortcode_before_top_bar":"","ocean_shortcode_after_top_bar":"","ocean_shortcode_before_header":"","ocean_shortcode_after_header":"","ocean_has_shortcode":"","ocean_shortcode_after_title":"","ocean_shortcode_before_footer_widgets":"","ocean_shortcode_after_footer_widgets":"","ocean_shortcode_before_footer_bottom":"","ocean_shortcode_after_footer_bottom":"","ocean_display_top_bar":"default","ocean_display_header":"default","ocean_header_style":"","ocean_center_header_left_menu":"0","ocean_custom_header_template":"0","ocean_custom_logo":0,"ocean_custom_retina_logo":0,"ocean_custom_logo_max_width":0,"ocean_custom_logo_tablet_max_width":0,"ocean_custom_logo_mobile_max_width":0,"ocean_custom_logo_max_height":0,"ocean_custom_logo_tablet_max_height":0,"ocean_custom_logo_mobile_max_height":0,"ocean_header_custom_menu":"0","ocean_menu_typo_font_family":"0","ocean_menu_typo_font_subset":"","ocean_menu_typo_font_size":0,"ocean_menu_typo_font_size_tablet":0,"ocean_menu_typo_font_size_mobile":0,"ocean_menu_typo_font_size_unit":"px","ocean_menu_typo_font_weight":"","ocean_menu_typo_font_weight_tablet":"","ocean_menu_typo_font_weight_mobile":"","ocean_menu_typo_transform":"","ocean_menu_typo_transform_tablet":"","ocean_menu_typo_transform_mobile":"","ocean_menu_typo_line_height":0,"ocean_menu_typo_line_height_tablet":0,"ocean_menu_typo_line_height_mobile":0,"ocean_menu_typo_line_height_unit":"","ocean_menu_typo_spacing":0,"ocean_menu_typo_spacing_tablet":0,"ocean_menu_typo_spacing_mobile":0,"ocean_menu_typo_spacing_unit":"","ocean_menu_link_color":"","ocean_menu_link_color_hover":"","ocean_menu_link_color_active":"","ocean_menu_link_background":"","ocean_menu_link_hover_background":"","ocean_menu_link_active_background":"","ocean_menu_social_links_bg":"","ocean_menu_social_hover_links_bg":"","ocean_menu_social_links_color":"","ocean_menu_social_hover_links_color":"","ocean_disable_title":"default","ocean_disable_heading":"default","ocean_post_title":"","ocean_post_subheading":"","ocean_post_title_style":"","ocean_post_title_background_color":"","ocean_post_title_background":0,"ocean_post_title_bg_image_position":"","ocean_post_title_bg_image_attachment":"","ocean_post_title_bg_image_repeat":"","ocean_post_title_bg_image_size":"","ocean_post_title_height":0,"ocean_post_title_bg_overlay":0.5,"ocean_post_title_bg_overlay_color":"","ocean_disable_breadcrumbs":"default","ocean_breadcrumbs_color":"","ocean_breadcrumbs_separator_color":"","ocean_breadcrumbs_links_color":"","ocean_breadcrumbs_links_hover_color":"","ocean_display_footer_widgets":"default","ocean_display_footer_bottom":"default","ocean_custom_footer_template":"0","footnotes":""},"class_list":["post-914","page","type-page","status-publish","hentry","entry","owp-thumbs-layout-vertical","owp-btn-normal","owp-tabs-layout-horizontal","has-no-thumbnails"],"yoast_head":"<!-- This site is optimized with the Yoast SEO plugin v27.3 - https:\/\/yoast.com\/product\/yoast-seo-wordpress\/ -->\n<title>Contact - Caviar de Neuvic - Visites<\/title>\n<meta name=\"robots\" content=\"index, follow, max-snippet:-1, max-image-preview:large, max-video-preview:-1\" \/>\n<link rel=\"canonical\" href=\"https:\/\/visites.caviar-de-neuvic.com\/contact\/\" \/>\n<meta property=\"og:locale\" content=\"fr_FR\" \/>\n<meta property=\"og:type\" content=\"article\" \/>\n<meta property=\"og:title\" content=\"Contact - Caviar de Neuvic - Visites\" \/>\n<meta property=\"og:description\" content=\"NOUS CONTACTER Une question ? L\u2019ensemble de l\u2019\u00e9quipe Caviar de Neuvic est \u00e0 votre \u00e9coute si vous avez besoin de renseignements, si vous avez des id\u00e9es \u00e0 nous soumettre ou si vous souhaitez obtenir un devis. Contactez-nous via le formulaire ci-dessous ou directement par t\u00e9l\u00e9phone au : 05 53 80 89 57 Vous souhaitez nous [&hellip;]\" \/>\n<meta property=\"og:url\" content=\"https:\/\/visites.caviar-de-neuvic.com\/contact\/\" \/>\n<meta property=\"og:site_name\" content=\"Caviar de Neuvic - Visites\" \/>\n<meta property=\"article:modified_time\" content=\"2024-06-18T08:28:02+00:00\" \/>\n<meta name=\"twitter:card\" content=\"summary_large_image\" \/>\n<meta name=\"twitter:label1\" content=\"Dur\u00e9e de lecture estim\u00e9e\" \/>\n\t<meta name=\"twitter:data1\" content=\"1 minute\" \/>\n<script type=\"application\/ld+json\" class=\"yoast-schema-graph\">{\"@context\":\"https:\\\/\\\/schema.org\",\"@graph\":[{\"@type\":\"WebPage\",\"@id\":\"https:\\\/\\\/visites.caviar-de-neuvic.com\\\/contact\\\/\",\"url\":\"https:\\\/\\\/visites.caviar-de-neuvic.com\\\/contact\\\/\",\"name\":\"Contact - Caviar de Neuvic - Visites\",\"isPartOf\":{\"@id\":\"https:\\\/\\\/visites.caviar-de-neuvic.com\\\/fr\\\/#website\"},\"datePublished\":\"2023-03-02T08:21:50+00:00\",\"dateModified\":\"2024-06-18T08:28:02+00:00\",\"breadcrumb\":{\"@id\":\"https:\\\/\\\/visites.caviar-de-neuvic.com\\\/contact\\\/#breadcrumb\"},\"inLanguage\":\"fr-FR\",\"potentialAction\":[{\"@type\":\"ReadAction\",\"target\":[\"https:\\\/\\\/visites.caviar-de-neuvic.com\\\/contact\\\/\"]}]},{\"@type\":\"BreadcrumbList\",\"@id\":\"https:\\\/\\\/visites.caviar-de-neuvic.com\\\/contact\\\/#breadcrumb\",\"itemListElement\":[{\"@type\":\"ListItem\",\"position\":1,\"name\":\"Accueil\",\"item\":\"https:\\\/\\\/visites.caviar-de-neuvic.com\\\/\"},{\"@type\":\"ListItem\",\"position\":2,\"name\":\"Contact\"}]},{\"@type\":\"WebSite\",\"@id\":\"https:\\\/\\\/visites.caviar-de-neuvic.com\\\/fr\\\/#website\",\"url\":\"https:\\\/\\\/visites.caviar-de-neuvic.com\\\/fr\\\/\",\"name\":\"Caviar de Neuvic - Visites\",\"description\":\"\",\"potentialAction\":[{\"@type\":\"SearchAction\",\"target\":{\"@type\":\"EntryPoint\",\"urlTemplate\":\"https:\\\/\\\/visites.caviar-de-neuvic.com\\\/fr\\\/?s={search_term_string}\"},\"query-input\":{\"@type\":\"PropertyValueSpecification\",\"valueRequired\":true,\"valueName\":\"search_term_string\"}}],\"inLanguage\":\"fr-FR\"}]}<\/script>\n<!-- \/ Yoast SEO plugin. -->","yoast_head_json":{"title":"Contact - Caviar de Neuvic - Visites","robots":{"index":"index","follow":"follow","max-snippet":"max-snippet:-1","max-image-preview":"max-image-preview:large","max-video-preview":"max-video-preview:-1"},"canonical":"https:\/\/visites.caviar-de-neuvic.com\/contact\/","og_locale":"fr_FR","og_type":"article","og_title":"Contact - Caviar de Neuvic - Visites","og_description":"NOUS CONTACTER Une question ? L\u2019ensemble de l\u2019\u00e9quipe Caviar de Neuvic est \u00e0 votre \u00e9coute si vous avez besoin de renseignements, si vous avez des id\u00e9es \u00e0 nous soumettre ou si vous souhaitez obtenir un devis. Contactez-nous via le formulaire ci-dessous ou directement par t\u00e9l\u00e9phone au : 05 53 80 89 57 Vous souhaitez nous [&hellip;]","og_url":"https:\/\/visites.caviar-de-neuvic.com\/contact\/","og_site_name":"Caviar de Neuvic - Visites","article_modified_time":"2024-06-18T08:28:02+00:00","twitter_card":"summary_large_image","twitter_misc":{"Dur\u00e9e de lecture estim\u00e9e":"1 minute"},"schema":{"@context":"https:\/\/schema.org","@graph":[{"@type":"WebPage","@id":"https:\/\/visites.caviar-de-neuvic.com\/contact\/","url":"https:\/\/visites.caviar-de-neuvic.com\/contact\/","name":"Contact - Caviar de Neuvic - Visites","isPartOf":{"@id":"https:\/\/visites.caviar-de-neuvic.com\/fr\/#website"},"datePublished":"2023-03-02T08:21:50+00:00","dateModified":"2024-06-18T08:28:02+00:00","breadcrumb":{"@id":"https:\/\/visites.caviar-de-neuvic.com\/contact\/#breadcrumb"},"inLanguage":"fr-FR","potentialAction":[{"@type":"ReadAction","target":["https:\/\/visites.caviar-de-neuvic.com\/contact\/"]}]},{"@type":"BreadcrumbList","@id":"https:\/\/visites.caviar-de-neuvic.com\/contact\/#breadcrumb","itemListElement":[{"@type":"ListItem","position":1,"name":"Accueil","item":"https:\/\/visites.caviar-de-neuvic.com\/"},{"@type":"ListItem","position":2,"name":"Contact"}]},{"@type":"WebSite","@id":"https:\/\/visites.caviar-de-neuvic.com\/fr\/#website","url":"https:\/\/visites.caviar-de-neuvic.com\/fr\/","name":"Caviar de Neuvic - Visites","description":"","potentialAction":[{"@type":"SearchAction","target":{"@type":"EntryPoint","urlTemplate":"https:\/\/visites.caviar-de-neuvic.com\/fr\/?s={search_term_string}"},"query-input":{"@type":"PropertyValueSpecification","valueRequired":true,"valueName":"search_term_string"}}],"inLanguage":"fr-FR"}]}},"_links":{"self":[{"href":"https:\/\/visites.caviar-de-neuvic.com\/fr\/wp-json\/wp\/v2\/pages\/914","targetHints":{"allow":["GET"]}}],"collection":[{"href":"https:\/\/visites.caviar-de-neuvic.com\/fr\/wp-json\/wp\/v2\/pages"}],"about":[{"href":"https:\/\/visites.caviar-de-neuvic.com\/fr\/wp-json\/wp\/v2\/types\/page"}],"author":[{"embeddable":true,"href":"https:\/\/visites.caviar-de-neuvic.com\/fr\/wp-json\/wp\/v2\/users\/1"}],"replies":[{"embeddable":true,"href":"https:\/\/visites.caviar-de-neuvic.com\/fr\/wp-json\/wp\/v2\/comments?post=914"}],"version-history":[{"count":28,"href":"https:\/\/visites.caviar-de-neuvic.com\/fr\/wp-json\/wp\/v2\/pages\/914\/revisions"}],"predecessor-version":[{"id":4051,"href":"https:\/\/visites.caviar-de-neuvic.com\/fr\/wp-json\/wp\/v2\/pages\/914\/revisions\/4051"}],"wp:attachment":[{"href":"https:\/\/visites.caviar-de-neuvic.com\/fr\/wp-json\/wp\/v2\/media?parent=914"}],"curies":[{"name":"wp","href":"https:\/\/api.w.org\/{rel}","templated":true}]}}