{"id":3843,"date":"2024-05-28T12:05:02","date_gmt":"2024-05-28T10:05:02","guid":{"rendered":"https:\/\/visites.caviar-de-neuvic.com\/?post_type=product&#038;p=3843"},"modified":"2024-07-31T11:36:48","modified_gmt":"2024-07-31T09:36:48","slug":"carte-cadeau-initiation-repas","status":"publish","type":"product","link":"https:\/\/visites.caviar-de-neuvic.com\/fr\/produit\/carte-cadeau-initiation-repas\/","title":{"rendered":"Carte cadeau \u00ab\u00a0Initiation\u00a0\u00bb + Repas"},"content":{"rendered":"<p>La visite guid\u00e9e du domaine dure 1h30 et la d\u00e9gustation comment\u00e9e environ 30 minutes. Pr\u00e9voyez donc au minimum deux heures sur place pour votre visite.<\/p>\n<p>Continuez ou commencez votre exp\u00e9rience Caviar avec le repas du Producteur ! Autour d\u2019un repas, venez go\u00fbter \u00e0 l\u2019excellence. Des recettes r\u00e9alis\u00e9es sur mesure au Domaine pour appr\u00e9cier le meilleur de nos produits. Cette formule, id\u00e9ale pour un repas complet le midi, est \u00e9labor\u00e9e avec passion et des produits de saison par Julien notre Chef. Un moyen de vous convier \u00e0 une exp\u00e9rience culinaire gastronomique riche en savoir-faire et en \u00e9motion.<\/p>\n<p>Apr\u00e8s la visite du Domaine, vous d\u00e9gusterez :<\/p>\n<p>&#8211; Beurre de caviar<br \/>\n&#8211; 1 assiette autour de l\u2019esturgeon avec Rillette, esturgeon marin\u00e9, esturgeon fum\u00e9<br \/>\n&#8211; Caviar Baeri<br \/>\n&#8211; Caviar Oscietre<br \/>\n&#8211; Coupe de cr\u00e9mant<\/p>\n<p>Merci d&rsquo;arriver 15 minutes avant le d\u00e9part de la visite. Attention : La visite commence \u00e0 l&rsquo;heure et aucun retardataire ne pourra \u00eatre accept\u00e9.<\/p>\n<p>En cas de forte chaleur, pr\u00e9voyez une casquette ou chapeau et bouteille d\u2019eau.<br \/>\nEn cas de pluie,\u00a0 nous vous conseillons des v\u00eatements imperm\u00e9ables, tels que des k-way, bottes de pluie et un parapluie.<\/p>\n<p>Bon cadeau valable un an apr\u00e8s la date d&rsquo;achat<\/p>","protected":false},"excerpt":{"rendered":"<p>\u00c9duquez votre palais \u00e0 la complexit\u00e9 aromatique des caviars avec la visite et le repas<\/p>\n","protected":false},"featured_media":500,"comment_status":"open","ping_status":"closed","template":"","meta":{"ocean_post_layout":"","ocean_both_sidebars_style":"","ocean_both_sidebars_content_width":0,"ocean_both_sidebars_sidebars_width":0,"ocean_sidebar":"0","ocean_second_sidebar":"0","ocean_disable_margins":"enable","ocean_add_body_class":"","ocean_shortcode_before_top_bar":"","ocean_shortcode_after_top_bar":"","ocean_shortcode_before_header":"","ocean_shortcode_after_header":"","ocean_has_shortcode":"","ocean_shortcode_after_title":"","ocean_shortcode_before_footer_widgets":"","ocean_shortcode_after_footer_widgets":"","ocean_shortcode_before_footer_bottom":"","ocean_shortcode_after_footer_bottom":"","ocean_display_top_bar":"default","ocean_display_header":"default","ocean_header_style":"","ocean_center_header_left_menu":"0","ocean_custom_header_template":"0","ocean_custom_logo":0,"ocean_custom_retina_logo":0,"ocean_custom_logo_max_width":0,"ocean_custom_logo_tablet_max_width":0,"ocean_custom_logo_mobile_max_width":0,"ocean_custom_logo_max_height":0,"ocean_custom_logo_tablet_max_height":0,"ocean_custom_logo_mobile_max_height":0,"ocean_header_custom_menu":"0","ocean_menu_typo_font_family":"0","ocean_menu_typo_font_subset":"","ocean_menu_typo_font_size":0,"ocean_menu_typo_font_size_tablet":0,"ocean_menu_typo_font_size_mobile":0,"ocean_menu_typo_font_size_unit":"px","ocean_menu_typo_font_weight":"","ocean_menu_typo_font_weight_tablet":"","ocean_menu_typo_font_weight_mobile":"","ocean_menu_typo_transform":"","ocean_menu_typo_transform_tablet":"","ocean_menu_typo_transform_mobile":"","ocean_menu_typo_line_height":0,"ocean_menu_typo_line_height_tablet":0,"ocean_menu_typo_line_height_mobile":0,"ocean_menu_typo_line_height_unit":"","ocean_menu_typo_spacing":0,"ocean_menu_typo_spacing_tablet":0,"ocean_menu_typo_spacing_mobile":0,"ocean_menu_typo_spacing_unit":"","ocean_menu_link_color":"","ocean_menu_link_color_hover":"","ocean_menu_link_color_active":"","ocean_menu_link_background":"","ocean_menu_link_hover_background":"","ocean_menu_link_active_background":"","ocean_menu_social_links_bg":"","ocean_menu_social_hover_links_bg":"","ocean_menu_social_links_color":"","ocean_menu_social_hover_links_color":"","ocean_disable_title":"default","ocean_disable_heading":"default","ocean_post_title":"","ocean_post_subheading":"","ocean_post_title_style":"","ocean_post_title_background_color":"","ocean_post_title_background":0,"ocean_post_title_bg_image_position":"","ocean_post_title_bg_image_attachment":"","ocean_post_title_bg_image_repeat":"","ocean_post_title_bg_image_size":"","ocean_post_title_height":0,"ocean_post_title_bg_overlay":0.5,"ocean_post_title_bg_overlay_color":"","ocean_disable_breadcrumbs":"default","ocean_breadcrumbs_color":"","ocean_breadcrumbs_separator_color":"","ocean_breadcrumbs_links_color":"","ocean_breadcrumbs_links_hover_color":"","ocean_display_footer_widgets":"default","ocean_display_footer_bottom":"default","ocean_custom_footer_template":"0"},"product_brand":[],"product_cat":[29],"product_tag":[21,23],"class_list":{"0":"post-3843","1":"product","2":"type-product","3":"status-publish","4":"has-post-thumbnail","6":"product_cat-carte-cadeau","7":"product_tag-formule","8":"product_tag-visite","10":"entry","11":"has-media","13":"first","14":"instock","15":"sale","16":"virtual","17":"purchasable","18":"product-type-simple","19":"col","20":"span_1_of_2","21":"owp-content-center","22":"owp-thumbs-layout-vertical","23":"owp-btn-normal","24":"owp-tabs-layout-horizontal"},"yoast_head":"<!-- This site is optimized with the Yoast SEO plugin v27.3 - https:\/\/yoast.com\/product\/yoast-seo-wordpress\/ -->\n<title>Carte cadeau &quot;Initiation&quot; + Repas - Caviar de Neuvic - Visites<\/title>\n<meta name=\"robots\" content=\"index, follow, max-snippet:-1, max-image-preview:large, max-video-preview:-1\" \/>\n<link rel=\"canonical\" href=\"https:\/\/visites.caviar-de-neuvic.com\/produit\/carte-cadeau-initiation-repas\/\" \/>\n<meta property=\"og:locale\" content=\"fr_FR\" \/>\n<meta property=\"og:type\" content=\"article\" \/>\n<meta property=\"og:title\" content=\"[:fr]Carte cadeau &quot;Initiation&quot; + Repas[:en]Gift card &quot;Initiation&quot; + Meal[:] - Caviar de Neuvic - Visites\" \/>\n<meta property=\"og:description\" content=\"[:fr]\u00c9duquez votre palais \u00e0 la complexit\u00e9 aromatique des caviars avec la visite et le repas[:en]Educate your palate to the aromatic complexity of caviar with Meal the tout and the meal[:]\" \/>\n<meta property=\"og:url\" content=\"https:\/\/visites.caviar-de-neuvic.com\/produit\/carte-cadeau-initiation-repas\/\" \/>\n<meta property=\"og:site_name\" content=\"Caviar de Neuvic - Visites\" \/>\n<meta property=\"article:modified_time\" content=\"2024-07-31T09:36:48+00:00\" \/>\n<meta property=\"og:image\" content=\"https:\/\/visites.caviar-de-neuvic.com\/wp-content\/uploads\/2023\/02\/visite_initiation.png\" \/>\n\t<meta property=\"og:image:width\" content=\"500\" \/>\n\t<meta property=\"og:image:height\" content=\"500\" \/>\n\t<meta property=\"og:image:type\" content=\"image\/png\" \/>\n<meta name=\"twitter:card\" content=\"summary_large_image\" \/>\n<meta name=\"twitter:label1\" content=\"Dur\u00e9e de lecture estim\u00e9e\" \/>\n\t<meta name=\"twitter:data1\" content=\"2 minutes\" \/>\n<script type=\"application\/ld+json\" class=\"yoast-schema-graph\">{\"@context\":\"https:\\\/\\\/schema.org\",\"@graph\":[{\"@type\":\"WebPage\",\"@id\":\"https:\\\/\\\/visites.caviar-de-neuvic.com\\\/produit\\\/carte-cadeau-initiation-repas\\\/\",\"url\":\"https:\\\/\\\/visites.caviar-de-neuvic.com\\\/produit\\\/carte-cadeau-initiation-repas\\\/\",\"name\":\"[:fr]Carte cadeau \\\"Initiation\\\" + Repas[:en]Gift card \\\"Initiation\\\" + Meal[:] - Caviar de Neuvic - Visites\",\"isPartOf\":{\"@id\":\"https:\\\/\\\/visites.caviar-de-neuvic.com\\\/fr\\\/#website\"},\"primaryImageOfPage\":{\"@id\":\"https:\\\/\\\/visites.caviar-de-neuvic.com\\\/produit\\\/carte-cadeau-initiation-repas\\\/#primaryimage\"},\"image\":{\"@id\":\"https:\\\/\\\/visites.caviar-de-neuvic.com\\\/produit\\\/carte-cadeau-initiation-repas\\\/#primaryimage\"},\"thumbnailUrl\":\"https:\\\/\\\/visites.caviar-de-neuvic.com\\\/wp-content\\\/uploads\\\/2023\\\/02\\\/visite_initiation.png\",\"datePublished\":\"2024-05-28T10:05:02+00:00\",\"dateModified\":\"2024-07-31T09:36:48+00:00\",\"breadcrumb\":{\"@id\":\"https:\\\/\\\/visites.caviar-de-neuvic.com\\\/produit\\\/carte-cadeau-initiation-repas\\\/#breadcrumb\"},\"inLanguage\":\"fr-FR\",\"potentialAction\":[{\"@type\":\"ReadAction\",\"target\":[\"https:\\\/\\\/visites.caviar-de-neuvic.com\\\/produit\\\/carte-cadeau-initiation-repas\\\/\"]}]},{\"@type\":\"ImageObject\",\"inLanguage\":\"fr-FR\",\"@id\":\"https:\\\/\\\/visites.caviar-de-neuvic.com\\\/produit\\\/carte-cadeau-initiation-repas\\\/#primaryimage\",\"url\":\"https:\\\/\\\/visites.caviar-de-neuvic.com\\\/wp-content\\\/uploads\\\/2023\\\/02\\\/visite_initiation.png\",\"contentUrl\":\"https:\\\/\\\/visites.caviar-de-neuvic.com\\\/wp-content\\\/uploads\\\/2023\\\/02\\\/visite_initiation.png\",\"width\":500,\"height\":500,\"caption\":\"visite initiation\"},{\"@type\":\"BreadcrumbList\",\"@id\":\"https:\\\/\\\/visites.caviar-de-neuvic.com\\\/produit\\\/carte-cadeau-initiation-repas\\\/#breadcrumb\",\"itemListElement\":[{\"@type\":\"ListItem\",\"position\":1,\"name\":\"Accueil\",\"item\":\"https:\\\/\\\/visites.caviar-de-neuvic.com\\\/\"},{\"@type\":\"ListItem\",\"position\":2,\"name\":\"Boutique\",\"item\":\"https:\\\/\\\/visites.caviar-de-neuvic.com\\\/fr\\\/boutique\\\/\"},{\"@type\":\"ListItem\",\"position\":3,\"name\":\"Carte cadeau \u00ab\u00a0Initiation\u00a0\u00bb + Repas\"}]},{\"@type\":\"WebSite\",\"@id\":\"https:\\\/\\\/visites.caviar-de-neuvic.com\\\/fr\\\/#website\",\"url\":\"https:\\\/\\\/visites.caviar-de-neuvic.com\\\/fr\\\/\",\"name\":\"Caviar de Neuvic - Visites\",\"description\":\"\",\"potentialAction\":[{\"@type\":\"SearchAction\",\"target\":{\"@type\":\"EntryPoint\",\"urlTemplate\":\"https:\\\/\\\/visites.caviar-de-neuvic.com\\\/fr\\\/?s={search_term_string}\"},\"query-input\":{\"@type\":\"PropertyValueSpecification\",\"valueRequired\":true,\"valueName\":\"search_term_string\"}}],\"inLanguage\":\"fr-FR\"}]}<\/script>\n<!-- \/ Yoast SEO plugin. -->","yoast_head_json":{"title":"[:fr]Carte cadeau \"Initiation\" + Repas[:en]Gift card \"Initiation\" + Meal[:] - Caviar de Neuvic - Visites","robots":{"index":"index","follow":"follow","max-snippet":"max-snippet:-1","max-image-preview":"max-image-preview:large","max-video-preview":"max-video-preview:-1"},"canonical":"https:\/\/visites.caviar-de-neuvic.com\/produit\/carte-cadeau-initiation-repas\/","og_locale":"fr_FR","og_type":"article","og_title":"[:fr]Carte cadeau \"Initiation\" + Repas[:en]Gift card \"Initiation\" + Meal[:] - Caviar de Neuvic - Visites","og_description":"[:fr]\u00c9duquez votre palais \u00e0 la complexit\u00e9 aromatique des caviars avec la visite et le repas[:en]Educate your palate to the aromatic complexity of caviar with Meal the tout and the meal[:]","og_url":"https:\/\/visites.caviar-de-neuvic.com\/produit\/carte-cadeau-initiation-repas\/","og_site_name":"Caviar de Neuvic - Visites","article_modified_time":"2024-07-31T09:36:48+00:00","og_image":[{"width":500,"height":500,"url":"https:\/\/visites.caviar-de-neuvic.com\/wp-content\/uploads\/2023\/02\/visite_initiation.png","type":"image\/png"}],"twitter_card":"summary_large_image","twitter_misc":{"Dur\u00e9e de lecture estim\u00e9e":"2 minutes"},"schema":{"@context":"https:\/\/schema.org","@graph":[{"@type":"WebPage","@id":"https:\/\/visites.caviar-de-neuvic.com\/produit\/carte-cadeau-initiation-repas\/","url":"https:\/\/visites.caviar-de-neuvic.com\/produit\/carte-cadeau-initiation-repas\/","name":"[:fr]Carte cadeau \"Initiation\" + Repas[:en]Gift card \"Initiation\" + Meal[:] - Caviar de Neuvic - Visites","isPartOf":{"@id":"https:\/\/visites.caviar-de-neuvic.com\/fr\/#website"},"primaryImageOfPage":{"@id":"https:\/\/visites.caviar-de-neuvic.com\/produit\/carte-cadeau-initiation-repas\/#primaryimage"},"image":{"@id":"https:\/\/visites.caviar-de-neuvic.com\/produit\/carte-cadeau-initiation-repas\/#primaryimage"},"thumbnailUrl":"https:\/\/visites.caviar-de-neuvic.com\/wp-content\/uploads\/2023\/02\/visite_initiation.png","datePublished":"2024-05-28T10:05:02+00:00","dateModified":"2024-07-31T09:36:48+00:00","breadcrumb":{"@id":"https:\/\/visites.caviar-de-neuvic.com\/produit\/carte-cadeau-initiation-repas\/#breadcrumb"},"inLanguage":"fr-FR","potentialAction":[{"@type":"ReadAction","target":["https:\/\/visites.caviar-de-neuvic.com\/produit\/carte-cadeau-initiation-repas\/"]}]},{"@type":"ImageObject","inLanguage":"fr-FR","@id":"https:\/\/visites.caviar-de-neuvic.com\/produit\/carte-cadeau-initiation-repas\/#primaryimage","url":"https:\/\/visites.caviar-de-neuvic.com\/wp-content\/uploads\/2023\/02\/visite_initiation.png","contentUrl":"https:\/\/visites.caviar-de-neuvic.com\/wp-content\/uploads\/2023\/02\/visite_initiation.png","width":500,"height":500,"caption":"visite initiation"},{"@type":"BreadcrumbList","@id":"https:\/\/visites.caviar-de-neuvic.com\/produit\/carte-cadeau-initiation-repas\/#breadcrumb","itemListElement":[{"@type":"ListItem","position":1,"name":"Accueil","item":"https:\/\/visites.caviar-de-neuvic.com\/"},{"@type":"ListItem","position":2,"name":"Boutique","item":"https:\/\/visites.caviar-de-neuvic.com\/fr\/boutique\/"},{"@type":"ListItem","position":3,"name":"Carte cadeau \u00ab\u00a0Initiation\u00a0\u00bb + Repas"}]},{"@type":"WebSite","@id":"https:\/\/visites.caviar-de-neuvic.com\/fr\/#website","url":"https:\/\/visites.caviar-de-neuvic.com\/fr\/","name":"Caviar de Neuvic - Visites","description":"","potentialAction":[{"@type":"SearchAction","target":{"@type":"EntryPoint","urlTemplate":"https:\/\/visites.caviar-de-neuvic.com\/fr\/?s={search_term_string}"},"query-input":{"@type":"PropertyValueSpecification","valueRequired":true,"valueName":"search_term_string"}}],"inLanguage":"fr-FR"}]}},"_links":{"self":[{"href":"https:\/\/visites.caviar-de-neuvic.com\/fr\/wp-json\/wp\/v2\/product\/3843","targetHints":{"allow":["GET"]}}],"collection":[{"href":"https:\/\/visites.caviar-de-neuvic.com\/fr\/wp-json\/wp\/v2\/product"}],"about":[{"href":"https:\/\/visites.caviar-de-neuvic.com\/fr\/wp-json\/wp\/v2\/types\/product"}],"replies":[{"embeddable":true,"href":"https:\/\/visites.caviar-de-neuvic.com\/fr\/wp-json\/wp\/v2\/comments?post=3843"}],"wp:featuredmedia":[{"embeddable":true,"href":"https:\/\/visites.caviar-de-neuvic.com\/fr\/wp-json\/wp\/v2\/media\/500"}],"wp:attachment":[{"href":"https:\/\/visites.caviar-de-neuvic.com\/fr\/wp-json\/wp\/v2\/media?parent=3843"}],"wp:term":[{"taxonomy":"product_brand","embeddable":true,"href":"https:\/\/visites.caviar-de-neuvic.com\/fr\/wp-json\/wp\/v2\/product_brand?post=3843"},{"taxonomy":"product_cat","embeddable":true,"href":"https:\/\/visites.caviar-de-neuvic.com\/fr\/wp-json\/wp\/v2\/product_cat?post=3843"},{"taxonomy":"product_tag","embeddable":true,"href":"https:\/\/visites.caviar-de-neuvic.com\/fr\/wp-json\/wp\/v2\/product_tag?post=3843"}],"curies":[{"name":"wp","href":"https:\/\/api.w.org\/{rel}","templated":true}]}}