{"id":5784,"date":"2024-12-06T14:06:20","date_gmt":"2024-12-06T13:06:20","guid":{"rendered":"https:\/\/visites.caviar-de-neuvic.com\/?post_type=product&#038;p=5784"},"modified":"2025-12-09T11:05:33","modified_gmt":"2025-12-09T10:05:33","slug":"carte-cadeau-dejeuner-au-domaine","status":"publish","type":"product","link":"https:\/\/visites.caviar-de-neuvic.com\/fr\/produit\/carte-cadeau-dejeuner-au-domaine\/","title":{"rendered":"Carte Cadeau : D\u00e9jeuner au domaine"},"content":{"rendered":"<p>\u00c9labor\u00e9 avec des produits de saison, les cr\u00e9ations culinaires de notre chef sont en perp\u00e9tuelle \u00e9volution et viennent valoriser les productions locales et fran\u00e7aises.<\/p>\n<p>Le repas : Entr\u00e9e + plat OU plat + dessert = 25\u20ac<br \/>\nEntr\u00e9e + plat + dessert = 30\u20ac (5\u20ac suppl\u00e9mentaire \u00e0 r\u00e9gler sur place) est compos\u00e9 :<\/p>\n<p><strong>Entr\u00e9e : (au choix)<\/strong><br \/>\nAsperge au Caviar<br \/>\nVelout\u00e9 d\u2019esturgeon<\/p>\n<p><strong>Plat<\/strong>\u00a0: Esturgeon grill\u00e9 et sa pur\u00e9e de c\u00e9leri accompagn\u00e9e de son fenouil r\u00f4ti<\/p>\n<p><strong>Dessert (au choix):<\/strong><br \/>\nBanoffee<br \/>\nBrioche perdue<br \/>\nNeuvic-Javerzac<\/p>","protected":false},"excerpt":{"rendered":"<p>D\u00e9gustez une gastronomie de c\u0153ur et de r\u00e9gion accompagn\u00e9e de son caviar producteur.<\/p>\n","protected":false},"featured_media":6587,"comment_status":"open","ping_status":"closed","template":"","meta":{"ocean_post_layout":"","ocean_both_sidebars_style":"","ocean_both_sidebars_content_width":0,"ocean_both_sidebars_sidebars_width":0,"ocean_sidebar":"0","ocean_second_sidebar":"0","ocean_disable_margins":"enable","ocean_add_body_class":"","ocean_shortcode_before_top_bar":"","ocean_shortcode_after_top_bar":"","ocean_shortcode_before_header":"","ocean_shortcode_after_header":"","ocean_has_shortcode":"","ocean_shortcode_after_title":"","ocean_shortcode_before_footer_widgets":"","ocean_shortcode_after_footer_widgets":"","ocean_shortcode_before_footer_bottom":"","ocean_shortcode_after_footer_bottom":"","ocean_display_top_bar":"default","ocean_display_header":"default","ocean_header_style":"","ocean_center_header_left_menu":"0","ocean_custom_header_template":"0","ocean_custom_logo":0,"ocean_custom_retina_logo":0,"ocean_custom_logo_max_width":0,"ocean_custom_logo_tablet_max_width":0,"ocean_custom_logo_mobile_max_width":0,"ocean_custom_logo_max_height":0,"ocean_custom_logo_tablet_max_height":0,"ocean_custom_logo_mobile_max_height":0,"ocean_header_custom_menu":"0","ocean_menu_typo_font_family":"0","ocean_menu_typo_font_subset":"","ocean_menu_typo_font_size":0,"ocean_menu_typo_font_size_tablet":0,"ocean_menu_typo_font_size_mobile":0,"ocean_menu_typo_font_size_unit":"px","ocean_menu_typo_font_weight":"","ocean_menu_typo_font_weight_tablet":"","ocean_menu_typo_font_weight_mobile":"","ocean_menu_typo_transform":"","ocean_menu_typo_transform_tablet":"","ocean_menu_typo_transform_mobile":"","ocean_menu_typo_line_height":0,"ocean_menu_typo_line_height_tablet":0,"ocean_menu_typo_line_height_mobile":0,"ocean_menu_typo_line_height_unit":"","ocean_menu_typo_spacing":0,"ocean_menu_typo_spacing_tablet":0,"ocean_menu_typo_spacing_mobile":0,"ocean_menu_typo_spacing_unit":"","ocean_menu_link_color":"","ocean_menu_link_color_hover":"","ocean_menu_link_color_active":"","ocean_menu_link_background":"","ocean_menu_link_hover_background":"","ocean_menu_link_active_background":"","ocean_menu_social_links_bg":"","ocean_menu_social_hover_links_bg":"","ocean_menu_social_links_color":"","ocean_menu_social_hover_links_color":"","ocean_disable_title":"default","ocean_disable_heading":"default","ocean_post_title":"","ocean_post_subheading":"","ocean_post_title_style":"","ocean_post_title_background_color":"","ocean_post_title_background":0,"ocean_post_title_bg_image_position":"","ocean_post_title_bg_image_attachment":"","ocean_post_title_bg_image_repeat":"","ocean_post_title_bg_image_size":"","ocean_post_title_height":0,"ocean_post_title_bg_overlay":0.5,"ocean_post_title_bg_overlay_color":"","ocean_disable_breadcrumbs":"default","ocean_breadcrumbs_color":"","ocean_breadcrumbs_separator_color":"","ocean_breadcrumbs_links_color":"","ocean_breadcrumbs_links_hover_color":"","ocean_display_footer_widgets":"default","ocean_display_footer_bottom":"default","ocean_custom_footer_template":"0"},"product_brand":[],"product_cat":[27],"product_tag":[28,23],"class_list":{"0":"post-5784","1":"product","2":"type-product","3":"status-publish","4":"has-post-thumbnail","6":"product_cat-restauration","7":"product_tag-restauration","8":"product_tag-visite","10":"entry","11":"has-media","13":"first","14":"instock","15":"virtual","16":"purchasable","17":"product-type-simple","18":"col","19":"span_1_of_2","20":"owp-content-center","21":"owp-thumbs-layout-vertical","22":"owp-btn-normal","23":"owp-tabs-layout-horizontal"},"yoast_head":"<!-- This site is optimized with the Yoast SEO plugin v27.3 - https:\/\/yoast.com\/product\/yoast-seo-wordpress\/ -->\n<title>Carte Cadeau : D\u00e9jeuner au domaine - Caviar de Neuvic - Visites<\/title>\n<meta name=\"robots\" content=\"index, follow, max-snippet:-1, max-image-preview:large, max-video-preview:-1\" \/>\n<link rel=\"canonical\" href=\"https:\/\/visites.caviar-de-neuvic.com\/produit\/carte-cadeau-dejeuner-au-domaine\/\" \/>\n<meta property=\"og:locale\" content=\"fr_FR\" \/>\n<meta property=\"og:type\" content=\"article\" \/>\n<meta property=\"og:title\" content=\"[:fr]Carte Cadeau : D\u00e9jeuner au domaine[:en]Gift card : Lunch at the domain[:] - Caviar de Neuvic - Visites\" \/>\n<meta property=\"og:description\" content=\"[:fr]D\u00e9gustez une gastronomie de c\u0153ur et de r\u00e9gion accompagn\u00e9e de son caviar producteur.[:en]Taste a hearty and regional gastronomy served with its producer&#039;s caviar.[:]\" \/>\n<meta property=\"og:url\" content=\"https:\/\/visites.caviar-de-neuvic.com\/produit\/carte-cadeau-dejeuner-au-domaine\/\" \/>\n<meta property=\"og:site_name\" content=\"Caviar de Neuvic - Visites\" \/>\n<meta property=\"article:modified_time\" content=\"2025-12-09T10:05:33+00:00\" \/>\n<meta property=\"og:image\" content=\"https:\/\/visites.caviar-de-neuvic.com\/wp-content\/uploads\/2025\/03\/menu-printemps.jpg\" \/>\n\t<meta property=\"og:image:width\" content=\"500\" \/>\n\t<meta property=\"og:image:height\" content=\"500\" \/>\n\t<meta property=\"og:image:type\" content=\"image\/jpeg\" \/>\n<meta name=\"twitter:card\" content=\"summary_large_image\" \/>\n<meta name=\"twitter:label1\" content=\"Dur\u00e9e de lecture estim\u00e9e\" \/>\n\t<meta name=\"twitter:data1\" content=\"1 minute\" \/>\n<script type=\"application\/ld+json\" class=\"yoast-schema-graph\">{\"@context\":\"https:\\\/\\\/schema.org\",\"@graph\":[{\"@type\":\"WebPage\",\"@id\":\"https:\\\/\\\/visites.caviar-de-neuvic.com\\\/produit\\\/carte-cadeau-dejeuner-au-domaine\\\/\",\"url\":\"https:\\\/\\\/visites.caviar-de-neuvic.com\\\/produit\\\/carte-cadeau-dejeuner-au-domaine\\\/\",\"name\":\"[:fr]Carte Cadeau : D\u00e9jeuner au domaine[:en]Gift card : Lunch at the domain[:] - Caviar de Neuvic - Visites\",\"isPartOf\":{\"@id\":\"https:\\\/\\\/visites.caviar-de-neuvic.com\\\/fr\\\/#website\"},\"primaryImageOfPage\":{\"@id\":\"https:\\\/\\\/visites.caviar-de-neuvic.com\\\/produit\\\/carte-cadeau-dejeuner-au-domaine\\\/#primaryimage\"},\"image\":{\"@id\":\"https:\\\/\\\/visites.caviar-de-neuvic.com\\\/produit\\\/carte-cadeau-dejeuner-au-domaine\\\/#primaryimage\"},\"thumbnailUrl\":\"https:\\\/\\\/visites.caviar-de-neuvic.com\\\/wp-content\\\/uploads\\\/2025\\\/03\\\/menu-printemps.jpg\",\"datePublished\":\"2024-12-06T13:06:20+00:00\",\"dateModified\":\"2025-12-09T10:05:33+00:00\",\"breadcrumb\":{\"@id\":\"https:\\\/\\\/visites.caviar-de-neuvic.com\\\/produit\\\/carte-cadeau-dejeuner-au-domaine\\\/#breadcrumb\"},\"inLanguage\":\"fr-FR\",\"potentialAction\":[{\"@type\":\"ReadAction\",\"target\":[\"https:\\\/\\\/visites.caviar-de-neuvic.com\\\/produit\\\/carte-cadeau-dejeuner-au-domaine\\\/\"]}]},{\"@type\":\"ImageObject\",\"inLanguage\":\"fr-FR\",\"@id\":\"https:\\\/\\\/visites.caviar-de-neuvic.com\\\/produit\\\/carte-cadeau-dejeuner-au-domaine\\\/#primaryimage\",\"url\":\"https:\\\/\\\/visites.caviar-de-neuvic.com\\\/wp-content\\\/uploads\\\/2025\\\/03\\\/menu-printemps.jpg\",\"contentUrl\":\"https:\\\/\\\/visites.caviar-de-neuvic.com\\\/wp-content\\\/uploads\\\/2025\\\/03\\\/menu-printemps.jpg\",\"width\":500,\"height\":500,\"caption\":\"menu du printemps\"},{\"@type\":\"BreadcrumbList\",\"@id\":\"https:\\\/\\\/visites.caviar-de-neuvic.com\\\/produit\\\/carte-cadeau-dejeuner-au-domaine\\\/#breadcrumb\",\"itemListElement\":[{\"@type\":\"ListItem\",\"position\":1,\"name\":\"Accueil\",\"item\":\"https:\\\/\\\/visites.caviar-de-neuvic.com\\\/\"},{\"@type\":\"ListItem\",\"position\":2,\"name\":\"Boutique\",\"item\":\"https:\\\/\\\/visites.caviar-de-neuvic.com\\\/fr\\\/boutique\\\/\"},{\"@type\":\"ListItem\",\"position\":3,\"name\":\"Carte Cadeau : D\u00e9jeuner au domaine\"}]},{\"@type\":\"WebSite\",\"@id\":\"https:\\\/\\\/visites.caviar-de-neuvic.com\\\/fr\\\/#website\",\"url\":\"https:\\\/\\\/visites.caviar-de-neuvic.com\\\/fr\\\/\",\"name\":\"Caviar de Neuvic - Visites\",\"description\":\"\",\"potentialAction\":[{\"@type\":\"SearchAction\",\"target\":{\"@type\":\"EntryPoint\",\"urlTemplate\":\"https:\\\/\\\/visites.caviar-de-neuvic.com\\\/fr\\\/?s={search_term_string}\"},\"query-input\":{\"@type\":\"PropertyValueSpecification\",\"valueRequired\":true,\"valueName\":\"search_term_string\"}}],\"inLanguage\":\"fr-FR\"}]}<\/script>\n<!-- \/ Yoast SEO plugin. -->","yoast_head_json":{"title":"[:fr]Carte Cadeau : D\u00e9jeuner au domaine[:en]Gift card : Lunch at the domain[:] - Caviar de Neuvic - Visites","robots":{"index":"index","follow":"follow","max-snippet":"max-snippet:-1","max-image-preview":"max-image-preview:large","max-video-preview":"max-video-preview:-1"},"canonical":"https:\/\/visites.caviar-de-neuvic.com\/produit\/carte-cadeau-dejeuner-au-domaine\/","og_locale":"fr_FR","og_type":"article","og_title":"[:fr]Carte Cadeau : D\u00e9jeuner au domaine[:en]Gift card : Lunch at the domain[:] - Caviar de Neuvic - Visites","og_description":"[:fr]D\u00e9gustez une gastronomie de c\u0153ur et de r\u00e9gion accompagn\u00e9e de son caviar producteur.[:en]Taste a hearty and regional gastronomy served with its producer's caviar.[:]","og_url":"https:\/\/visites.caviar-de-neuvic.com\/produit\/carte-cadeau-dejeuner-au-domaine\/","og_site_name":"Caviar de Neuvic - Visites","article_modified_time":"2025-12-09T10:05:33+00:00","og_image":[{"width":500,"height":500,"url":"https:\/\/visites.caviar-de-neuvic.com\/wp-content\/uploads\/2025\/03\/menu-printemps.jpg","type":"image\/jpeg"}],"twitter_card":"summary_large_image","twitter_misc":{"Dur\u00e9e de lecture estim\u00e9e":"1 minute"},"schema":{"@context":"https:\/\/schema.org","@graph":[{"@type":"WebPage","@id":"https:\/\/visites.caviar-de-neuvic.com\/produit\/carte-cadeau-dejeuner-au-domaine\/","url":"https:\/\/visites.caviar-de-neuvic.com\/produit\/carte-cadeau-dejeuner-au-domaine\/","name":"[:fr]Carte Cadeau : D\u00e9jeuner au domaine[:en]Gift card : Lunch at the domain[:] - Caviar de Neuvic - Visites","isPartOf":{"@id":"https:\/\/visites.caviar-de-neuvic.com\/fr\/#website"},"primaryImageOfPage":{"@id":"https:\/\/visites.caviar-de-neuvic.com\/produit\/carte-cadeau-dejeuner-au-domaine\/#primaryimage"},"image":{"@id":"https:\/\/visites.caviar-de-neuvic.com\/produit\/carte-cadeau-dejeuner-au-domaine\/#primaryimage"},"thumbnailUrl":"https:\/\/visites.caviar-de-neuvic.com\/wp-content\/uploads\/2025\/03\/menu-printemps.jpg","datePublished":"2024-12-06T13:06:20+00:00","dateModified":"2025-12-09T10:05:33+00:00","breadcrumb":{"@id":"https:\/\/visites.caviar-de-neuvic.com\/produit\/carte-cadeau-dejeuner-au-domaine\/#breadcrumb"},"inLanguage":"fr-FR","potentialAction":[{"@type":"ReadAction","target":["https:\/\/visites.caviar-de-neuvic.com\/produit\/carte-cadeau-dejeuner-au-domaine\/"]}]},{"@type":"ImageObject","inLanguage":"fr-FR","@id":"https:\/\/visites.caviar-de-neuvic.com\/produit\/carte-cadeau-dejeuner-au-domaine\/#primaryimage","url":"https:\/\/visites.caviar-de-neuvic.com\/wp-content\/uploads\/2025\/03\/menu-printemps.jpg","contentUrl":"https:\/\/visites.caviar-de-neuvic.com\/wp-content\/uploads\/2025\/03\/menu-printemps.jpg","width":500,"height":500,"caption":"menu du printemps"},{"@type":"BreadcrumbList","@id":"https:\/\/visites.caviar-de-neuvic.com\/produit\/carte-cadeau-dejeuner-au-domaine\/#breadcrumb","itemListElement":[{"@type":"ListItem","position":1,"name":"Accueil","item":"https:\/\/visites.caviar-de-neuvic.com\/"},{"@type":"ListItem","position":2,"name":"Boutique","item":"https:\/\/visites.caviar-de-neuvic.com\/fr\/boutique\/"},{"@type":"ListItem","position":3,"name":"Carte Cadeau : D\u00e9jeuner au domaine"}]},{"@type":"WebSite","@id":"https:\/\/visites.caviar-de-neuvic.com\/fr\/#website","url":"https:\/\/visites.caviar-de-neuvic.com\/fr\/","name":"Caviar de Neuvic - Visites","description":"","potentialAction":[{"@type":"SearchAction","target":{"@type":"EntryPoint","urlTemplate":"https:\/\/visites.caviar-de-neuvic.com\/fr\/?s={search_term_string}"},"query-input":{"@type":"PropertyValueSpecification","valueRequired":true,"valueName":"search_term_string"}}],"inLanguage":"fr-FR"}]}},"_links":{"self":[{"href":"https:\/\/visites.caviar-de-neuvic.com\/fr\/wp-json\/wp\/v2\/product\/5784","targetHints":{"allow":["GET"]}}],"collection":[{"href":"https:\/\/visites.caviar-de-neuvic.com\/fr\/wp-json\/wp\/v2\/product"}],"about":[{"href":"https:\/\/visites.caviar-de-neuvic.com\/fr\/wp-json\/wp\/v2\/types\/product"}],"replies":[{"embeddable":true,"href":"https:\/\/visites.caviar-de-neuvic.com\/fr\/wp-json\/wp\/v2\/comments?post=5784"}],"wp:featuredmedia":[{"embeddable":true,"href":"https:\/\/visites.caviar-de-neuvic.com\/fr\/wp-json\/wp\/v2\/media\/6587"}],"wp:attachment":[{"href":"https:\/\/visites.caviar-de-neuvic.com\/fr\/wp-json\/wp\/v2\/media?parent=5784"}],"wp:term":[{"taxonomy":"product_brand","embeddable":true,"href":"https:\/\/visites.caviar-de-neuvic.com\/fr\/wp-json\/wp\/v2\/product_brand?post=5784"},{"taxonomy":"product_cat","embeddable":true,"href":"https:\/\/visites.caviar-de-neuvic.com\/fr\/wp-json\/wp\/v2\/product_cat?post=5784"},{"taxonomy":"product_tag","embeddable":true,"href":"https:\/\/visites.caviar-de-neuvic.com\/fr\/wp-json\/wp\/v2\/product_tag?post=5784"}],"curies":[{"name":"wp","href":"https:\/\/api.w.org\/{rel}","templated":true}]}}